{"id":4163,"date":"2025-04-27T16:46:44","date_gmt":"2025-04-27T08:46:44","guid":{"rendered":"https:\/\/www.hitekenergy.com\/?post_type=product&#038;p=4163"},"modified":"2025-09-12T14:30:45","modified_gmt":"2025-09-12T06:30:45","slug":"51-2v-280ah-hv-rack-mounted-battery","status":"publish","type":"product","link":"https:\/\/www.hitekenergy.com\/de\/lithium-battery\/51-2v-280ah-hv-rack-mounted-battery\/","title":{"rendered":"51.2V 280AH HV Rack montierte Batterie"},"content":{"rendered":"<h2>Warum HITEK ENERGY w\u00e4hlen?<\/h2>\n<p>&nbsp;<\/p>\n<p><span style=\"color: #00ff00;\">\u2714<\/span>\u00a0Branchenf\u00fchrende Effizienz \u2014 Advanced MPPT &amp; Hybrid-Wechselrichtertechnologie<\/p>\n<p><span style=\"color: #00ff00;\">\u2714<\/span>\u00a0Zuverl\u00e4ssige Stromversorgung rund um die Uhr \u2013 nahtloser \u00dcbergang zwischen Energiequellen<\/p>\n<p><span style=\"color: #00ff00;\">\u2714<\/span>\u00a0Niedrige Wartung &amp; Langlebig \u2014 Premium-Lithiumbatterien mit einer Lebensdauer von 10 Jahren<\/p>\n<p><span style=\"color: #00ff00;\">\u2714<\/span>\u00a0Intelligentes Energiemanagement \u2014 Echtzeit\u00fcberwachung &amp; adaptive Leistung<\/p>\n<p>&nbsp;<\/p>\n<p>Bei HITEK ENERGY ist Ihre Zufriedenheit unsere oberste Priorit\u00e4t. Wir verwenden nur zuverl\u00e4ssige zugelassene Solarausr\u00fcstungen.<\/p>\n<h2><\/h2>\n<p><img fetchpriority=\"high\" decoding=\"async\" class=\"aligncenter wp-image-5509 size-full\" src=\"https:\/\/www.hitekenergy.com\/wp-content\/uploads\/2025\/09\/case-1.jpg\" alt=\"\" width=\"1360\" height=\"446\" srcset=\"https:\/\/www.hitekenergy.com\/wp-content\/uploads\/2025\/09\/case-1.jpg 1360w, https:\/\/www.hitekenergy.com\/wp-content\/uploads\/2025\/09\/case-1-300x98.jpg 300w, https:\/\/www.hitekenergy.com\/wp-content\/uploads\/2025\/09\/case-1-1024x336.jpg 1024w, https:\/\/www.hitekenergy.com\/wp-content\/uploads\/2025\/09\/case-1-768x252.jpg 768w, https:\/\/www.hitekenergy.com\/wp-content\/uploads\/2025\/09\/case-1-18x6.jpg 18w, https:\/\/www.hitekenergy.com\/wp-content\/uploads\/2025\/09\/case-1-600x197.jpg 600w\" sizes=\"(max-width: 1360px) 100vw, 1360px\" \/><\/p>\n<p><img decoding=\"async\" class=\"aligncenter wp-image-5508 size-full\" src=\"https:\/\/www.hitekenergy.com\/wp-content\/uploads\/2025\/09\/case-2.jpg\" alt=\"\" width=\"1360\" height=\"434\" srcset=\"https:\/\/www.hitekenergy.com\/wp-content\/uploads\/2025\/09\/case-2.jpg 1360w, https:\/\/www.hitekenergy.com\/wp-content\/uploads\/2025\/09\/case-2-300x96.jpg 300w, https:\/\/www.hitekenergy.com\/wp-content\/uploads\/2025\/09\/case-2-1024x327.jpg 1024w, https:\/\/www.hitekenergy.com\/wp-content\/uploads\/2025\/09\/case-2-768x245.jpg 768w, https:\/\/www.hitekenergy.com\/wp-content\/uploads\/2025\/09\/case-2-18x6.jpg 18w, https:\/\/www.hitekenergy.com\/wp-content\/uploads\/2025\/09\/case-2-600x191.jpg 600w\" sizes=\"(max-width: 1360px) 100vw, 1360px\" \/><\/p>","protected":false},"excerpt":{"rendered":"<p>Why Choose HITEK ENERGY? &nbsp; \u2714\u00a0Industry-Leading Efficiency \u2014\u00a0Advanced MPPT &amp; hybrid inverter technology \u2714\u00a0Reliable 24\/7 Power \u2014\u00a0Seamless transition between energy sources \u2714\u00a0Low Maintenance &amp; Durable \u2014\u00a0Premium lithium batteries with a 10+ year lifespan \u2714\u00a0Smart Energy Management \u2014\u00a0Real-time monitoring &amp; adaptive performance &nbsp; At HITEK ENERGY, your satisfaction is our top priority. We use ONLY Reliable [&hellip;]<\/p>\n","protected":false},"featured_media":4916,"comment_status":"open","ping_status":"closed","template":"","meta":[],"product_brand":[],"product_cat":[28],"product_tag":[],"class_list":{"0":"post-4163","1":"product","2":"type-product","3":"status-publish","4":"has-post-thumbnail","6":"product_cat-lithium-battery","8":"first","9":"instock","10":"shipping-taxable","11":"product-type-simple"},"_links":{"self":[{"href":"https:\/\/www.hitekenergy.com\/de\/wp-json\/wp\/v2\/product\/4163","targetHints":{"allow":["GET"]}}],"collection":[{"href":"https:\/\/www.hitekenergy.com\/de\/wp-json\/wp\/v2\/product"}],"about":[{"href":"https:\/\/www.hitekenergy.com\/de\/wp-json\/wp\/v2\/types\/product"}],"replies":[{"embeddable":true,"href":"https:\/\/www.hitekenergy.com\/de\/wp-json\/wp\/v2\/comments?post=4163"}],"wp:featuredmedia":[{"embeddable":true,"href":"https:\/\/www.hitekenergy.com\/de\/wp-json\/wp\/v2\/media\/4916"}],"wp:attachment":[{"href":"https:\/\/www.hitekenergy.com\/de\/wp-json\/wp\/v2\/media?parent=4163"}],"wp:term":[{"taxonomy":"product_brand","embeddable":true,"href":"https:\/\/www.hitekenergy.com\/de\/wp-json\/wp\/v2\/product_brand?post=4163"},{"taxonomy":"product_cat","embeddable":true,"href":"https:\/\/www.hitekenergy.com\/de\/wp-json\/wp\/v2\/product_cat?post=4163"},{"taxonomy":"product_tag","embeddable":true,"href":"https:\/\/www.hitekenergy.com\/de\/wp-json\/wp\/v2\/product_tag?post=4163"}],"curies":[{"name":"wp","href":"https:\/\/api.w.org\/{rel}","templated":true}]}}