{"id":4952,"date":"2025-06-24T09:55:53","date_gmt":"2025-06-24T01:55:53","guid":{"rendered":"https:\/\/www.hitekenergy.com\/?post_type=product&#038;p=4952"},"modified":"2025-09-17T18:06:43","modified_gmt":"2025-09-17T10:06:43","slug":"500kw-1mwh-battery-energy-storage-system","status":"publish","type":"product","link":"https:\/\/www.hitekenergy.com\/de\/ci-energy-storage-system\/500kw-1mwh-battery-energy-storage-system\/","title":{"rendered":"500KW 1MWH Batterie Energiespeichersystem"},"content":{"rendered":"<h2><span style=\"color: #000000;\">Warum HITEK ENERGY w\u00e4hlen?<\/span><\/h2>\n<p><span style=\"color: #00ff00;\">\u2714<\/span>\u00a0Branchenf\u00fchrende Effizienz \u2014 Advanced MPPT &amp; Hybrid-Wechselrichtertechnologie<\/p>\n<p><span style=\"color: #00ff00;\">\u2714\u00a0<\/span>Zuverl\u00e4ssige Stromversorgung rund um die Uhr \u2013 nahtloser \u00dcbergang zwischen Energiequellen<\/p>\n<p><span style=\"color: #00ff00;\">\u2714<\/span>\u00a0Niedrige Wartung &amp; Langlebig \u2014 Premium-Lithiumbatterien mit einer Lebensdauer von 10 Jahren<\/p>\n<p><span style=\"color: #00ff00;\">\u2714<\/span>\u00a0Intelligentes Energiemanagement \u2014 Echtzeit\u00fcberwachung &amp; adaptive Leistung<\/p>\n<p>&nbsp;<\/p>\n<p>Bei HITEK ENERGY ist Ihre Zufriedenheit unsere oberste Priorit\u00e4t. Wir verwenden nur zuverl\u00e4ssige zugelassene Solarausr\u00fcstungen.<\/p>\n<p>&nbsp;<\/p>\n<p><img fetchpriority=\"high\" decoding=\"async\" class=\"aligncenter wp-image-5509 size-full\" src=\"https:\/\/www.hitekenergy.com\/wp-content\/uploads\/2025\/09\/case-1.jpg\" alt=\"\" width=\"1360\" height=\"446\" srcset=\"https:\/\/www.hitekenergy.com\/wp-content\/uploads\/2025\/09\/case-1.jpg 1360w, https:\/\/www.hitekenergy.com\/wp-content\/uploads\/2025\/09\/case-1-300x98.jpg 300w, https:\/\/www.hitekenergy.com\/wp-content\/uploads\/2025\/09\/case-1-1024x336.jpg 1024w, https:\/\/www.hitekenergy.com\/wp-content\/uploads\/2025\/09\/case-1-768x252.jpg 768w, https:\/\/www.hitekenergy.com\/wp-content\/uploads\/2025\/09\/case-1-18x6.jpg 18w, https:\/\/www.hitekenergy.com\/wp-content\/uploads\/2025\/09\/case-1-600x197.jpg 600w\" sizes=\"(max-width: 1360px) 100vw, 1360px\" \/><\/p>\n<p><img decoding=\"async\" class=\"aligncenter wp-image-5508 size-full\" src=\"https:\/\/www.hitekenergy.com\/wp-content\/uploads\/2025\/09\/case-2.jpg\" alt=\"\" width=\"1360\" height=\"434\" srcset=\"https:\/\/www.hitekenergy.com\/wp-content\/uploads\/2025\/09\/case-2.jpg 1360w, https:\/\/www.hitekenergy.com\/wp-content\/uploads\/2025\/09\/case-2-300x96.jpg 300w, https:\/\/www.hitekenergy.com\/wp-content\/uploads\/2025\/09\/case-2-1024x327.jpg 1024w, https:\/\/www.hitekenergy.com\/wp-content\/uploads\/2025\/09\/case-2-768x245.jpg 768w, https:\/\/www.hitekenergy.com\/wp-content\/uploads\/2025\/09\/case-2-18x6.jpg 18w, https:\/\/www.hitekenergy.com\/wp-content\/uploads\/2025\/09\/case-2-600x191.jpg 600w\" sizes=\"(max-width: 1360px) 100vw, 1360px\" \/><\/p>\n<p>&nbsp;<\/p>\n<p>&nbsp;<\/p>","protected":false},"excerpt":{"rendered":"<p>Why Choose HITEK ENERGY? \u2714\u00a0Industry-Leading Efficiency \u2014\u00a0Advanced MPPT &amp; hybrid inverter technology \u2714\u00a0Reliable 24\/7 Power \u2014\u00a0Seamless transition between energy sources \u2714\u00a0Low Maintenance &amp; Durable \u2014\u00a0Premium lithium batteries with a 10+ year lifespan \u2714\u00a0Smart Energy Management \u2014\u00a0Real-time monitoring &amp; adaptive performance &nbsp; At HITEK ENERGY, your satisfaction is our top priority. We use ONLY Reliable Approved [&hellip;]<\/p>\n","protected":false},"featured_media":4957,"comment_status":"closed","ping_status":"closed","template":"","meta":[],"product_brand":[],"product_cat":[16],"product_tag":[],"class_list":{"0":"post-4952","1":"product","2":"type-product","3":"status-publish","4":"has-post-thumbnail","6":"product_cat-ci-energy-storage-system","8":"first","9":"instock","10":"shipping-taxable","11":"product-type-simple"},"_links":{"self":[{"href":"https:\/\/www.hitekenergy.com\/de\/wp-json\/wp\/v2\/product\/4952","targetHints":{"allow":["GET"]}}],"collection":[{"href":"https:\/\/www.hitekenergy.com\/de\/wp-json\/wp\/v2\/product"}],"about":[{"href":"https:\/\/www.hitekenergy.com\/de\/wp-json\/wp\/v2\/types\/product"}],"replies":[{"embeddable":true,"href":"https:\/\/www.hitekenergy.com\/de\/wp-json\/wp\/v2\/comments?post=4952"}],"wp:featuredmedia":[{"embeddable":true,"href":"https:\/\/www.hitekenergy.com\/de\/wp-json\/wp\/v2\/media\/4957"}],"wp:attachment":[{"href":"https:\/\/www.hitekenergy.com\/de\/wp-json\/wp\/v2\/media?parent=4952"}],"wp:term":[{"taxonomy":"product_brand","embeddable":true,"href":"https:\/\/www.hitekenergy.com\/de\/wp-json\/wp\/v2\/product_brand?post=4952"},{"taxonomy":"product_cat","embeddable":true,"href":"https:\/\/www.hitekenergy.com\/de\/wp-json\/wp\/v2\/product_cat?post=4952"},{"taxonomy":"product_tag","embeddable":true,"href":"https:\/\/www.hitekenergy.com\/de\/wp-json\/wp\/v2\/product_tag?post=4952"}],"curies":[{"name":"wp","href":"https:\/\/api.w.org\/{rel}","templated":true}]}}