{"id":5523,"date":"2025-09-01T18:34:16","date_gmt":"2025-09-01T10:34:16","guid":{"rendered":"https:\/\/www.hitekenergy.com\/?post_type=product&#038;p=5523"},"modified":"2026-03-20T14:45:43","modified_gmt":"2026-03-20T06:45:43","slug":"n-type-600watt-solar-panel","status":"publish","type":"product","link":"https:\/\/www.hitekenergy.com\/de\/solar-panel\/n-type-600watt-solar-panel\/","title":{"rendered":"N Typ 600Watt Solarpanel"},"content":{"rendered":"<h2>Warum HITEK ENERGY w\u00e4hlen?<\/h2>\n<p><span style=\"color: #00ff00;\">\u2714<\/span>\u00a0Kundenorientiert<\/p>\n<p>Wir beginnen mit Zuh\u00f6ren \u2013 denn Ihre Energie-Herausforderungen treiben unsere Innovationen voran.<\/p>\n<p><span style=\"color: #00ff00;\">\u2714<\/span>\u00a0Unabh\u00e4ngige Zuverl\u00e4ssigkeit<\/p>\n<p>Jedes System, das wir anbieten, muss Ihre Erwartungen \u00fcbertreffen, nicht nur die Garantie.<\/p>\n<p><span style=\"color: #00ff00;\">\u2714<\/span>\u00a0Nachhaltiger Grit<\/p>\n<p>Saubere Energie ist kein Trend. Es ist unsere Verantwortung gegen\u00fcber den zuk\u00fcnftigen Generationen.<\/p>\n<p>&nbsp;<\/p>\n<p>Bei HITEK ENERGY ist Ihre Zufriedenheit unsere oberste Priorit\u00e4t. Wir verwenden nur zuverl\u00e4ssige zugelassene Solarausr\u00fcstungen.<\/p>\n<p>&nbsp;<\/p>\n<p>HITEK ENERGY TOPCon Solarpanele bieten h\u00f6chste Effizienz zusammen mit au\u00dfergew\u00f6hnlicher Haltbarkeit und verbesserter F\u00e4higkeit, Licht unter dunklen Bedingungen zu absorbieren, was sie zur optimalen Wahl f\u00fcr Solarenergiel\u00f6sungen macht. Investitionen in die Technologie TOPCon schaffen durch den steigenden Nachhaltigkeitsbedarf langfristige wirtschaftliche und \u00f6kologische Vorteile.<\/p>\n<p>HITEK ENERGY pr\u00e4sentiert erstklassige TOPCon-Solarpaneele f\u00fcr Solarpaneell\u00f6sungen f\u00fcr Unternehmen und Wohnh\u00e4user, bei denen die Leistung die Haltbarkeitsanforderungen erf\u00fcllt.<\/p>\n<p>&nbsp;<\/p>\n<h2><span style=\"color: #000000;\">Solarpanel Produktionslinie<\/span><\/h2>\n<p><img fetchpriority=\"high\" decoding=\"async\" class=\"size-full wp-image-5779\" src=\"https:\/\/www.hitekenergy.com\/wp-content\/uploads\/2025\/09\/HITEK-Energy-Solar-Panel-Production-Line-1.jpg\" alt=\"HITEK-Energie-Solarpanel-Produktionslinie\" width=\"1920\" height=\"1440\" srcset=\"https:\/\/www.hitekenergy.com\/wp-content\/uploads\/2025\/09\/HITEK-Energy-Solar-Panel-Production-Line-1.jpg 1920w, https:\/\/www.hitekenergy.com\/wp-content\/uploads\/2025\/09\/HITEK-Energy-Solar-Panel-Production-Line-1-300x225.jpg 300w, https:\/\/www.hitekenergy.com\/wp-content\/uploads\/2025\/09\/HITEK-Energy-Solar-Panel-Production-Line-1-1024x768.jpg 1024w, https:\/\/www.hitekenergy.com\/wp-content\/uploads\/2025\/09\/HITEK-Energy-Solar-Panel-Production-Line-1-768x576.jpg 768w, https:\/\/www.hitekenergy.com\/wp-content\/uploads\/2025\/09\/HITEK-Energy-Solar-Panel-Production-Line-1-1536x1152.jpg 1536w, https:\/\/www.hitekenergy.com\/wp-content\/uploads\/2025\/09\/HITEK-Energy-Solar-Panel-Production-Line-1-16x12.jpg 16w, https:\/\/www.hitekenergy.com\/wp-content\/uploads\/2025\/09\/HITEK-Energy-Solar-Panel-Production-Line-1-600x450.jpg 600w\" sizes=\"(max-width: 1920px) 100vw, 1920px\" \/><\/p>\n<h2><span style=\"color: #000000;\">DETAILED &amp; Echte Pakete PICS<\/span><\/h2>\n<p><img decoding=\"async\" class=\"size-full wp-image-5772\" src=\"https:\/\/www.hitekenergy.com\/wp-content\/uploads\/2025\/09\/HITEK-ENERGY-Solar-Panels-Package2.jpg\" alt=\"HITEK-ENERGY-Solarpanele-Paket\" width=\"1920\" height=\"1440\" srcset=\"https:\/\/www.hitekenergy.com\/wp-content\/uploads\/2025\/09\/HITEK-ENERGY-Solar-Panels-Package2.jpg 1920w, https:\/\/www.hitekenergy.com\/wp-content\/uploads\/2025\/09\/HITEK-ENERGY-Solar-Panels-Package2-300x225.jpg 300w, https:\/\/www.hitekenergy.com\/wp-content\/uploads\/2025\/09\/HITEK-ENERGY-Solar-Panels-Package2-1024x768.jpg 1024w, https:\/\/www.hitekenergy.com\/wp-content\/uploads\/2025\/09\/HITEK-ENERGY-Solar-Panels-Package2-768x576.jpg 768w, https:\/\/www.hitekenergy.com\/wp-content\/uploads\/2025\/09\/HITEK-ENERGY-Solar-Panels-Package2-1536x1152.jpg 1536w, https:\/\/www.hitekenergy.com\/wp-content\/uploads\/2025\/09\/HITEK-ENERGY-Solar-Panels-Package2-16x12.jpg 16w, https:\/\/www.hitekenergy.com\/wp-content\/uploads\/2025\/09\/HITEK-ENERGY-Solar-Panels-Package2-600x450.jpg 600w\" sizes=\"(max-width: 1920px) 100vw, 1920px\" \/><\/p>\n<h2><span style=\"color: #000000;\">HITEK Erfolgreiche F\u00e4lle<\/span><\/h2>\n<p><img decoding=\"async\" class=\"size-full wp-image-5777\" src=\"https:\/\/www.hitekenergy.com\/wp-content\/uploads\/2025\/09\/HITEK-ENERGY-Solar-Panel-Project2-3.jpg\" alt=\"HITEK ENERGY Solarpanelprojekt\" width=\"1920\" height=\"1440\" srcset=\"https:\/\/www.hitekenergy.com\/wp-content\/uploads\/2025\/09\/HITEK-ENERGY-Solar-Panel-Project2-3.jpg 1920w, https:\/\/www.hitekenergy.com\/wp-content\/uploads\/2025\/09\/HITEK-ENERGY-Solar-Panel-Project2-3-300x225.jpg 300w, https:\/\/www.hitekenergy.com\/wp-content\/uploads\/2025\/09\/HITEK-ENERGY-Solar-Panel-Project2-3-1024x768.jpg 1024w, https:\/\/www.hitekenergy.com\/wp-content\/uploads\/2025\/09\/HITEK-ENERGY-Solar-Panel-Project2-3-768x576.jpg 768w, https:\/\/www.hitekenergy.com\/wp-content\/uploads\/2025\/09\/HITEK-ENERGY-Solar-Panel-Project2-3-1536x1152.jpg 1536w, https:\/\/www.hitekenergy.com\/wp-content\/uploads\/2025\/09\/HITEK-ENERGY-Solar-Panel-Project2-3-16x12.jpg 16w, https:\/\/www.hitekenergy.com\/wp-content\/uploads\/2025\/09\/HITEK-ENERGY-Solar-Panel-Project2-3-600x450.jpg 600w\" sizes=\"(max-width: 1920px) 100vw, 1920px\" \/><\/p>\n<p>&nbsp;<\/p>\n<p>&nbsp;<\/p>\n<p>&nbsp;<\/p>","protected":false},"excerpt":{"rendered":"<p>HITEK ENERGY TOPCon Solarzellen sind eine Weiterentwicklung der weit verbreiteten passivierten Emitter- und R\u00fcckkontakt-Technologie (PERC). Mit \u00fcberlegener Passivierung und verbessertem Elektronenfluss verbessert die TOPCon-Technologie die Energieumwandlungseffizienz und reduziert Verluste und positioniert sich als PV-Technologie der n\u00e4chsten Generation.<\/p>\n<h2>Was ist TOPCon Technologie?<\/h2>\n<p>TOPCon, Abk\u00fcrzung f\u00fcr Tunnel Oxide Passivated Contact, ist eine hocheffiziente Solarzellentechnologie, die eine ultrad\u00fcnne Oxidschicht verwendet, um den elektrischen Kontakt und die Energieumwandlung zu verbessern, was herk\u00f6mmliche Solarzellen \u00fcbertrifft.<\/p>\n<p>Durch die Kombination der St\u00e4rken von PERC und Heterojunction Technologien ohne ihre Einschr\u00e4nkungen erzielt TOPCon h\u00f6here Effizienzen von \u00fcber 22% im Vergleich zu PERC 18-19%.<\/p>","protected":false},"featured_media":5525,"comment_status":"closed","ping_status":"closed","template":"","meta":[],"product_brand":[],"product_cat":[51],"product_tag":[],"class_list":{"0":"post-5523","1":"product","2":"type-product","3":"status-publish","4":"has-post-thumbnail","6":"product_cat-solar-panel","8":"first","9":"instock","10":"shipping-taxable","11":"product-type-simple"},"_links":{"self":[{"href":"https:\/\/www.hitekenergy.com\/de\/wp-json\/wp\/v2\/product\/5523","targetHints":{"allow":["GET"]}}],"collection":[{"href":"https:\/\/www.hitekenergy.com\/de\/wp-json\/wp\/v2\/product"}],"about":[{"href":"https:\/\/www.hitekenergy.com\/de\/wp-json\/wp\/v2\/types\/product"}],"replies":[{"embeddable":true,"href":"https:\/\/www.hitekenergy.com\/de\/wp-json\/wp\/v2\/comments?post=5523"}],"wp:featuredmedia":[{"embeddable":true,"href":"https:\/\/www.hitekenergy.com\/de\/wp-json\/wp\/v2\/media\/5525"}],"wp:attachment":[{"href":"https:\/\/www.hitekenergy.com\/de\/wp-json\/wp\/v2\/media?parent=5523"}],"wp:term":[{"taxonomy":"product_brand","embeddable":true,"href":"https:\/\/www.hitekenergy.com\/de\/wp-json\/wp\/v2\/product_brand?post=5523"},{"taxonomy":"product_cat","embeddable":true,"href":"https:\/\/www.hitekenergy.com\/de\/wp-json\/wp\/v2\/product_cat?post=5523"},{"taxonomy":"product_tag","embeddable":true,"href":"https:\/\/www.hitekenergy.com\/de\/wp-json\/wp\/v2\/product_tag?post=5523"}],"curies":[{"name":"wp","href":"https:\/\/api.w.org\/{rel}","templated":true}]}}