{"id":5597,"date":"2025-09-02T18:34:53","date_gmt":"2025-09-02T10:34:53","guid":{"rendered":"https:\/\/www.hitekenergy.com\/?post_type=product&#038;p=5597"},"modified":"2025-09-12T13:31:09","modified_gmt":"2025-09-12T05:31:09","slug":"51-2v-314ah-hv-lithium-battery","status":"publish","type":"product","link":"https:\/\/www.hitekenergy.com\/de\/lithium-battery\/51-2v-314ah-hv-lithium-battery\/","title":{"rendered":"51.2V 314AH HV Lithiumbatterie"},"content":{"rendered":"<h2>HITEKESS BATTERIE Echte Fotos<\/h2>\n<p><img fetchpriority=\"high\" decoding=\"async\" class=\"aligncenter wp-image-5592 size-full\" src=\"https:\/\/www.hitekenergy.com\/wp-content\/uploads\/2025\/09\/BATTERTY-DETAILS-1.jpg\" alt=\"\" width=\"1200\" height=\"378\" srcset=\"https:\/\/www.hitekenergy.com\/wp-content\/uploads\/2025\/09\/BATTERTY-DETAILS-1.jpg 1200w, https:\/\/www.hitekenergy.com\/wp-content\/uploads\/2025\/09\/BATTERTY-DETAILS-1-300x95.jpg 300w, https:\/\/www.hitekenergy.com\/wp-content\/uploads\/2025\/09\/BATTERTY-DETAILS-1-1024x323.jpg 1024w, https:\/\/www.hitekenergy.com\/wp-content\/uploads\/2025\/09\/BATTERTY-DETAILS-1-768x242.jpg 768w, https:\/\/www.hitekenergy.com\/wp-content\/uploads\/2025\/09\/BATTERTY-DETAILS-1-18x6.jpg 18w, https:\/\/www.hitekenergy.com\/wp-content\/uploads\/2025\/09\/BATTERTY-DETAILS-1-600x189.jpg 600w\" sizes=\"(max-width: 1200px) 100vw, 1200px\" \/><\/p>\n<p><img decoding=\"async\" class=\"aligncenter wp-image-5593 size-full\" src=\"https:\/\/www.hitekenergy.com\/wp-content\/uploads\/2025\/09\/BATTERTY-DETAILS-2.jpg\" alt=\"\" width=\"1200\" height=\"367\" srcset=\"https:\/\/www.hitekenergy.com\/wp-content\/uploads\/2025\/09\/BATTERTY-DETAILS-2.jpg 1200w, https:\/\/www.hitekenergy.com\/wp-content\/uploads\/2025\/09\/BATTERTY-DETAILS-2-300x92.jpg 300w, https:\/\/www.hitekenergy.com\/wp-content\/uploads\/2025\/09\/BATTERTY-DETAILS-2-1024x313.jpg 1024w, https:\/\/www.hitekenergy.com\/wp-content\/uploads\/2025\/09\/BATTERTY-DETAILS-2-768x235.jpg 768w, https:\/\/www.hitekenergy.com\/wp-content\/uploads\/2025\/09\/BATTERTY-DETAILS-2-18x6.jpg 18w, https:\/\/www.hitekenergy.com\/wp-content\/uploads\/2025\/09\/BATTERTY-DETAILS-2-600x184.jpg 600w\" sizes=\"(max-width: 1200px) 100vw, 1200px\" \/><\/p>\n<p><img decoding=\"async\" class=\"aligncenter wp-image-5594 size-full\" src=\"https:\/\/www.hitekenergy.com\/wp-content\/uploads\/2025\/09\/BATTERTY-DETAILS-3.jpg\" alt=\"\" width=\"1200\" height=\"377\" srcset=\"https:\/\/www.hitekenergy.com\/wp-content\/uploads\/2025\/09\/BATTERTY-DETAILS-3.jpg 1200w, https:\/\/www.hitekenergy.com\/wp-content\/uploads\/2025\/09\/BATTERTY-DETAILS-3-300x94.jpg 300w, https:\/\/www.hitekenergy.com\/wp-content\/uploads\/2025\/09\/BATTERTY-DETAILS-3-1024x322.jpg 1024w, https:\/\/www.hitekenergy.com\/wp-content\/uploads\/2025\/09\/BATTERTY-DETAILS-3-768x241.jpg 768w, https:\/\/www.hitekenergy.com\/wp-content\/uploads\/2025\/09\/BATTERTY-DETAILS-3-18x6.jpg 18w, https:\/\/www.hitekenergy.com\/wp-content\/uploads\/2025\/09\/BATTERTY-DETAILS-3-600x189.jpg 600w\" sizes=\"(max-width: 1200px) 100vw, 1200px\" \/><\/p>\n<p>&nbsp;<\/p>\n<h2>Kompatible lnverter Marken<\/h2>\n<p><img loading=\"lazy\" decoding=\"async\" class=\"aligncenter wp-image-5595 size-full\" src=\"https:\/\/www.hitekenergy.com\/wp-content\/uploads\/2025\/09\/Compatible-Inverter-Brands-List.jpg\" alt=\"\" width=\"1360\" height=\"851\" srcset=\"https:\/\/www.hitekenergy.com\/wp-content\/uploads\/2025\/09\/Compatible-Inverter-Brands-List.jpg 1360w, https:\/\/www.hitekenergy.com\/wp-content\/uploads\/2025\/09\/Compatible-Inverter-Brands-List-300x188.jpg 300w, https:\/\/www.hitekenergy.com\/wp-content\/uploads\/2025\/09\/Compatible-Inverter-Brands-List-1024x641.jpg 1024w, https:\/\/www.hitekenergy.com\/wp-content\/uploads\/2025\/09\/Compatible-Inverter-Brands-List-768x481.jpg 768w, https:\/\/www.hitekenergy.com\/wp-content\/uploads\/2025\/09\/Compatible-Inverter-Brands-List-18x12.jpg 18w, https:\/\/www.hitekenergy.com\/wp-content\/uploads\/2025\/09\/Compatible-Inverter-Brands-List-600x375.jpg 600w\" sizes=\"(max-width: 1360px) 100vw, 1360px\" \/><\/p>\n<p>&nbsp;<\/p>\n<p><img loading=\"lazy\" decoding=\"async\" class=\"aligncenter wp-image-5509 size-full\" src=\"https:\/\/www.hitekenergy.com\/wp-content\/uploads\/2025\/09\/case-1.jpg\" alt=\"\" width=\"1360\" height=\"446\" srcset=\"https:\/\/www.hitekenergy.com\/wp-content\/uploads\/2025\/09\/case-1.jpg 1360w, https:\/\/www.hitekenergy.com\/wp-content\/uploads\/2025\/09\/case-1-300x98.jpg 300w, https:\/\/www.hitekenergy.com\/wp-content\/uploads\/2025\/09\/case-1-1024x336.jpg 1024w, https:\/\/www.hitekenergy.com\/wp-content\/uploads\/2025\/09\/case-1-768x252.jpg 768w, https:\/\/www.hitekenergy.com\/wp-content\/uploads\/2025\/09\/case-1-18x6.jpg 18w, https:\/\/www.hitekenergy.com\/wp-content\/uploads\/2025\/09\/case-1-600x197.jpg 600w\" sizes=\"(max-width: 1360px) 100vw, 1360px\" \/><\/p>\n<p><img loading=\"lazy\" decoding=\"async\" class=\"aligncenter wp-image-5508 size-full\" src=\"https:\/\/www.hitekenergy.com\/wp-content\/uploads\/2025\/09\/case-2.jpg\" alt=\"\" width=\"1360\" height=\"434\" srcset=\"https:\/\/www.hitekenergy.com\/wp-content\/uploads\/2025\/09\/case-2.jpg 1360w, https:\/\/www.hitekenergy.com\/wp-content\/uploads\/2025\/09\/case-2-300x96.jpg 300w, https:\/\/www.hitekenergy.com\/wp-content\/uploads\/2025\/09\/case-2-1024x327.jpg 1024w, https:\/\/www.hitekenergy.com\/wp-content\/uploads\/2025\/09\/case-2-768x245.jpg 768w, https:\/\/www.hitekenergy.com\/wp-content\/uploads\/2025\/09\/case-2-18x6.jpg 18w, https:\/\/www.hitekenergy.com\/wp-content\/uploads\/2025\/09\/case-2-600x191.jpg 600w\" sizes=\"(max-width: 1360px) 100vw, 1360px\" \/><\/p>","protected":false},"excerpt":{"rendered":"<p>HITEKESS 51.2V 314Ah Hochspannungs-Lithiumbatteriemodul liefert eine \u00fcberlegene Energiedichte und eine verl\u00e4ngerte Zyklusliebzeit in einem kompakten, Plug-and-Play-Design. Seine fortschrittliche LFP-Chemie (LiFePO4) gew\u00e4hrleistet au\u00dfergew\u00f6hnliche thermische Stabilit\u00e4t und Sicherheit, unterst\u00fctzt durch ein integriertes intelligentes BMS f\u00fcr pr\u00e4zise \u00dcberwachung und Schutz. Dieses robuste Modul ist ideal f\u00fcr kommerzielle und industrielle Solarspeichersysteme, Off-Grid-Stromversorgungen und mittelst\u00e4ndische Backup-Energieanwendungen. Es erm\u00f6glicht eine einfache Skalierbarkeit f\u00fcr Projekte von 60 kWh bis MWh-Anlagen und bietet zuverl\u00e4ssige, stabile langlebige Kraft.<\/p>","protected":false},"featured_media":5598,"comment_status":"open","ping_status":"closed","template":"","meta":[],"product_brand":[],"product_cat":[28],"product_tag":[],"class_list":{"0":"post-5597","1":"product","2":"type-product","3":"status-publish","4":"has-post-thumbnail","6":"product_cat-lithium-battery","8":"first","9":"instock","10":"shipping-taxable","11":"product-type-simple"},"_links":{"self":[{"href":"https:\/\/www.hitekenergy.com\/de\/wp-json\/wp\/v2\/product\/5597","targetHints":{"allow":["GET"]}}],"collection":[{"href":"https:\/\/www.hitekenergy.com\/de\/wp-json\/wp\/v2\/product"}],"about":[{"href":"https:\/\/www.hitekenergy.com\/de\/wp-json\/wp\/v2\/types\/product"}],"replies":[{"embeddable":true,"href":"https:\/\/www.hitekenergy.com\/de\/wp-json\/wp\/v2\/comments?post=5597"}],"wp:featuredmedia":[{"embeddable":true,"href":"https:\/\/www.hitekenergy.com\/de\/wp-json\/wp\/v2\/media\/5598"}],"wp:attachment":[{"href":"https:\/\/www.hitekenergy.com\/de\/wp-json\/wp\/v2\/media?parent=5597"}],"wp:term":[{"taxonomy":"product_brand","embeddable":true,"href":"https:\/\/www.hitekenergy.com\/de\/wp-json\/wp\/v2\/product_brand?post=5597"},{"taxonomy":"product_cat","embeddable":true,"href":"https:\/\/www.hitekenergy.com\/de\/wp-json\/wp\/v2\/product_cat?post=5597"},{"taxonomy":"product_tag","embeddable":true,"href":"https:\/\/www.hitekenergy.com\/de\/wp-json\/wp\/v2\/product_tag?post=5597"}],"curies":[{"name":"wp","href":"https:\/\/api.w.org\/{rel}","templated":true}]}}