{"id":6044,"date":"2025-11-21T13:53:44","date_gmt":"2025-11-21T05:53:44","guid":{"rendered":"https:\/\/www.hitekenergy.com\/?post_type=product&#038;p=6044"},"modified":"2025-11-21T15:07:42","modified_gmt":"2025-11-21T07:07:42","slug":"125kw-solar-inverter-s6-eh3p125k10-nv-yd-h","status":"publish","type":"product","link":"https:\/\/www.hitekenergy.com\/de\/inverter\/125kw-solar-inverter-s6-eh3p125k10-nv-yd-h\/","title":{"rendered":"125KW Solar Inverter S6-EH3P125K10-NV-YD-H"},"content":{"rendered":"<h2>Warum HITEK ENERGY w\u00e4hlen?<\/h2>\n<p><span style=\"color: #00ff00;\">\u2714<\/span>\u00a0Branchenf\u00fchrende Effizienz \u2014 Advanced MPPT &amp; Hybrid-Wechselrichtertechnologie<\/p>\n<p><span style=\"color: #00ff00;\">\u2714<\/span> Zuverl\u00e4ssige Stromversorgung rund um die Uhr \u2013 nahtloser \u00dcbergang zwischen Energiequellen<\/p>\n<p><span style=\"color: #00ff00;\">\u2714<\/span> Niedrige Wartung &amp; Langlebig \u2014 Premium-Lithiumbatterien mit einer Lebensdauer von 10 Jahren<\/p>\n<p><span style=\"color: #00ff00;\">\u2714<\/span> Intelligentes Energiemanagement \u2014 Echtzeit\u00fcberwachung &amp; adaptive Leistung<\/p>\n<p>&nbsp;<\/p>\n<p>Bei HITEK ENERGY ist Ihre Zufriedenheit unsere oberste Priorit\u00e4t. Wir verwenden nur zuverl\u00e4ssige zugelassene Solarausr\u00fcstungen.<\/p>\n<p>&nbsp;<\/p>\n<h2>Detaillierte Fotos<\/h2>\n<p><img fetchpriority=\"high\" decoding=\"async\" class=\"size-full wp-image-6054\" src=\"https:\/\/www.hitekenergy.com\/wp-content\/uploads\/2025\/11\/SOLIS-125KW-Inverter-2-1.jpg\" alt=\"SOLIS 125KW Inverter \" width=\"1920\" height=\"2000\" srcset=\"https:\/\/www.hitekenergy.com\/wp-content\/uploads\/2025\/11\/SOLIS-125KW-Inverter-2-1.jpg 1920w, https:\/\/www.hitekenergy.com\/wp-content\/uploads\/2025\/11\/SOLIS-125KW-Inverter-2-1-288x300.jpg 288w, https:\/\/www.hitekenergy.com\/wp-content\/uploads\/2025\/11\/SOLIS-125KW-Inverter-2-1-983x1024.jpg 983w, https:\/\/www.hitekenergy.com\/wp-content\/uploads\/2025\/11\/SOLIS-125KW-Inverter-2-1-768x800.jpg 768w, https:\/\/www.hitekenergy.com\/wp-content\/uploads\/2025\/11\/SOLIS-125KW-Inverter-2-1-1475x1536.jpg 1475w, https:\/\/www.hitekenergy.com\/wp-content\/uploads\/2025\/11\/SOLIS-125KW-Inverter-2-1-12x12.jpg 12w, https:\/\/www.hitekenergy.com\/wp-content\/uploads\/2025\/11\/SOLIS-125KW-Inverter-2-1-600x625.jpg 600w\" sizes=\"(max-width: 1920px) 100vw, 1920px\" \/><\/p>\n<p><img decoding=\"async\" class=\"size-full wp-image-6049\" src=\"https:\/\/www.hitekenergy.com\/wp-content\/uploads\/2025\/11\/Solis-125kw-inverter-details-1.jpg\" alt=\"Solis 125kw inverter details\" width=\"1920\" height=\"2400\" srcset=\"https:\/\/www.hitekenergy.com\/wp-content\/uploads\/2025\/11\/Solis-125kw-inverter-details-1.jpg 1920w, https:\/\/www.hitekenergy.com\/wp-content\/uploads\/2025\/11\/Solis-125kw-inverter-details-1-240x300.jpg 240w, https:\/\/www.hitekenergy.com\/wp-content\/uploads\/2025\/11\/Solis-125kw-inverter-details-1-819x1024.jpg 819w, https:\/\/www.hitekenergy.com\/wp-content\/uploads\/2025\/11\/Solis-125kw-inverter-details-1-768x960.jpg 768w, https:\/\/www.hitekenergy.com\/wp-content\/uploads\/2025\/11\/Solis-125kw-inverter-details-1-1229x1536.jpg 1229w, https:\/\/www.hitekenergy.com\/wp-content\/uploads\/2025\/11\/Solis-125kw-inverter-details-1-1638x2048.jpg 1638w, https:\/\/www.hitekenergy.com\/wp-content\/uploads\/2025\/11\/Solis-125kw-inverter-details-1-10x12.jpg 10w, https:\/\/www.hitekenergy.com\/wp-content\/uploads\/2025\/11\/Solis-125kw-inverter-details-1-600x750.jpg 600w\" sizes=\"(max-width: 1920px) 100vw, 1920px\" \/><\/p>\n<h2>HITEKESS Projektf\u00e4lle<\/h2>\n<p>&nbsp;<\/p>\n<p><img decoding=\"async\" class=\"size-full wp-image-6053\" src=\"https:\/\/www.hitekenergy.com\/wp-content\/uploads\/2025\/11\/125KW-solar-power-system-projects.jpg\" alt=\"125KW solar power system projects\" width=\"1920\" height=\"2000\" srcset=\"https:\/\/www.hitekenergy.com\/wp-content\/uploads\/2025\/11\/125KW-solar-power-system-projects.jpg 1920w, https:\/\/www.hitekenergy.com\/wp-content\/uploads\/2025\/11\/125KW-solar-power-system-projects-288x300.jpg 288w, https:\/\/www.hitekenergy.com\/wp-content\/uploads\/2025\/11\/125KW-solar-power-system-projects-983x1024.jpg 983w, https:\/\/www.hitekenergy.com\/wp-content\/uploads\/2025\/11\/125KW-solar-power-system-projects-768x800.jpg 768w, https:\/\/www.hitekenergy.com\/wp-content\/uploads\/2025\/11\/125KW-solar-power-system-projects-1475x1536.jpg 1475w, https:\/\/www.hitekenergy.com\/wp-content\/uploads\/2025\/11\/125KW-solar-power-system-projects-12x12.jpg 12w, https:\/\/www.hitekenergy.com\/wp-content\/uploads\/2025\/11\/125KW-solar-power-system-projects-600x625.jpg 600w\" sizes=\"(max-width: 1920px) 100vw, 1920px\" \/><\/p>","protected":false},"excerpt":{"rendered":"<p>The SOLIS 125KW Hybrid Storage Inverter delivers advanced energy control for commercial and industrial applications. It supports high PV overloading\u2014up to 200% of rated powe to maximize solar energy utilization. With a 200A battery current and dual independent battery connections, it enables rapid charging and flexible storage expansion. Designed for reliability, it ensures seamless grid-backup switching and intelligent power management. This inverter offers a future-proof solution to reduce energy costs and enhance sustainability. It supports max. 10 pcs in parallel connection for client&#8217;s future upgration.<\/p>","protected":false},"featured_media":6048,"comment_status":"closed","ping_status":"closed","template":"","meta":[],"product_brand":[],"product_cat":[29],"product_tag":[],"class_list":{"0":"post-6044","1":"product","2":"type-product","3":"status-publish","4":"has-post-thumbnail","6":"product_cat-inverter","8":"first","9":"instock","10":"shipping-taxable","11":"product-type-simple"},"_links":{"self":[{"href":"https:\/\/www.hitekenergy.com\/de\/wp-json\/wp\/v2\/product\/6044","targetHints":{"allow":["GET"]}}],"collection":[{"href":"https:\/\/www.hitekenergy.com\/de\/wp-json\/wp\/v2\/product"}],"about":[{"href":"https:\/\/www.hitekenergy.com\/de\/wp-json\/wp\/v2\/types\/product"}],"replies":[{"embeddable":true,"href":"https:\/\/www.hitekenergy.com\/de\/wp-json\/wp\/v2\/comments?post=6044"}],"wp:featuredmedia":[{"embeddable":true,"href":"https:\/\/www.hitekenergy.com\/de\/wp-json\/wp\/v2\/media\/6048"}],"wp:attachment":[{"href":"https:\/\/www.hitekenergy.com\/de\/wp-json\/wp\/v2\/media?parent=6044"}],"wp:term":[{"taxonomy":"product_brand","embeddable":true,"href":"https:\/\/www.hitekenergy.com\/de\/wp-json\/wp\/v2\/product_brand?post=6044"},{"taxonomy":"product_cat","embeddable":true,"href":"https:\/\/www.hitekenergy.com\/de\/wp-json\/wp\/v2\/product_cat?post=6044"},{"taxonomy":"product_tag","embeddable":true,"href":"https:\/\/www.hitekenergy.com\/de\/wp-json\/wp\/v2\/product_tag?post=6044"}],"curies":[{"name":"wp","href":"https:\/\/api.w.org\/{rel}","templated":true}]}}