{"id":5447,"date":"2025-09-01T09:28:05","date_gmt":"2025-09-01T01:28:05","guid":{"rendered":"https:\/\/www.hitekenergy.com\/?post_type=product&#038;p=5447"},"modified":"2025-09-11T09:50:39","modified_gmt":"2025-09-11T01:50:39","slug":"2mw-4mwh-ess-storage-system","status":"publish","type":"product","link":"https:\/\/www.hitekenergy.com\/es\/ci-energy-storage-system\/2mw-4mwh-ess-storage-system\/","title":{"rendered":"Sistema de almacenamiento ESS 2MW 4MWH"},"content":{"rendered":"<h2><span style=\"color: #000000;\">\u00bfPor qu\u00e9 elegir HITEK ENERGY?<\/span><\/h2>\n<p><span style=\"color: #00ff00;\">\u2714<\/span>\u00a0Eficiencia l\u00edder en la industria: MPPT avanzada tecnolog\u00eda de inversor h\u00edbrido<\/p>\n<p><span style=\"color: #00ff00;\">\u2714\u00a0<\/span>Energ\u00eda fiable 24\/7 \u2014 Transici\u00f3n sin problemas entre fuentes de energ\u00eda<\/p>\n<p><span style=\"color: #00ff00;\">\u2714<\/span>\u00a0Bajo mantenimiento &amp; Duradero: bater\u00edas de litio premium con una vida \u00fatil de 10 a\u00f1os<\/p>\n<p><span style=\"color: #00ff00;\">\u2714<\/span>\u00a0Gesti\u00f3n inteligente de la energ\u00eda: supervisi\u00f3n y control en tiempo real rendimiento adaptativo<\/p>\n<p>&nbsp;<\/p>\n<p>En HITEK ENERGY, su satisfacci\u00f3n es nuestra m\u00e1xima prioridad. Utilizamos SOLO equipos solares aprobados de confianza.<\/p>\n<p>&nbsp;<\/p>\n<p><img fetchpriority=\"high\" decoding=\"async\" class=\"aligncenter wp-image-5509 size-full\" src=\"https:\/\/www.hitekenergy.com\/wp-content\/uploads\/2025\/09\/case-1.jpg\" alt=\"\" width=\"1360\" height=\"446\" srcset=\"https:\/\/www.hitekenergy.com\/wp-content\/uploads\/2025\/09\/case-1.jpg 1360w, https:\/\/www.hitekenergy.com\/wp-content\/uploads\/2025\/09\/case-1-300x98.jpg 300w, https:\/\/www.hitekenergy.com\/wp-content\/uploads\/2025\/09\/case-1-1024x336.jpg 1024w, https:\/\/www.hitekenergy.com\/wp-content\/uploads\/2025\/09\/case-1-768x252.jpg 768w, https:\/\/www.hitekenergy.com\/wp-content\/uploads\/2025\/09\/case-1-18x6.jpg 18w, https:\/\/www.hitekenergy.com\/wp-content\/uploads\/2025\/09\/case-1-600x197.jpg 600w\" sizes=\"(max-width: 1360px) 100vw, 1360px\" \/><\/p>\n<p><img decoding=\"async\" class=\"aligncenter wp-image-5508 size-full\" src=\"https:\/\/www.hitekenergy.com\/wp-content\/uploads\/2025\/09\/case-2.jpg\" alt=\"\" width=\"1360\" height=\"434\" srcset=\"https:\/\/www.hitekenergy.com\/wp-content\/uploads\/2025\/09\/case-2.jpg 1360w, https:\/\/www.hitekenergy.com\/wp-content\/uploads\/2025\/09\/case-2-300x96.jpg 300w, https:\/\/www.hitekenergy.com\/wp-content\/uploads\/2025\/09\/case-2-1024x327.jpg 1024w, https:\/\/www.hitekenergy.com\/wp-content\/uploads\/2025\/09\/case-2-768x245.jpg 768w, https:\/\/www.hitekenergy.com\/wp-content\/uploads\/2025\/09\/case-2-18x6.jpg 18w, https:\/\/www.hitekenergy.com\/wp-content\/uploads\/2025\/09\/case-2-600x191.jpg 600w\" sizes=\"(max-width: 1360px) 100vw, 1360px\" \/><\/p>\n<p>&nbsp;<\/p>\n<p>&nbsp;<\/p>","protected":false},"excerpt":{"rendered":"<p>HITEK ENERGY 2MW 4.085MWH Hybrid Energy Storage System es una soluci\u00f3n de alto rendimiento dise\u00f1ada para aplicaciones comerciales, industriales y de energ\u00eda renovable. Con una robusta potencia de 2 MW y una capacidad de 4.085 MWH, este sistema garantiza un almacenamiento y gesti\u00f3n fiables de energ\u00eda, lo que lo convierte en ideal para el afeitado de picos, el cambio de carga, las microredes para las islas \/ comunidades remotas y la energ\u00eda de respaldo.<\/p>","protected":false},"featured_media":5449,"comment_status":"closed","ping_status":"closed","template":"","meta":[],"product_brand":[],"product_cat":[16],"product_tag":[],"class_list":{"0":"post-5447","1":"product","2":"type-product","3":"status-publish","4":"has-post-thumbnail","6":"product_cat-ci-energy-storage-system","8":"first","9":"instock","10":"shipping-taxable","11":"product-type-simple"},"_links":{"self":[{"href":"https:\/\/www.hitekenergy.com\/es\/wp-json\/wp\/v2\/product\/5447","targetHints":{"allow":["GET"]}}],"collection":[{"href":"https:\/\/www.hitekenergy.com\/es\/wp-json\/wp\/v2\/product"}],"about":[{"href":"https:\/\/www.hitekenergy.com\/es\/wp-json\/wp\/v2\/types\/product"}],"replies":[{"embeddable":true,"href":"https:\/\/www.hitekenergy.com\/es\/wp-json\/wp\/v2\/comments?post=5447"}],"wp:featuredmedia":[{"embeddable":true,"href":"https:\/\/www.hitekenergy.com\/es\/wp-json\/wp\/v2\/media\/5449"}],"wp:attachment":[{"href":"https:\/\/www.hitekenergy.com\/es\/wp-json\/wp\/v2\/media?parent=5447"}],"wp:term":[{"taxonomy":"product_brand","embeddable":true,"href":"https:\/\/www.hitekenergy.com\/es\/wp-json\/wp\/v2\/product_brand?post=5447"},{"taxonomy":"product_cat","embeddable":true,"href":"https:\/\/www.hitekenergy.com\/es\/wp-json\/wp\/v2\/product_cat?post=5447"},{"taxonomy":"product_tag","embeddable":true,"href":"https:\/\/www.hitekenergy.com\/es\/wp-json\/wp\/v2\/product_tag?post=5447"}],"curies":[{"name":"wp","href":"https:\/\/api.w.org\/{rel}","templated":true}]}}