{"id":5536,"date":"2025-09-02T10:28:05","date_gmt":"2025-09-02T02:28:05","guid":{"rendered":"https:\/\/www.hitekenergy.com\/?post_type=product&#038;p=5536"},"modified":"2025-09-16T10:08:50","modified_gmt":"2025-09-16T02:08:50","slug":"720watt_n","status":"publish","type":"product","link":"https:\/\/www.hitekenergy.com\/es\/solar-panel\/720watt_n\/","title":{"rendered":"Panel solar tipo N de 720Watt"},"content":{"rendered":"<h2>\u00bfPor qu\u00e9 elegir HITEK ENERGY?<\/h2>\n<p><span style=\"color: #00ff00;\">\u2714<\/span>\u00a0Centrado en el cliente<\/p>\n<p>Empezamos escuchando, porque sus desaf\u00edos energ\u00e9ticos impulsan nuestras innovaciones.<\/p>\n<p><span style=\"color: #00ff00;\">\u2714<\/span>\u00a0Confiabilidad implacable<\/p>\n<p>Cada sistema que ofrecemos debe superar sus expectativas, no solo la garant\u00eda.<\/p>\n<p><span style=\"color: #00ff00;\">\u2714<\/span>\u00a0Grit sostenible<\/p>\n<p>La energ\u00eda limpia no es una tendencia. Es nuestra responsabilidad hacia las generaciones futuras.<\/p>\n<p>&nbsp;<\/p>\n<p>En HITEK ENERGY, su satisfacci\u00f3n es nuestra m\u00e1xima prioridad. Utilizamos SOLO equipos solares aprobados de confianza.<\/p>\n<p>&nbsp;<\/p>\n<p>Los paneles solares HITEK ENERGY TOPCon ofrecen la m\u00e1xima eficiencia junto con una durabilidad excepcional y una capacidad mejorada para absorber la luz en condiciones tenues, lo que los convierte en la opci\u00f3n \u00f3ptima para soluciones de energ\u00eda solar. La inversi\u00f3n en la tecnolog\u00eda TOPCon crea ventajas econ\u00f3micas y ambientales ampliadas a largo plazo debido al aumento de los requisitos de energ\u00eda sostenible.<\/p>\n<p>&nbsp;<\/p>\n<p>HITEK ENERGY presenta paneles solares TOPCon premium para soluciones de paneles solares empresariales y residenciales donde el rendimiento cumple con los requisitos de durabilidad.<\/p>\n<p>&nbsp;<\/p>\n<h2><span style=\"color: #000000;\">L\u00ednea de producci\u00f3n de paneles solares<\/span><\/h2>\n<p><img fetchpriority=\"high\" decoding=\"async\" class=\"size-full wp-image-5779\" src=\"https:\/\/www.hitekenergy.com\/wp-content\/uploads\/2025\/09\/HITEK-Energy-Solar-Panel-Production-Line-1.jpg\" alt=\"HITEK-Energ\u00eda-Solar-Panel-L\u00ednea de producci\u00f3n\" width=\"1920\" height=\"1440\" srcset=\"https:\/\/www.hitekenergy.com\/wp-content\/uploads\/2025\/09\/HITEK-Energy-Solar-Panel-Production-Line-1.jpg 1920w, https:\/\/www.hitekenergy.com\/wp-content\/uploads\/2025\/09\/HITEK-Energy-Solar-Panel-Production-Line-1-300x225.jpg 300w, https:\/\/www.hitekenergy.com\/wp-content\/uploads\/2025\/09\/HITEK-Energy-Solar-Panel-Production-Line-1-1024x768.jpg 1024w, https:\/\/www.hitekenergy.com\/wp-content\/uploads\/2025\/09\/HITEK-Energy-Solar-Panel-Production-Line-1-768x576.jpg 768w, https:\/\/www.hitekenergy.com\/wp-content\/uploads\/2025\/09\/HITEK-Energy-Solar-Panel-Production-Line-1-1536x1152.jpg 1536w, https:\/\/www.hitekenergy.com\/wp-content\/uploads\/2025\/09\/HITEK-Energy-Solar-Panel-Production-Line-1-16x12.jpg 16w, https:\/\/www.hitekenergy.com\/wp-content\/uploads\/2025\/09\/HITEK-Energy-Solar-Panel-Production-Line-1-600x450.jpg 600w\" sizes=\"(max-width: 1920px) 100vw, 1920px\" \/><\/p>\n<p>&nbsp;<\/p>\n<h2><span style=\"color: #000000;\">DETALLADO &amp; PAQUETES REALES PICTURAS<\/span><\/h2>\n<p><img decoding=\"async\" class=\"size-full wp-image-5772\" src=\"https:\/\/www.hitekenergy.com\/wp-content\/uploads\/2025\/09\/HITEK-ENERGY-Solar-Panels-Package2.jpg\" alt=\"HITEK-ENERGY-Paneles solares-Paquete\" width=\"1920\" height=\"1440\" srcset=\"https:\/\/www.hitekenergy.com\/wp-content\/uploads\/2025\/09\/HITEK-ENERGY-Solar-Panels-Package2.jpg 1920w, https:\/\/www.hitekenergy.com\/wp-content\/uploads\/2025\/09\/HITEK-ENERGY-Solar-Panels-Package2-300x225.jpg 300w, https:\/\/www.hitekenergy.com\/wp-content\/uploads\/2025\/09\/HITEK-ENERGY-Solar-Panels-Package2-1024x768.jpg 1024w, https:\/\/www.hitekenergy.com\/wp-content\/uploads\/2025\/09\/HITEK-ENERGY-Solar-Panels-Package2-768x576.jpg 768w, https:\/\/www.hitekenergy.com\/wp-content\/uploads\/2025\/09\/HITEK-ENERGY-Solar-Panels-Package2-1536x1152.jpg 1536w, https:\/\/www.hitekenergy.com\/wp-content\/uploads\/2025\/09\/HITEK-ENERGY-Solar-Panels-Package2-16x12.jpg 16w, https:\/\/www.hitekenergy.com\/wp-content\/uploads\/2025\/09\/HITEK-ENERGY-Solar-Panels-Package2-600x450.jpg 600w\" sizes=\"(max-width: 1920px) 100vw, 1920px\" \/><\/p>\n<h2><span style=\"color: #000000;\">HITEK Casos de \u00e9xito<\/span><\/h2>\n<p><img decoding=\"async\" class=\"size-full wp-image-5773\" src=\"https:\/\/www.hitekenergy.com\/wp-content\/uploads\/2025\/09\/HITEK-ENERGY-Solar-Panel-Project1.jpg\" alt=\"HITEK-ENERGY-Solar-Panel-Proyecto\" width=\"1920\" height=\"1440\" srcset=\"https:\/\/www.hitekenergy.com\/wp-content\/uploads\/2025\/09\/HITEK-ENERGY-Solar-Panel-Project1.jpg 1920w, https:\/\/www.hitekenergy.com\/wp-content\/uploads\/2025\/09\/HITEK-ENERGY-Solar-Panel-Project1-300x225.jpg 300w, https:\/\/www.hitekenergy.com\/wp-content\/uploads\/2025\/09\/HITEK-ENERGY-Solar-Panel-Project1-1024x768.jpg 1024w, https:\/\/www.hitekenergy.com\/wp-content\/uploads\/2025\/09\/HITEK-ENERGY-Solar-Panel-Project1-768x576.jpg 768w, https:\/\/www.hitekenergy.com\/wp-content\/uploads\/2025\/09\/HITEK-ENERGY-Solar-Panel-Project1-1536x1152.jpg 1536w, https:\/\/www.hitekenergy.com\/wp-content\/uploads\/2025\/09\/HITEK-ENERGY-Solar-Panel-Project1-16x12.jpg 16w, https:\/\/www.hitekenergy.com\/wp-content\/uploads\/2025\/09\/HITEK-ENERGY-Solar-Panel-Project1-600x450.jpg 600w\" sizes=\"(max-width: 1920px) 100vw, 1920px\" \/><\/p>\n<p>&nbsp;<\/p>\n<p>&nbsp;<\/p>\n<p>&nbsp;<\/p>","protected":false},"excerpt":{"rendered":"<p>Las c\u00e9lulas solares HITEK ENERGY TOPCon son una evoluci\u00f3n de la ampliamente utilizada tecnolog\u00eda de emisi\u00f3n pasivada y contacto trasero (PERC). Con pasivaci\u00f3n superior y flujo de electrones mejorado, la tecnolog\u00eda TOPCon mejora la eficiencia de conversi\u00f3n de energ\u00eda mientras reduce las p\u00e9rdidas, posicion\u00e1ndose como la tecnolog\u00eda fotovoltaica de pr\u00f3xima generaci\u00f3n.<\/p>\n<h2>\u00bfQu\u00e9 es la tecnolog\u00eda TOPCon?<\/h2>\n<p>TOPCon, abreviatura de Tunnel Oxide Passivated Contact, es una tecnolog\u00eda de c\u00e9lulas solares de alta eficiencia que utiliza una capa de \u00f3xido ultradelgada para mejorar el contacto el\u00e9ctrico y la conversi\u00f3n de energ\u00eda, superando las c\u00e9lulas solares tradicionales.<\/p>\n<p>Al combinar las fortalezas de las tecnolog\u00edas PERC y heterouni\u00f3n sin sus limitaciones, TOPCon logra eficiencias m\u00e1s altas, m\u00e1s del 22% en comparaci\u00f3n con el 18-19% de PERC.<\/p>","protected":false},"featured_media":5540,"comment_status":"closed","ping_status":"closed","template":"","meta":[],"product_brand":[],"product_cat":[51],"product_tag":[],"class_list":{"0":"post-5536","1":"product","2":"type-product","3":"status-publish","4":"has-post-thumbnail","6":"product_cat-solar-panel","8":"first","9":"instock","10":"shipping-taxable","11":"product-type-simple"},"_links":{"self":[{"href":"https:\/\/www.hitekenergy.com\/es\/wp-json\/wp\/v2\/product\/5536","targetHints":{"allow":["GET"]}}],"collection":[{"href":"https:\/\/www.hitekenergy.com\/es\/wp-json\/wp\/v2\/product"}],"about":[{"href":"https:\/\/www.hitekenergy.com\/es\/wp-json\/wp\/v2\/types\/product"}],"replies":[{"embeddable":true,"href":"https:\/\/www.hitekenergy.com\/es\/wp-json\/wp\/v2\/comments?post=5536"}],"wp:featuredmedia":[{"embeddable":true,"href":"https:\/\/www.hitekenergy.com\/es\/wp-json\/wp\/v2\/media\/5540"}],"wp:attachment":[{"href":"https:\/\/www.hitekenergy.com\/es\/wp-json\/wp\/v2\/media?parent=5536"}],"wp:term":[{"taxonomy":"product_brand","embeddable":true,"href":"https:\/\/www.hitekenergy.com\/es\/wp-json\/wp\/v2\/product_brand?post=5536"},{"taxonomy":"product_cat","embeddable":true,"href":"https:\/\/www.hitekenergy.com\/es\/wp-json\/wp\/v2\/product_cat?post=5536"},{"taxonomy":"product_tag","embeddable":true,"href":"https:\/\/www.hitekenergy.com\/es\/wp-json\/wp\/v2\/product_tag?post=5536"}],"curies":[{"name":"wp","href":"https:\/\/api.w.org\/{rel}","templated":true}]}}