{"id":5567,"date":"2025-09-02T14:45:51","date_gmt":"2025-09-02T06:45:51","guid":{"rendered":"https:\/\/www.hitekenergy.com\/?post_type=product&#038;p=5567"},"modified":"2025-09-16T14:07:52","modified_gmt":"2025-09-16T06:07:52","slug":"battery-inverter-atess-pcs1000","status":"publish","type":"product","link":"https:\/\/www.hitekenergy.com\/es\/inverter\/battery-inverter-atess-pcs1000\/","title":{"rendered":"Inversor de bater\u00eda ATESS PCS1000"},"content":{"rendered":"<h2>\u00bfPor qu\u00e9 elegir HITEK ENERGY?<\/h2>\n<p><span style=\"color: #00ff00;\">\u2714<\/span>\u00a0Eficiencia l\u00edder en la industria: MPPT avanzada tecnolog\u00eda de inversor h\u00edbrido<\/p>\n<p><span style=\"color: #00ff00;\">\u2714<\/span> Energ\u00eda fiable 24\/7 \u2014 Transici\u00f3n sin problemas entre fuentes de energ\u00eda<\/p>\n<p><span style=\"color: #00ff00;\">\u2714<\/span> Bajo mantenimiento &amp; Duradero: bater\u00edas de litio premium con una vida \u00fatil de 10 a\u00f1os<\/p>\n<p><span style=\"color: #00ff00;\">\u2714<\/span> Gesti\u00f3n inteligente de la energ\u00eda: supervisi\u00f3n y control en tiempo real rendimiento adaptativo<\/p>\n<p>&nbsp;<\/p>\n<p>En HITEK ENERGY, su satisfacci\u00f3n es nuestra m\u00e1xima prioridad. Utilizamos SOLO equipos solares aprobados de confianza.<\/p>\n<p>&nbsp;<\/p>\n<h2>Fotos detalladas<\/h2>\n<p><img fetchpriority=\"high\" decoding=\"async\" class=\"size-full wp-image-5800\" src=\"https:\/\/www.hitekenergy.com\/wp-content\/uploads\/2025\/09\/HITEK-ENERGY-PCS-Inverter-Details-N.jpg\" alt=\"Detalles del inversor HITEK ENERGY PCS\" width=\"1920\" height=\"1440\" srcset=\"https:\/\/www.hitekenergy.com\/wp-content\/uploads\/2025\/09\/HITEK-ENERGY-PCS-Inverter-Details-N.jpg 1920w, https:\/\/www.hitekenergy.com\/wp-content\/uploads\/2025\/09\/HITEK-ENERGY-PCS-Inverter-Details-N-300x225.jpg 300w, https:\/\/www.hitekenergy.com\/wp-content\/uploads\/2025\/09\/HITEK-ENERGY-PCS-Inverter-Details-N-1024x768.jpg 1024w, https:\/\/www.hitekenergy.com\/wp-content\/uploads\/2025\/09\/HITEK-ENERGY-PCS-Inverter-Details-N-768x576.jpg 768w, https:\/\/www.hitekenergy.com\/wp-content\/uploads\/2025\/09\/HITEK-ENERGY-PCS-Inverter-Details-N-1536x1152.jpg 1536w, https:\/\/www.hitekenergy.com\/wp-content\/uploads\/2025\/09\/HITEK-ENERGY-PCS-Inverter-Details-N-16x12.jpg 16w, https:\/\/www.hitekenergy.com\/wp-content\/uploads\/2025\/09\/HITEK-ENERGY-PCS-Inverter-Details-N-600x450.jpg 600w\" sizes=\"(max-width: 1920px) 100vw, 1920px\" \/><\/p>\n<h2>Casos del proyecto HITEKESS<\/h2>\n<p><img decoding=\"async\" class=\"size-full wp-image-5802\" src=\"https:\/\/www.hitekenergy.com\/wp-content\/uploads\/2025\/09\/HITEK-Solar-Projects-NEW-1.jpg\" alt=\"Proyectos solares HITEK 500KW 1MW 1.5MW 2MW\" width=\"1920\" height=\"1440\" srcset=\"https:\/\/www.hitekenergy.com\/wp-content\/uploads\/2025\/09\/HITEK-Solar-Projects-NEW-1.jpg 1920w, https:\/\/www.hitekenergy.com\/wp-content\/uploads\/2025\/09\/HITEK-Solar-Projects-NEW-1-300x225.jpg 300w, https:\/\/www.hitekenergy.com\/wp-content\/uploads\/2025\/09\/HITEK-Solar-Projects-NEW-1-1024x768.jpg 1024w, https:\/\/www.hitekenergy.com\/wp-content\/uploads\/2025\/09\/HITEK-Solar-Projects-NEW-1-768x576.jpg 768w, https:\/\/www.hitekenergy.com\/wp-content\/uploads\/2025\/09\/HITEK-Solar-Projects-NEW-1-1536x1152.jpg 1536w, https:\/\/www.hitekenergy.com\/wp-content\/uploads\/2025\/09\/HITEK-Solar-Projects-NEW-1-16x12.jpg 16w, https:\/\/www.hitekenergy.com\/wp-content\/uploads\/2025\/09\/HITEK-Solar-Projects-NEW-1-600x450.jpg 600w\" sizes=\"(max-width: 1920px) 100vw, 1920px\" \/><\/p>","protected":false},"excerpt":{"rendered":"<p>Los inversores de bater\u00eda bidireccionales ATESS PCS100\/250\/350\/500\/630\/1000\/1200\/1500 est\u00e1n con dise\u00f1o modular para utilidades y grandes C&amp; Los proyectos usan. Puede usarse solo o con controladores de carga solar y otros accesorios para diferentes escenarios de aplicaci\u00f3n. El inversor de bater\u00eda ATESS PCS es perfecto para el soporte de la red, aplicaciones comerciales e industriales.<\/p>","protected":false},"featured_media":5572,"comment_status":"closed","ping_status":"closed","template":"","meta":[],"product_brand":[],"product_cat":[29],"product_tag":[],"class_list":{"0":"post-5567","1":"product","2":"type-product","3":"status-publish","4":"has-post-thumbnail","6":"product_cat-inverter","8":"first","9":"instock","10":"shipping-taxable","11":"product-type-simple"},"_links":{"self":[{"href":"https:\/\/www.hitekenergy.com\/es\/wp-json\/wp\/v2\/product\/5567","targetHints":{"allow":["GET"]}}],"collection":[{"href":"https:\/\/www.hitekenergy.com\/es\/wp-json\/wp\/v2\/product"}],"about":[{"href":"https:\/\/www.hitekenergy.com\/es\/wp-json\/wp\/v2\/types\/product"}],"replies":[{"embeddable":true,"href":"https:\/\/www.hitekenergy.com\/es\/wp-json\/wp\/v2\/comments?post=5567"}],"wp:featuredmedia":[{"embeddable":true,"href":"https:\/\/www.hitekenergy.com\/es\/wp-json\/wp\/v2\/media\/5572"}],"wp:attachment":[{"href":"https:\/\/www.hitekenergy.com\/es\/wp-json\/wp\/v2\/media?parent=5567"}],"wp:term":[{"taxonomy":"product_brand","embeddable":true,"href":"https:\/\/www.hitekenergy.com\/es\/wp-json\/wp\/v2\/product_brand?post=5567"},{"taxonomy":"product_cat","embeddable":true,"href":"https:\/\/www.hitekenergy.com\/es\/wp-json\/wp\/v2\/product_cat?post=5567"},{"taxonomy":"product_tag","embeddable":true,"href":"https:\/\/www.hitekenergy.com\/es\/wp-json\/wp\/v2\/product_tag?post=5567"}],"curies":[{"name":"wp","href":"https:\/\/api.w.org\/{rel}","templated":true}]}}