{"id":5577,"date":"2025-09-02T15:27:32","date_gmt":"2025-09-02T07:27:32","guid":{"rendered":"https:\/\/www.hitekenergy.com\/?post_type=product&#038;p=5577"},"modified":"2025-09-17T18:00:27","modified_gmt":"2025-09-17T10:00:27","slug":"500kw-hybrid-solar-inverter","status":"publish","type":"product","link":"https:\/\/www.hitekenergy.com\/es\/inverter\/500kw-hybrid-solar-inverter\/","title":{"rendered":"Inverter solar h\u00edbrido 500KW"},"content":{"rendered":"<h2>\u00bfPor qu\u00e9 elegir HITEK ENERGY?<\/h2>\n<p><span style=\"color: #00ff00;\">\u2714<\/span>\u00a0Eficiencia l\u00edder en la industria: MPPT avanzada tecnolog\u00eda de inversor h\u00edbrido<\/p>\n<p><span style=\"color: #00ff00;\">\u2714<\/span> Energ\u00eda fiable 24\/7 \u2014 Transici\u00f3n sin problemas entre fuentes de energ\u00eda<\/p>\n<p><span style=\"color: #00ff00;\">\u2714<\/span> Bajo mantenimiento &amp; Duradero: bater\u00edas de litio premium con una vida \u00fatil de 10 a\u00f1os<\/p>\n<p><span style=\"color: #00ff00;\">\u2714<\/span> Gesti\u00f3n inteligente de la energ\u00eda: supervisi\u00f3n y control en tiempo real rendimiento adaptativo<\/p>\n<p>&nbsp;<\/p>\n<p>En HITEK ENERGY, su satisfacci\u00f3n es nuestra m\u00e1xima prioridad. Utilizamos SOLO equipos solares aprobados de confianza.<\/p>\n<h2><\/h2>\n<p><img fetchpriority=\"high\" decoding=\"async\" class=\"aligncenter wp-image-5509 size-full\" src=\"https:\/\/www.hitekenergy.com\/wp-content\/uploads\/2025\/09\/case-1.jpg\" alt=\"\" width=\"1360\" height=\"446\" srcset=\"https:\/\/www.hitekenergy.com\/wp-content\/uploads\/2025\/09\/case-1.jpg 1360w, https:\/\/www.hitekenergy.com\/wp-content\/uploads\/2025\/09\/case-1-300x98.jpg 300w, https:\/\/www.hitekenergy.com\/wp-content\/uploads\/2025\/09\/case-1-1024x336.jpg 1024w, https:\/\/www.hitekenergy.com\/wp-content\/uploads\/2025\/09\/case-1-768x252.jpg 768w, https:\/\/www.hitekenergy.com\/wp-content\/uploads\/2025\/09\/case-1-18x6.jpg 18w, https:\/\/www.hitekenergy.com\/wp-content\/uploads\/2025\/09\/case-1-600x197.jpg 600w\" sizes=\"(max-width: 1360px) 100vw, 1360px\" \/><\/p>","protected":false},"excerpt":{"rendered":"<p>Dise\u00f1ado para aplicaciones comerciales, industriales (C&amp;I) y a escala de servicios p\u00fablicos exigentes, Megarevo MPS30-500KW es el n\u00facleo robusto e inteligente de sistemas de energ\u00eda modernos, resistentes y rentables.<\/p>\n<p>Construido para funcionamiento 24\/7, el MPS500KW ofrece 500 kW de potencia de onda sinusoidal pura con una durabilidad y estabilidad excepcionales, garantizando el m\u00e1ximo tiempo de actividad para operaciones cr\u00edticas.<\/p>\n<p>El MPS500KW le permite construir un sistema de energ\u00eda solar inteligente, adaptable y resistente. Reducir los costos operativos, mejorar la independencia energ\u00e9tica, garantizar la continuidad del negocio y contribuir a un futuro sostenible, todo impulsado por Megarevo; tecnolog\u00eda h\u00edbrida de grado industrial.<\/p>","protected":false},"featured_media":5578,"comment_status":"closed","ping_status":"closed","template":"","meta":[],"product_brand":[],"product_cat":[29],"product_tag":[],"class_list":{"0":"post-5577","1":"product","2":"type-product","3":"status-publish","4":"has-post-thumbnail","6":"product_cat-inverter","8":"first","9":"instock","10":"shipping-taxable","11":"product-type-simple"},"_links":{"self":[{"href":"https:\/\/www.hitekenergy.com\/es\/wp-json\/wp\/v2\/product\/5577","targetHints":{"allow":["GET"]}}],"collection":[{"href":"https:\/\/www.hitekenergy.com\/es\/wp-json\/wp\/v2\/product"}],"about":[{"href":"https:\/\/www.hitekenergy.com\/es\/wp-json\/wp\/v2\/types\/product"}],"replies":[{"embeddable":true,"href":"https:\/\/www.hitekenergy.com\/es\/wp-json\/wp\/v2\/comments?post=5577"}],"wp:featuredmedia":[{"embeddable":true,"href":"https:\/\/www.hitekenergy.com\/es\/wp-json\/wp\/v2\/media\/5578"}],"wp:attachment":[{"href":"https:\/\/www.hitekenergy.com\/es\/wp-json\/wp\/v2\/media?parent=5577"}],"wp:term":[{"taxonomy":"product_brand","embeddable":true,"href":"https:\/\/www.hitekenergy.com\/es\/wp-json\/wp\/v2\/product_brand?post=5577"},{"taxonomy":"product_cat","embeddable":true,"href":"https:\/\/www.hitekenergy.com\/es\/wp-json\/wp\/v2\/product_cat?post=5577"},{"taxonomy":"product_tag","embeddable":true,"href":"https:\/\/www.hitekenergy.com\/es\/wp-json\/wp\/v2\/product_tag?post=5577"}],"curies":[{"name":"wp","href":"https:\/\/api.w.org\/{rel}","templated":true}]}}