{"id":5260,"date":"2025-07-21T18:01:12","date_gmt":"2025-07-21T10:01:12","guid":{"rendered":"https:\/\/www.hitekenergy.com\/?post_type=product&#038;p=5260"},"modified":"2025-09-24T15:35:53","modified_gmt":"2025-09-24T07:35:53","slug":"200kwh-solar-battery-outdoor-cabinet","status":"publish","type":"product","link":"https:\/\/www.hitekenergy.com\/fr\/containerized-outdoor-bess\/200kwh-solar-battery-outdoor-cabinet\/","title":{"rendered":"Cabinet ext\u00e9rieur de batterie solaire 200KWH"},"content":{"rendered":"<h2>Pourquoi choisir HITEK ENERGY ?<\/h2>\n<p>&nbsp;<\/p>\n<p><span style=\"color: #00ff00;\">\u2714<\/span>\u00a0Efficacit\u00e9 \u00e0 la pointe de l'industrie \u2014 MPPT avanc\u00e9 technologie d'onduleur hybride<\/p>\n<p><span style=\"color: #00ff00;\">\u2714<\/span>\u00a0\u00c9nergie fiable 24 heures sur 24, 7 jours sur 7 \u2014 Transition sans faille entre les sources d'\u00e9nergie<\/p>\n<p><span style=\"color: #00ff00;\">\u2714<\/span>\u00a0Faible entretien &amp; Durables \u2014 Batteries au lithium de qualit\u00e9 sup\u00e9rieure avec une dur\u00e9e de vie de 10 ans<\/p>\n<p><span style=\"color: #00ff00;\">\u2714<\/span>\u00a0Gestion intelligente de l &apos; \u00e9nergie \u2014 Surveillance en temps r\u00e9el performances adaptatives<\/p>\n<p>&nbsp;<\/p>\n<p>Chez HITEK ENERGY, votre satisfaction est notre priorit\u00e9 absolue. Nous utilisons uniquement des \u00e9quipements solaires approuv\u00e9s.<\/p>\n<h2><\/h2>\n<p><img fetchpriority=\"high\" decoding=\"async\" class=\"aligncenter wp-image-5509 size-full\" src=\"https:\/\/www.hitekenergy.com\/wp-content\/uploads\/2025\/09\/case-1.jpg\" alt=\"\" width=\"1360\" height=\"446\" srcset=\"https:\/\/www.hitekenergy.com\/wp-content\/uploads\/2025\/09\/case-1.jpg 1360w, https:\/\/www.hitekenergy.com\/wp-content\/uploads\/2025\/09\/case-1-300x98.jpg 300w, https:\/\/www.hitekenergy.com\/wp-content\/uploads\/2025\/09\/case-1-1024x336.jpg 1024w, https:\/\/www.hitekenergy.com\/wp-content\/uploads\/2025\/09\/case-1-768x252.jpg 768w, https:\/\/www.hitekenergy.com\/wp-content\/uploads\/2025\/09\/case-1-18x6.jpg 18w, https:\/\/www.hitekenergy.com\/wp-content\/uploads\/2025\/09\/case-1-600x197.jpg 600w\" sizes=\"(max-width: 1360px) 100vw, 1360px\" \/><\/p>\n<p><img decoding=\"async\" class=\"aligncenter wp-image-5508 size-full\" src=\"https:\/\/www.hitekenergy.com\/wp-content\/uploads\/2025\/09\/case-2.jpg\" alt=\"\" width=\"1360\" height=\"434\" srcset=\"https:\/\/www.hitekenergy.com\/wp-content\/uploads\/2025\/09\/case-2.jpg 1360w, https:\/\/www.hitekenergy.com\/wp-content\/uploads\/2025\/09\/case-2-300x96.jpg 300w, https:\/\/www.hitekenergy.com\/wp-content\/uploads\/2025\/09\/case-2-1024x327.jpg 1024w, https:\/\/www.hitekenergy.com\/wp-content\/uploads\/2025\/09\/case-2-768x245.jpg 768w, https:\/\/www.hitekenergy.com\/wp-content\/uploads\/2025\/09\/case-2-18x6.jpg 18w, https:\/\/www.hitekenergy.com\/wp-content\/uploads\/2025\/09\/case-2-600x191.jpg 600w\" sizes=\"(max-width: 1360px) 100vw, 1360px\" \/><\/p>","protected":false},"excerpt":{"rendered":"<p>Con\u00e7u pour des environnements exigeants, l'armoire de stockage ext\u00e9rieur tout-en-un HITEK ENERGY 200kWh int\u00e8gre une technologie de pointe avec une fiabilit\u00e9 robuste. Pr\u00e9-assembl\u00e9 et test\u00e9, il arrive pr\u00eat \u00e0 d\u00e9ployer, r\u00e9duisant le temps d'installation et les co\u00fbts jusqu'\u00e0 40%. Id\u00e9al pour les usines &amp; entrep\u00f4ts, sites de t\u00e9l\u00e9communications \u00e9loign\u00e9s, agriculture et exploitation mini\u00e8re.<\/p>\n<p>&nbsp;<\/p>\n<p><strong style=\"font-size: 18pt;\">HITEKESS syst\u00e8me d'armoire ext\u00e9rieur REAL Cases<\/strong><\/p>\n<p>&nbsp;<\/p>\n<p><img decoding=\"async\" class=\"size-full wp-image-5821\" src=\"https:\/\/www.hitekenergy.com\/wp-content\/uploads\/2025\/07\/HITEKESS-200KWH-Outdoor-Cabinet-Project.jpg\" alt=\"Projet de cabinet ext\u00e9rieur HITEKESS 200KWH\" width=\"1920\" height=\"1920\" srcset=\"https:\/\/www.hitekenergy.com\/wp-content\/uploads\/2025\/07\/HITEKESS-200KWH-Outdoor-Cabinet-Project.jpg 1920w, https:\/\/www.hitekenergy.com\/wp-content\/uploads\/2025\/07\/HITEKESS-200KWH-Outdoor-Cabinet-Project-300x300.jpg 300w, https:\/\/www.hitekenergy.com\/wp-content\/uploads\/2025\/07\/HITEKESS-200KWH-Outdoor-Cabinet-Project-1024x1024.jpg 1024w, https:\/\/www.hitekenergy.com\/wp-content\/uploads\/2025\/07\/HITEKESS-200KWH-Outdoor-Cabinet-Project-150x150.jpg 150w, https:\/\/www.hitekenergy.com\/wp-content\/uploads\/2025\/07\/HITEKESS-200KWH-Outdoor-Cabinet-Project-768x768.jpg 768w, https:\/\/www.hitekenergy.com\/wp-content\/uploads\/2025\/07\/HITEKESS-200KWH-Outdoor-Cabinet-Project-1536x1536.jpg 1536w, https:\/\/www.hitekenergy.com\/wp-content\/uploads\/2025\/07\/HITEKESS-200KWH-Outdoor-Cabinet-Project-12x12.jpg 12w, https:\/\/www.hitekenergy.com\/wp-content\/uploads\/2025\/07\/HITEKESS-200KWH-Outdoor-Cabinet-Project-600x600.jpg 600w, https:\/\/www.hitekenergy.com\/wp-content\/uploads\/2025\/07\/HITEKESS-200KWH-Outdoor-Cabinet-Project-100x100.jpg 100w\" sizes=\"(max-width: 1920px) 100vw, 1920px\" \/><\/p>","protected":false},"featured_media":5262,"comment_status":"closed","ping_status":"closed","template":"","meta":[],"product_brand":[],"product_cat":[22],"product_tag":[],"class_list":{"0":"post-5260","1":"product","2":"type-product","3":"status-publish","4":"has-post-thumbnail","6":"product_cat-containerized-outdoor-bess","8":"first","9":"instock","10":"shipping-taxable","11":"product-type-simple"},"_links":{"self":[{"href":"https:\/\/www.hitekenergy.com\/fr\/wp-json\/wp\/v2\/product\/5260","targetHints":{"allow":["GET"]}}],"collection":[{"href":"https:\/\/www.hitekenergy.com\/fr\/wp-json\/wp\/v2\/product"}],"about":[{"href":"https:\/\/www.hitekenergy.com\/fr\/wp-json\/wp\/v2\/types\/product"}],"replies":[{"embeddable":true,"href":"https:\/\/www.hitekenergy.com\/fr\/wp-json\/wp\/v2\/comments?post=5260"}],"wp:featuredmedia":[{"embeddable":true,"href":"https:\/\/www.hitekenergy.com\/fr\/wp-json\/wp\/v2\/media\/5262"}],"wp:attachment":[{"href":"https:\/\/www.hitekenergy.com\/fr\/wp-json\/wp\/v2\/media?parent=5260"}],"wp:term":[{"taxonomy":"product_brand","embeddable":true,"href":"https:\/\/www.hitekenergy.com\/fr\/wp-json\/wp\/v2\/product_brand?post=5260"},{"taxonomy":"product_cat","embeddable":true,"href":"https:\/\/www.hitekenergy.com\/fr\/wp-json\/wp\/v2\/product_cat?post=5260"},{"taxonomy":"product_tag","embeddable":true,"href":"https:\/\/www.hitekenergy.com\/fr\/wp-json\/wp\/v2\/product_tag?post=5260"}],"curies":[{"name":"wp","href":"https:\/\/api.w.org\/{rel}","templated":true}]}}