{"id":5447,"date":"2025-09-01T09:28:05","date_gmt":"2025-09-01T01:28:05","guid":{"rendered":"https:\/\/www.hitekenergy.com\/?post_type=product&#038;p=5447"},"modified":"2025-09-11T09:50:39","modified_gmt":"2025-09-11T01:50:39","slug":"2mw-4mwh-ess-storage-system","status":"publish","type":"product","link":"https:\/\/www.hitekenergy.com\/fr\/ci-energy-storage-system\/2mw-4mwh-ess-storage-system\/","title":{"rendered":"Syst\u00e8me de stockage ESS 2MW 4MWH"},"content":{"rendered":"<h2><span style=\"color: #000000;\">Pourquoi choisir HITEK ENERGY ?<\/span><\/h2>\n<p><span style=\"color: #00ff00;\">\u2714<\/span>\u00a0Efficacit\u00e9 \u00e0 la pointe de l'industrie \u2014 MPPT avanc\u00e9 technologie d'onduleur hybride<\/p>\n<p><span style=\"color: #00ff00;\">\u2714\u00a0<\/span>\u00c9nergie fiable 24 heures sur 24, 7 jours sur 7 \u2014 Transition sans faille entre les sources d'\u00e9nergie<\/p>\n<p><span style=\"color: #00ff00;\">\u2714<\/span>\u00a0Faible entretien &amp; Durables \u2014 Batteries au lithium de qualit\u00e9 sup\u00e9rieure avec une dur\u00e9e de vie de 10 ans<\/p>\n<p><span style=\"color: #00ff00;\">\u2714<\/span>\u00a0Gestion intelligente de l &apos; \u00e9nergie \u2014 Surveillance en temps r\u00e9el performances adaptatives<\/p>\n<p>&nbsp;<\/p>\n<p>Chez HITEK ENERGY, votre satisfaction est notre priorit\u00e9 absolue. Nous utilisons uniquement des \u00e9quipements solaires approuv\u00e9s.<\/p>\n<p>&nbsp;<\/p>\n<p><img fetchpriority=\"high\" decoding=\"async\" class=\"aligncenter wp-image-5509 size-full\" src=\"https:\/\/www.hitekenergy.com\/wp-content\/uploads\/2025\/09\/case-1.jpg\" alt=\"\" width=\"1360\" height=\"446\" srcset=\"https:\/\/www.hitekenergy.com\/wp-content\/uploads\/2025\/09\/case-1.jpg 1360w, https:\/\/www.hitekenergy.com\/wp-content\/uploads\/2025\/09\/case-1-300x98.jpg 300w, https:\/\/www.hitekenergy.com\/wp-content\/uploads\/2025\/09\/case-1-1024x336.jpg 1024w, https:\/\/www.hitekenergy.com\/wp-content\/uploads\/2025\/09\/case-1-768x252.jpg 768w, https:\/\/www.hitekenergy.com\/wp-content\/uploads\/2025\/09\/case-1-18x6.jpg 18w, https:\/\/www.hitekenergy.com\/wp-content\/uploads\/2025\/09\/case-1-600x197.jpg 600w\" sizes=\"(max-width: 1360px) 100vw, 1360px\" \/><\/p>\n<p><img decoding=\"async\" class=\"aligncenter wp-image-5508 size-full\" src=\"https:\/\/www.hitekenergy.com\/wp-content\/uploads\/2025\/09\/case-2.jpg\" alt=\"\" width=\"1360\" height=\"434\" srcset=\"https:\/\/www.hitekenergy.com\/wp-content\/uploads\/2025\/09\/case-2.jpg 1360w, https:\/\/www.hitekenergy.com\/wp-content\/uploads\/2025\/09\/case-2-300x96.jpg 300w, https:\/\/www.hitekenergy.com\/wp-content\/uploads\/2025\/09\/case-2-1024x327.jpg 1024w, https:\/\/www.hitekenergy.com\/wp-content\/uploads\/2025\/09\/case-2-768x245.jpg 768w, https:\/\/www.hitekenergy.com\/wp-content\/uploads\/2025\/09\/case-2-18x6.jpg 18w, https:\/\/www.hitekenergy.com\/wp-content\/uploads\/2025\/09\/case-2-600x191.jpg 600w\" sizes=\"(max-width: 1360px) 100vw, 1360px\" \/><\/p>\n<p>&nbsp;<\/p>\n<p>&nbsp;<\/p>","protected":false},"excerpt":{"rendered":"<p>HITEK ENERGY 2MW 4.085MWH Hybrid Energy Storage System est une solution haute performance con\u00e7ue pour les applications commerciales, industrielles et renouvelables. Avec une puissance robuste de 2 MW et une capacit\u00e9 de 4,085 MWH, ce syst\u00e8me assure un stockage et une gestion fiables de l'\u00e9nergie, ce qui le rend id\u00e9al pour le rasage de pic, le d\u00e9placement de charge, les micror\u00e9seaux pour les \u00eeles \/ communaut\u00e9s \u00e9loign\u00e9es et l'\u00e9nergie de secours.<\/p>","protected":false},"featured_media":5449,"comment_status":"closed","ping_status":"closed","template":"","meta":[],"product_brand":[],"product_cat":[16],"product_tag":[],"class_list":{"0":"post-5447","1":"product","2":"type-product","3":"status-publish","4":"has-post-thumbnail","6":"product_cat-ci-energy-storage-system","8":"first","9":"instock","10":"shipping-taxable","11":"product-type-simple"},"_links":{"self":[{"href":"https:\/\/www.hitekenergy.com\/fr\/wp-json\/wp\/v2\/product\/5447","targetHints":{"allow":["GET"]}}],"collection":[{"href":"https:\/\/www.hitekenergy.com\/fr\/wp-json\/wp\/v2\/product"}],"about":[{"href":"https:\/\/www.hitekenergy.com\/fr\/wp-json\/wp\/v2\/types\/product"}],"replies":[{"embeddable":true,"href":"https:\/\/www.hitekenergy.com\/fr\/wp-json\/wp\/v2\/comments?post=5447"}],"wp:featuredmedia":[{"embeddable":true,"href":"https:\/\/www.hitekenergy.com\/fr\/wp-json\/wp\/v2\/media\/5449"}],"wp:attachment":[{"href":"https:\/\/www.hitekenergy.com\/fr\/wp-json\/wp\/v2\/media?parent=5447"}],"wp:term":[{"taxonomy":"product_brand","embeddable":true,"href":"https:\/\/www.hitekenergy.com\/fr\/wp-json\/wp\/v2\/product_brand?post=5447"},{"taxonomy":"product_cat","embeddable":true,"href":"https:\/\/www.hitekenergy.com\/fr\/wp-json\/wp\/v2\/product_cat?post=5447"},{"taxonomy":"product_tag","embeddable":true,"href":"https:\/\/www.hitekenergy.com\/fr\/wp-json\/wp\/v2\/product_tag?post=5447"}],"curies":[{"name":"wp","href":"https:\/\/api.w.org\/{rel}","templated":true}]}}