{"id":5499,"date":"2025-09-01T16:32:39","date_gmt":"2025-09-01T08:32:39","guid":{"rendered":"https:\/\/www.hitekenergy.com\/?post_type=product&#038;p=5499"},"modified":"2025-09-19T09:48:23","modified_gmt":"2025-09-19T01:48:23","slug":"1mw-on-grid-solar-system","status":"publish","type":"product","link":"https:\/\/www.hitekenergy.com\/fr\/on-grid-solar-system\/1mw-on-grid-solar-system\/","title":{"rendered":"1MW sur r\u00e9seau syst\u00e8me solaire"},"content":{"rendered":"<h2>Pourquoi choisir HITEK ENERGY ?<\/h2>\n<p>&nbsp;<\/p>\n<p><span style=\"color: #00ff00;\">\u2714<\/span>\u00a0Efficacit\u00e9 \u00e0 la pointe de l'industrie \u2014 MPPT avanc\u00e9 technologie d'onduleur hybride<\/p>\n<p><span style=\"color: #00ff00;\">\u2714\u00a0<\/span>\u00c9nergie fiable 24 heures sur 24, 7 jours sur 7 \u2014 Transition sans faille entre les sources d'\u00e9nergie<\/p>\n<p><span style=\"color: #00ff00;\">\u2714<\/span>\u00a0Faible entretien &amp; Durables \u2014 Batteries au lithium de qualit\u00e9 sup\u00e9rieure avec une dur\u00e9e de vie de 10 ans<\/p>\n<p><span style=\"color: #00ff00;\">\u2714<\/span>\u00a0Gestion intelligente de l &apos; \u00e9nergie \u2014 Surveillance en temps r\u00e9el performances adaptatives<\/p>\n<p>&nbsp;<\/p>\n<p>Chez HITEK ENERGY, votre satisfaction est notre priorit\u00e9 absolue. Nous utilisons uniquement des \u00e9quipements solaires approuv\u00e9s.<\/p>\n<p>&nbsp;<\/p>\n<h2><span style=\"color: #000000;\">Notre <\/span>PACKAGES R\u00c9ALS PHOTOS<\/h2>\n<p><img fetchpriority=\"high\" decoding=\"async\" class=\"size-full wp-image-5772\" src=\"https:\/\/www.hitekenergy.com\/wp-content\/uploads\/2025\/09\/HITEK-ENERGY-Solar-Panels-Package2.jpg\" alt=\"HITEK-ENERGY-Panneaux solaires-Paquet\" width=\"1920\" height=\"1440\" srcset=\"https:\/\/www.hitekenergy.com\/wp-content\/uploads\/2025\/09\/HITEK-ENERGY-Solar-Panels-Package2.jpg 1920w, https:\/\/www.hitekenergy.com\/wp-content\/uploads\/2025\/09\/HITEK-ENERGY-Solar-Panels-Package2-300x225.jpg 300w, https:\/\/www.hitekenergy.com\/wp-content\/uploads\/2025\/09\/HITEK-ENERGY-Solar-Panels-Package2-1024x768.jpg 1024w, https:\/\/www.hitekenergy.com\/wp-content\/uploads\/2025\/09\/HITEK-ENERGY-Solar-Panels-Package2-768x576.jpg 768w, https:\/\/www.hitekenergy.com\/wp-content\/uploads\/2025\/09\/HITEK-ENERGY-Solar-Panels-Package2-1536x1152.jpg 1536w, https:\/\/www.hitekenergy.com\/wp-content\/uploads\/2025\/09\/HITEK-ENERGY-Solar-Panels-Package2-16x12.jpg 16w, https:\/\/www.hitekenergy.com\/wp-content\/uploads\/2025\/09\/HITEK-ENERGY-Solar-Panels-Package2-600x450.jpg 600w\" sizes=\"(max-width: 1920px) 100vw, 1920px\" \/><\/p>\n<h2><span style=\"color: #000000;\"><strong>PROJETS SOLAIRES HITEK<\/strong><\/span><\/h2>\n<p><img decoding=\"async\" class=\"size-full wp-image-5777\" src=\"https:\/\/www.hitekenergy.com\/wp-content\/uploads\/2025\/09\/HITEK-ENERGY-Solar-Panel-Project2-3.jpg\" alt=\"Projet de panneaux solaires HITEK ENERGY\" width=\"1920\" height=\"1440\" srcset=\"https:\/\/www.hitekenergy.com\/wp-content\/uploads\/2025\/09\/HITEK-ENERGY-Solar-Panel-Project2-3.jpg 1920w, https:\/\/www.hitekenergy.com\/wp-content\/uploads\/2025\/09\/HITEK-ENERGY-Solar-Panel-Project2-3-300x225.jpg 300w, https:\/\/www.hitekenergy.com\/wp-content\/uploads\/2025\/09\/HITEK-ENERGY-Solar-Panel-Project2-3-1024x768.jpg 1024w, https:\/\/www.hitekenergy.com\/wp-content\/uploads\/2025\/09\/HITEK-ENERGY-Solar-Panel-Project2-3-768x576.jpg 768w, https:\/\/www.hitekenergy.com\/wp-content\/uploads\/2025\/09\/HITEK-ENERGY-Solar-Panel-Project2-3-1536x1152.jpg 1536w, https:\/\/www.hitekenergy.com\/wp-content\/uploads\/2025\/09\/HITEK-ENERGY-Solar-Panel-Project2-3-16x12.jpg 16w, https:\/\/www.hitekenergy.com\/wp-content\/uploads\/2025\/09\/HITEK-ENERGY-Solar-Panel-Project2-3-600x450.jpg 600w\" sizes=\"(max-width: 1920px) 100vw, 1920px\" \/><\/p>\n<p>&nbsp;<\/p>","protected":false},"excerpt":{"rendered":"<p>Why Choose HITEK ENERGY? &nbsp; \u2714\u00a0Industry-Leading Efficiency \u2014\u00a0Advanced MPPT &amp; hybrid inverter technology \u2714\u00a0Reliable 24\/7 Power \u2014\u00a0Seamless transition between energy sources \u2714\u00a0Low Maintenance &amp; Durable \u2014\u00a0Premium lithium batteries with a 10+ year lifespan \u2714\u00a0Smart Energy Management \u2014\u00a0Real-time monitoring &amp; adaptive performance &nbsp; At HITEK ENERGY, your satisfaction is our top priority. We use ONLY Reliable [&hellip;]<\/p>\n","protected":false},"featured_media":5502,"comment_status":"closed","ping_status":"closed","template":"","meta":[],"product_brand":[],"product_cat":[24],"product_tag":[],"class_list":{"0":"post-5499","1":"product","2":"type-product","3":"status-publish","4":"has-post-thumbnail","6":"product_cat-on-grid-solar-system","8":"first","9":"instock","10":"shipping-taxable","11":"product-type-simple"},"_links":{"self":[{"href":"https:\/\/www.hitekenergy.com\/fr\/wp-json\/wp\/v2\/product\/5499","targetHints":{"allow":["GET"]}}],"collection":[{"href":"https:\/\/www.hitekenergy.com\/fr\/wp-json\/wp\/v2\/product"}],"about":[{"href":"https:\/\/www.hitekenergy.com\/fr\/wp-json\/wp\/v2\/types\/product"}],"replies":[{"embeddable":true,"href":"https:\/\/www.hitekenergy.com\/fr\/wp-json\/wp\/v2\/comments?post=5499"}],"wp:featuredmedia":[{"embeddable":true,"href":"https:\/\/www.hitekenergy.com\/fr\/wp-json\/wp\/v2\/media\/5502"}],"wp:attachment":[{"href":"https:\/\/www.hitekenergy.com\/fr\/wp-json\/wp\/v2\/media?parent=5499"}],"wp:term":[{"taxonomy":"product_brand","embeddable":true,"href":"https:\/\/www.hitekenergy.com\/fr\/wp-json\/wp\/v2\/product_brand?post=5499"},{"taxonomy":"product_cat","embeddable":true,"href":"https:\/\/www.hitekenergy.com\/fr\/wp-json\/wp\/v2\/product_cat?post=5499"},{"taxonomy":"product_tag","embeddable":true,"href":"https:\/\/www.hitekenergy.com\/fr\/wp-json\/wp\/v2\/product_tag?post=5499"}],"curies":[{"name":"wp","href":"https:\/\/api.w.org\/{rel}","templated":true}]}}