{"id":5536,"date":"2025-09-02T10:28:05","date_gmt":"2025-09-02T02:28:05","guid":{"rendered":"https:\/\/www.hitekenergy.com\/?post_type=product&#038;p=5536"},"modified":"2025-09-16T10:08:50","modified_gmt":"2025-09-16T02:08:50","slug":"720watt_n","status":"publish","type":"product","link":"https:\/\/www.hitekenergy.com\/fr\/solar-panel\/720watt_n\/","title":{"rendered":"Panneau solaire de type 720Watt N"},"content":{"rendered":"<h2>Pourquoi choisir HITEK ENERGY ?<\/h2>\n<p><span style=\"color: #00ff00;\">\u2714<\/span>\u00a0Client concentr\u00e9<\/p>\n<p>Nous commen\u00e7ons par \u00e9couter, car vos d\u00e9fis \u00e9nerg\u00e9tiques sont le moteur de nos innovations.<\/p>\n<p><span style=\"color: #00ff00;\">\u2714<\/span>\u00a0Fiabilit\u00e9 sans rel\u00e2che<\/p>\n<p>Chaque syst\u00e8me que nous offrons doit d\u00e9passer vos attentes, pas seulement la garantie.<\/p>\n<p><span style=\"color: #00ff00;\">\u2714<\/span>\u00a0Grit durable<\/p>\n<p>L\u2019\u00e9nergie propre n\u2019est pas une tendance. C\u2019est notre responsabilit\u00e9 envers les g\u00e9n\u00e9rations futures.<\/p>\n<p>&nbsp;<\/p>\n<p>Chez HITEK ENERGY, votre satisfaction est notre priorit\u00e9 absolue. Nous utilisons uniquement des \u00e9quipements solaires approuv\u00e9s.<\/p>\n<p>&nbsp;<\/p>\n<p>Les panneaux solaires HITEK ENERGY TOPCon offrent la plus haute efficacit\u00e9, une durabilit\u00e9 exceptionnelle et une capacit\u00e9 am\u00e9lior\u00e9e d'absorption de la lumi\u00e8re dans des conditions sombres, ce qui en fait le choix optimal pour les solutions d'\u00e9nergie solaire. L'investissement dans la technologie TOPCon cr\u00e9e des avantages \u00e9conomiques et environnementaux accrus \u00e0 long terme en raison de l'augmentation des besoins en \u00e9nergie durable.<\/p>\n<p>&nbsp;<\/p>\n<p>HITEK ENERGY pr\u00e9sente des panneaux solaires TOPCon de qualit\u00e9 sup\u00e9rieure pour les solutions de panneaux solaires commerciaux et r\u00e9sidentiels o\u00f9 les performances r\u00e9pondent aux exigences de durabilit\u00e9.<\/p>\n<p>&nbsp;<\/p>\n<h2><span style=\"color: #000000;\">Ligne de production de panneaux solaires<\/span><\/h2>\n<p><img fetchpriority=\"high\" decoding=\"async\" class=\"size-full wp-image-5779\" src=\"https:\/\/www.hitekenergy.com\/wp-content\/uploads\/2025\/09\/HITEK-Energy-Solar-Panel-Production-Line-1.jpg\" alt=\"HITEK-\u00e9nergie-panneaux solaires-ligne de production\" width=\"1920\" height=\"1440\" srcset=\"https:\/\/www.hitekenergy.com\/wp-content\/uploads\/2025\/09\/HITEK-Energy-Solar-Panel-Production-Line-1.jpg 1920w, https:\/\/www.hitekenergy.com\/wp-content\/uploads\/2025\/09\/HITEK-Energy-Solar-Panel-Production-Line-1-300x225.jpg 300w, https:\/\/www.hitekenergy.com\/wp-content\/uploads\/2025\/09\/HITEK-Energy-Solar-Panel-Production-Line-1-1024x768.jpg 1024w, https:\/\/www.hitekenergy.com\/wp-content\/uploads\/2025\/09\/HITEK-Energy-Solar-Panel-Production-Line-1-768x576.jpg 768w, https:\/\/www.hitekenergy.com\/wp-content\/uploads\/2025\/09\/HITEK-Energy-Solar-Panel-Production-Line-1-1536x1152.jpg 1536w, https:\/\/www.hitekenergy.com\/wp-content\/uploads\/2025\/09\/HITEK-Energy-Solar-Panel-Production-Line-1-16x12.jpg 16w, https:\/\/www.hitekenergy.com\/wp-content\/uploads\/2025\/09\/HITEK-Energy-Solar-Panel-Production-Line-1-600x450.jpg 600w\" sizes=\"(max-width: 1920px) 100vw, 1920px\" \/><\/p>\n<p>&nbsp;<\/p>\n<h2><span style=\"color: #000000;\">D\u00e9taill\u00e9 &amp; PACKAGES R\u00c9ALS PHOTOS<\/span><\/h2>\n<p><img decoding=\"async\" class=\"size-full wp-image-5772\" src=\"https:\/\/www.hitekenergy.com\/wp-content\/uploads\/2025\/09\/HITEK-ENERGY-Solar-Panels-Package2.jpg\" alt=\"HITEK-ENERGY-Panneaux solaires-Paquet\" width=\"1920\" height=\"1440\" srcset=\"https:\/\/www.hitekenergy.com\/wp-content\/uploads\/2025\/09\/HITEK-ENERGY-Solar-Panels-Package2.jpg 1920w, https:\/\/www.hitekenergy.com\/wp-content\/uploads\/2025\/09\/HITEK-ENERGY-Solar-Panels-Package2-300x225.jpg 300w, https:\/\/www.hitekenergy.com\/wp-content\/uploads\/2025\/09\/HITEK-ENERGY-Solar-Panels-Package2-1024x768.jpg 1024w, https:\/\/www.hitekenergy.com\/wp-content\/uploads\/2025\/09\/HITEK-ENERGY-Solar-Panels-Package2-768x576.jpg 768w, https:\/\/www.hitekenergy.com\/wp-content\/uploads\/2025\/09\/HITEK-ENERGY-Solar-Panels-Package2-1536x1152.jpg 1536w, https:\/\/www.hitekenergy.com\/wp-content\/uploads\/2025\/09\/HITEK-ENERGY-Solar-Panels-Package2-16x12.jpg 16w, https:\/\/www.hitekenergy.com\/wp-content\/uploads\/2025\/09\/HITEK-ENERGY-Solar-Panels-Package2-600x450.jpg 600w\" sizes=\"(max-width: 1920px) 100vw, 1920px\" \/><\/p>\n<h2><span style=\"color: #000000;\">HITEK CAS de succ\u00e8s<\/span><\/h2>\n<p><img decoding=\"async\" class=\"size-full wp-image-5773\" src=\"https:\/\/www.hitekenergy.com\/wp-content\/uploads\/2025\/09\/HITEK-ENERGY-Solar-Panel-Project1.jpg\" alt=\"HITEK-ENERGY-Projet de panneaux solaires\" width=\"1920\" height=\"1440\" srcset=\"https:\/\/www.hitekenergy.com\/wp-content\/uploads\/2025\/09\/HITEK-ENERGY-Solar-Panel-Project1.jpg 1920w, https:\/\/www.hitekenergy.com\/wp-content\/uploads\/2025\/09\/HITEK-ENERGY-Solar-Panel-Project1-300x225.jpg 300w, https:\/\/www.hitekenergy.com\/wp-content\/uploads\/2025\/09\/HITEK-ENERGY-Solar-Panel-Project1-1024x768.jpg 1024w, https:\/\/www.hitekenergy.com\/wp-content\/uploads\/2025\/09\/HITEK-ENERGY-Solar-Panel-Project1-768x576.jpg 768w, https:\/\/www.hitekenergy.com\/wp-content\/uploads\/2025\/09\/HITEK-ENERGY-Solar-Panel-Project1-1536x1152.jpg 1536w, https:\/\/www.hitekenergy.com\/wp-content\/uploads\/2025\/09\/HITEK-ENERGY-Solar-Panel-Project1-16x12.jpg 16w, https:\/\/www.hitekenergy.com\/wp-content\/uploads\/2025\/09\/HITEK-ENERGY-Solar-Panel-Project1-600x450.jpg 600w\" sizes=\"(max-width: 1920px) 100vw, 1920px\" \/><\/p>\n<p>&nbsp;<\/p>\n<p>&nbsp;<\/p>\n<p>&nbsp;<\/p>","protected":false},"excerpt":{"rendered":"<p>Les cellules solaires HITEK ENERGY TOPCon sont une \u00e9volution de la technologie de l'\u00e9metteur passif et du contact arri\u00e8re (PERC) largement utilis\u00e9e. Avec une passivation sup\u00e9rieure et un flux d'\u00e9lectrons am\u00e9lior\u00e9, la technologie TOPCon am\u00e9liore l'efficacit\u00e9 de la conversion d'\u00e9nergie tout en r\u00e9duisant les pertes, se positionnant comme la technologie photovolta\u00efque de nouvelle g\u00e9n\u00e9ration.<\/p>\n<h2>Qu\u2019est-ce que la technologie TOPCon ?<\/h2>\n<p>TOPCon, abr\u00e9viation de Tunnel Oxide Passivated Contact, est une technologie de cellule solaire \u00e0 haut rendement qui utilise une couche d'oxyde ultra-fine pour am\u00e9liorer le contact \u00e9lectrique et la conversion d'\u00e9nergie, surpassant les cellules solaires traditionnelles.<\/p>\n<p>En combinant les forces des technologies PERC et h\u00e9t\u00e9rojonction sans leurs limites, TOPCon atteint des rendements plus \u00e9lev\u00e9s de plus de 22% par rapport aux 18-19% de PERC.<\/p>","protected":false},"featured_media":5540,"comment_status":"closed","ping_status":"closed","template":"","meta":[],"product_brand":[],"product_cat":[51],"product_tag":[],"class_list":{"0":"post-5536","1":"product","2":"type-product","3":"status-publish","4":"has-post-thumbnail","6":"product_cat-solar-panel","8":"first","9":"instock","10":"shipping-taxable","11":"product-type-simple"},"_links":{"self":[{"href":"https:\/\/www.hitekenergy.com\/fr\/wp-json\/wp\/v2\/product\/5536","targetHints":{"allow":["GET"]}}],"collection":[{"href":"https:\/\/www.hitekenergy.com\/fr\/wp-json\/wp\/v2\/product"}],"about":[{"href":"https:\/\/www.hitekenergy.com\/fr\/wp-json\/wp\/v2\/types\/product"}],"replies":[{"embeddable":true,"href":"https:\/\/www.hitekenergy.com\/fr\/wp-json\/wp\/v2\/comments?post=5536"}],"wp:featuredmedia":[{"embeddable":true,"href":"https:\/\/www.hitekenergy.com\/fr\/wp-json\/wp\/v2\/media\/5540"}],"wp:attachment":[{"href":"https:\/\/www.hitekenergy.com\/fr\/wp-json\/wp\/v2\/media?parent=5536"}],"wp:term":[{"taxonomy":"product_brand","embeddable":true,"href":"https:\/\/www.hitekenergy.com\/fr\/wp-json\/wp\/v2\/product_brand?post=5536"},{"taxonomy":"product_cat","embeddable":true,"href":"https:\/\/www.hitekenergy.com\/fr\/wp-json\/wp\/v2\/product_cat?post=5536"},{"taxonomy":"product_tag","embeddable":true,"href":"https:\/\/www.hitekenergy.com\/fr\/wp-json\/wp\/v2\/product_tag?post=5536"}],"curies":[{"name":"wp","href":"https:\/\/api.w.org\/{rel}","templated":true}]}}