{"id":5558,"date":"2025-09-02T13:59:42","date_gmt":"2025-09-02T05:59:42","guid":{"rendered":"https:\/\/www.hitekenergy.com\/?post_type=product&#038;p=5558"},"modified":"2025-09-16T14:34:50","modified_gmt":"2025-09-16T06:34:50","slug":"50kw-solar-inverter-hps50000tl","status":"publish","type":"product","link":"https:\/\/www.hitekenergy.com\/fr\/inverter\/50kw-solar-inverter-hps50000tl\/","title":{"rendered":"50KW onduleur solaire HPS50000TL"},"content":{"rendered":"<h2>Pourquoi choisir HITEK ENERGY ?<\/h2>\n<p><span style=\"color: #00ff00;\">\u2714<\/span>\u00a0Efficacit\u00e9 \u00e0 la pointe de l'industrie \u2014 MPPT avanc\u00e9 technologie d'onduleur hybride<\/p>\n<p><span style=\"color: #00ff00;\">\u2714<\/span> \u00c9nergie fiable 24 heures sur 24, 7 jours sur 7 \u2014 Transition sans faille entre les sources d'\u00e9nergie<\/p>\n<p><span style=\"color: #00ff00;\">\u2714<\/span> Faible entretien &amp; Durables \u2014 Batteries au lithium de qualit\u00e9 sup\u00e9rieure avec une dur\u00e9e de vie de 10 ans<\/p>\n<p><span style=\"color: #00ff00;\">\u2714<\/span> Gestion intelligente de l &apos; \u00e9nergie \u2014 Surveillance en temps r\u00e9el performances adaptatives<\/p>\n<p>&nbsp;<\/p>\n<p>Chez HITEK ENERGY, votre satisfaction est notre priorit\u00e9 absolue. Nous utilisons uniquement des \u00e9quipements solaires approuv\u00e9s.<\/p>\n<p>&nbsp;<\/p>\n<h2>Photos d\u00e9taill\u00e9es<\/h2>\n<p><img fetchpriority=\"high\" decoding=\"async\" class=\"size-full wp-image-5803\" src=\"https:\/\/www.hitekenergy.com\/wp-content\/uploads\/2025\/09\/HITEK-ENERGY-50kw-solar-inverter-details.jpg\" alt=\"HITEK ENERGY 50kw onduleur solaire d\u00e9tails\" width=\"1920\" height=\"2400\" srcset=\"https:\/\/www.hitekenergy.com\/wp-content\/uploads\/2025\/09\/HITEK-ENERGY-50kw-solar-inverter-details.jpg 1920w, https:\/\/www.hitekenergy.com\/wp-content\/uploads\/2025\/09\/HITEK-ENERGY-50kw-solar-inverter-details-240x300.jpg 240w, https:\/\/www.hitekenergy.com\/wp-content\/uploads\/2025\/09\/HITEK-ENERGY-50kw-solar-inverter-details-819x1024.jpg 819w, https:\/\/www.hitekenergy.com\/wp-content\/uploads\/2025\/09\/HITEK-ENERGY-50kw-solar-inverter-details-768x960.jpg 768w, https:\/\/www.hitekenergy.com\/wp-content\/uploads\/2025\/09\/HITEK-ENERGY-50kw-solar-inverter-details-1229x1536.jpg 1229w, https:\/\/www.hitekenergy.com\/wp-content\/uploads\/2025\/09\/HITEK-ENERGY-50kw-solar-inverter-details-1638x2048.jpg 1638w, https:\/\/www.hitekenergy.com\/wp-content\/uploads\/2025\/09\/HITEK-ENERGY-50kw-solar-inverter-details-10x12.jpg 10w, https:\/\/www.hitekenergy.com\/wp-content\/uploads\/2025\/09\/HITEK-ENERGY-50kw-solar-inverter-details-600x750.jpg 600w\" sizes=\"(max-width: 1920px) 100vw, 1920px\" \/><\/p>\n<h2>Cas de projet HITEKESS<\/h2>\n<p><img decoding=\"async\" class=\"size-full wp-image-5806\" src=\"https:\/\/www.hitekenergy.com\/wp-content\/uploads\/2025\/09\/HITEK-ENERGY-solar-projects-1.jpg\" alt=\"Projets solaires HITEK ENERGY\" width=\"1920\" height=\"2000\" srcset=\"https:\/\/www.hitekenergy.com\/wp-content\/uploads\/2025\/09\/HITEK-ENERGY-solar-projects-1.jpg 1920w, https:\/\/www.hitekenergy.com\/wp-content\/uploads\/2025\/09\/HITEK-ENERGY-solar-projects-1-288x300.jpg 288w, https:\/\/www.hitekenergy.com\/wp-content\/uploads\/2025\/09\/HITEK-ENERGY-solar-projects-1-983x1024.jpg 983w, https:\/\/www.hitekenergy.com\/wp-content\/uploads\/2025\/09\/HITEK-ENERGY-solar-projects-1-768x800.jpg 768w, https:\/\/www.hitekenergy.com\/wp-content\/uploads\/2025\/09\/HITEK-ENERGY-solar-projects-1-1475x1536.jpg 1475w, https:\/\/www.hitekenergy.com\/wp-content\/uploads\/2025\/09\/HITEK-ENERGY-solar-projects-1-12x12.jpg 12w, https:\/\/www.hitekenergy.com\/wp-content\/uploads\/2025\/09\/HITEK-ENERGY-solar-projects-1-600x625.jpg 600w\" sizes=\"(max-width: 1920px) 100vw, 1920px\" \/><\/p>","protected":false},"excerpt":{"rendered":"<p>L'ATESS HPS30000\/40000\/50000TL combine l'inverseur PV, le contr\u00f4leur de charge et la gestion du r\u00e9seau dans une seule unit\u00e9 robuste, offrant un rendement ultra-\u00e9lev\u00e9 (jusqu'\u00e0 98,6 %) pour un fonctionnement sans faille. Avec le support de connexions parall\u00e8les jusqu'\u00e0 6 unit\u00e9s (max. jusqu'\u00e0 300KW), il s'adapte facilement pour r\u00e9pondre aux demandes \u00e9nerg\u00e9tiques croissantes. Cet onduleur est parfait pour les usines, les fermes et les b\u00e2timents commerciaux qui cherchent \u00e0 r\u00e9duire les factures d'\u00e9nergie et \u00e0 assurer l'alimentation de secours. C\u2019est le noyau intelligent et \u00e0 l\u2019avenir de tout syst\u00e8me \u00e9nerg\u00e9tique r\u00e9silient.<\/p>","protected":false},"featured_media":5566,"comment_status":"closed","ping_status":"closed","template":"","meta":[],"product_brand":[],"product_cat":[29],"product_tag":[],"class_list":{"0":"post-5558","1":"product","2":"type-product","3":"status-publish","4":"has-post-thumbnail","6":"product_cat-inverter","8":"first","9":"instock","10":"shipping-taxable","11":"product-type-simple"},"_links":{"self":[{"href":"https:\/\/www.hitekenergy.com\/fr\/wp-json\/wp\/v2\/product\/5558","targetHints":{"allow":["GET"]}}],"collection":[{"href":"https:\/\/www.hitekenergy.com\/fr\/wp-json\/wp\/v2\/product"}],"about":[{"href":"https:\/\/www.hitekenergy.com\/fr\/wp-json\/wp\/v2\/types\/product"}],"replies":[{"embeddable":true,"href":"https:\/\/www.hitekenergy.com\/fr\/wp-json\/wp\/v2\/comments?post=5558"}],"wp:featuredmedia":[{"embeddable":true,"href":"https:\/\/www.hitekenergy.com\/fr\/wp-json\/wp\/v2\/media\/5566"}],"wp:attachment":[{"href":"https:\/\/www.hitekenergy.com\/fr\/wp-json\/wp\/v2\/media?parent=5558"}],"wp:term":[{"taxonomy":"product_brand","embeddable":true,"href":"https:\/\/www.hitekenergy.com\/fr\/wp-json\/wp\/v2\/product_brand?post=5558"},{"taxonomy":"product_cat","embeddable":true,"href":"https:\/\/www.hitekenergy.com\/fr\/wp-json\/wp\/v2\/product_cat?post=5558"},{"taxonomy":"product_tag","embeddable":true,"href":"https:\/\/www.hitekenergy.com\/fr\/wp-json\/wp\/v2\/product_tag?post=5558"}],"curies":[{"name":"wp","href":"https:\/\/api.w.org\/{rel}","templated":true}]}}