{"id":5577,"date":"2025-09-02T15:27:32","date_gmt":"2025-09-02T07:27:32","guid":{"rendered":"https:\/\/www.hitekenergy.com\/?post_type=product&#038;p=5577"},"modified":"2025-09-17T18:00:27","modified_gmt":"2025-09-17T10:00:27","slug":"500kw-hybrid-solar-inverter","status":"publish","type":"product","link":"https:\/\/www.hitekenergy.com\/fr\/inverter\/500kw-hybrid-solar-inverter\/","title":{"rendered":"Inverteur solaire hybride 500KW"},"content":{"rendered":"<h2>Pourquoi choisir HITEK ENERGY ?<\/h2>\n<p><span style=\"color: #00ff00;\">\u2714<\/span>\u00a0Efficacit\u00e9 \u00e0 la pointe de l'industrie \u2014 MPPT avanc\u00e9 technologie d'onduleur hybride<\/p>\n<p><span style=\"color: #00ff00;\">\u2714<\/span> \u00c9nergie fiable 24 heures sur 24, 7 jours sur 7 \u2014 Transition sans faille entre les sources d'\u00e9nergie<\/p>\n<p><span style=\"color: #00ff00;\">\u2714<\/span> Faible entretien &amp; Durables \u2014 Batteries au lithium de qualit\u00e9 sup\u00e9rieure avec une dur\u00e9e de vie de 10 ans<\/p>\n<p><span style=\"color: #00ff00;\">\u2714<\/span> Gestion intelligente de l &apos; \u00e9nergie \u2014 Surveillance en temps r\u00e9el performances adaptatives<\/p>\n<p>&nbsp;<\/p>\n<p>Chez HITEK ENERGY, votre satisfaction est notre priorit\u00e9 absolue. Nous utilisons uniquement des \u00e9quipements solaires approuv\u00e9s.<\/p>\n<h2><\/h2>\n<p><img fetchpriority=\"high\" decoding=\"async\" class=\"aligncenter wp-image-5509 size-full\" src=\"https:\/\/www.hitekenergy.com\/wp-content\/uploads\/2025\/09\/case-1.jpg\" alt=\"\" width=\"1360\" height=\"446\" srcset=\"https:\/\/www.hitekenergy.com\/wp-content\/uploads\/2025\/09\/case-1.jpg 1360w, https:\/\/www.hitekenergy.com\/wp-content\/uploads\/2025\/09\/case-1-300x98.jpg 300w, https:\/\/www.hitekenergy.com\/wp-content\/uploads\/2025\/09\/case-1-1024x336.jpg 1024w, https:\/\/www.hitekenergy.com\/wp-content\/uploads\/2025\/09\/case-1-768x252.jpg 768w, https:\/\/www.hitekenergy.com\/wp-content\/uploads\/2025\/09\/case-1-18x6.jpg 18w, https:\/\/www.hitekenergy.com\/wp-content\/uploads\/2025\/09\/case-1-600x197.jpg 600w\" sizes=\"(max-width: 1360px) 100vw, 1360px\" \/><\/p>","protected":false},"excerpt":{"rendered":"<p>Con\u00e7u pour des applications commerciales, industrielles (C&amp;I) et \u00e0 l'\u00e9chelle des services publics exigeantes, le Megarevo MPS30-500KW est le noyau robuste et intelligent de syst\u00e8mes \u00e9lectriques modernes, r\u00e9silients et \u00e9conomiques.<\/p>\n<p>Con\u00e7u pour fonctionner 24 heures sur 24, 7 jours sur 7, le MPS500KW fournit 500 kW de puissance pure sinusoidale avec une durabilit\u00e9 et une stabilit\u00e9 exceptionnelles, assurant un temps de fonctionnement maximum pour les op\u00e9rations critiques.<\/p>\n<p>Le MPS500KW vous permet de construire un syst\u00e8me d'\u00e9nergie solaire intelligent, adaptable et r\u00e9silient. R\u00e9duire les co\u00fbts op\u00e9rationnels, am\u00e9liorer l\u2019ind\u00e9pendance \u00e9nerg\u00e9tique, assurer la continuit\u00e9 des activit\u00e9s et contribuer \u00e0 un avenir durable \u2013 le tout gr\u00e2ce \u00e0 Megarevo&#8217; technologie hybride de qualit\u00e9 industrielle.<\/p>","protected":false},"featured_media":5578,"comment_status":"closed","ping_status":"closed","template":"","meta":[],"product_brand":[],"product_cat":[29],"product_tag":[],"class_list":{"0":"post-5577","1":"product","2":"type-product","3":"status-publish","4":"has-post-thumbnail","6":"product_cat-inverter","8":"first","9":"instock","10":"shipping-taxable","11":"product-type-simple"},"_links":{"self":[{"href":"https:\/\/www.hitekenergy.com\/fr\/wp-json\/wp\/v2\/product\/5577","targetHints":{"allow":["GET"]}}],"collection":[{"href":"https:\/\/www.hitekenergy.com\/fr\/wp-json\/wp\/v2\/product"}],"about":[{"href":"https:\/\/www.hitekenergy.com\/fr\/wp-json\/wp\/v2\/types\/product"}],"replies":[{"embeddable":true,"href":"https:\/\/www.hitekenergy.com\/fr\/wp-json\/wp\/v2\/comments?post=5577"}],"wp:featuredmedia":[{"embeddable":true,"href":"https:\/\/www.hitekenergy.com\/fr\/wp-json\/wp\/v2\/media\/5578"}],"wp:attachment":[{"href":"https:\/\/www.hitekenergy.com\/fr\/wp-json\/wp\/v2\/media?parent=5577"}],"wp:term":[{"taxonomy":"product_brand","embeddable":true,"href":"https:\/\/www.hitekenergy.com\/fr\/wp-json\/wp\/v2\/product_brand?post=5577"},{"taxonomy":"product_cat","embeddable":true,"href":"https:\/\/www.hitekenergy.com\/fr\/wp-json\/wp\/v2\/product_cat?post=5577"},{"taxonomy":"product_tag","embeddable":true,"href":"https:\/\/www.hitekenergy.com\/fr\/wp-json\/wp\/v2\/product_tag?post=5577"}],"curies":[{"name":"wp","href":"https:\/\/api.w.org\/{rel}","templated":true}]}}