{"id":5597,"date":"2025-09-02T18:34:53","date_gmt":"2025-09-02T10:34:53","guid":{"rendered":"https:\/\/www.hitekenergy.com\/?post_type=product&#038;p=5597"},"modified":"2025-09-12T13:31:09","modified_gmt":"2025-09-12T05:31:09","slug":"51-2v-314ah-hv-lithium-battery","status":"publish","type":"product","link":"https:\/\/www.hitekenergy.com\/fr\/lithium-battery\/51-2v-314ah-hv-lithium-battery\/","title":{"rendered":"Batterie au lithium 51.2V 314AH HV"},"content":{"rendered":"<h2>HITEKESS BATTERIE PHOTOS R\u00c9ALES<\/h2>\n<p><img fetchpriority=\"high\" decoding=\"async\" class=\"aligncenter wp-image-5592 size-full\" src=\"https:\/\/www.hitekenergy.com\/wp-content\/uploads\/2025\/09\/BATTERTY-DETAILS-1.jpg\" alt=\"\" width=\"1200\" height=\"378\" srcset=\"https:\/\/www.hitekenergy.com\/wp-content\/uploads\/2025\/09\/BATTERTY-DETAILS-1.jpg 1200w, https:\/\/www.hitekenergy.com\/wp-content\/uploads\/2025\/09\/BATTERTY-DETAILS-1-300x95.jpg 300w, https:\/\/www.hitekenergy.com\/wp-content\/uploads\/2025\/09\/BATTERTY-DETAILS-1-1024x323.jpg 1024w, https:\/\/www.hitekenergy.com\/wp-content\/uploads\/2025\/09\/BATTERTY-DETAILS-1-768x242.jpg 768w, https:\/\/www.hitekenergy.com\/wp-content\/uploads\/2025\/09\/BATTERTY-DETAILS-1-18x6.jpg 18w, https:\/\/www.hitekenergy.com\/wp-content\/uploads\/2025\/09\/BATTERTY-DETAILS-1-600x189.jpg 600w\" sizes=\"(max-width: 1200px) 100vw, 1200px\" \/><\/p>\n<p><img decoding=\"async\" class=\"aligncenter wp-image-5593 size-full\" src=\"https:\/\/www.hitekenergy.com\/wp-content\/uploads\/2025\/09\/BATTERTY-DETAILS-2.jpg\" alt=\"\" width=\"1200\" height=\"367\" srcset=\"https:\/\/www.hitekenergy.com\/wp-content\/uploads\/2025\/09\/BATTERTY-DETAILS-2.jpg 1200w, https:\/\/www.hitekenergy.com\/wp-content\/uploads\/2025\/09\/BATTERTY-DETAILS-2-300x92.jpg 300w, https:\/\/www.hitekenergy.com\/wp-content\/uploads\/2025\/09\/BATTERTY-DETAILS-2-1024x313.jpg 1024w, https:\/\/www.hitekenergy.com\/wp-content\/uploads\/2025\/09\/BATTERTY-DETAILS-2-768x235.jpg 768w, https:\/\/www.hitekenergy.com\/wp-content\/uploads\/2025\/09\/BATTERTY-DETAILS-2-18x6.jpg 18w, https:\/\/www.hitekenergy.com\/wp-content\/uploads\/2025\/09\/BATTERTY-DETAILS-2-600x184.jpg 600w\" sizes=\"(max-width: 1200px) 100vw, 1200px\" \/><\/p>\n<p><img decoding=\"async\" class=\"aligncenter wp-image-5594 size-full\" src=\"https:\/\/www.hitekenergy.com\/wp-content\/uploads\/2025\/09\/BATTERTY-DETAILS-3.jpg\" alt=\"\" width=\"1200\" height=\"377\" srcset=\"https:\/\/www.hitekenergy.com\/wp-content\/uploads\/2025\/09\/BATTERTY-DETAILS-3.jpg 1200w, https:\/\/www.hitekenergy.com\/wp-content\/uploads\/2025\/09\/BATTERTY-DETAILS-3-300x94.jpg 300w, https:\/\/www.hitekenergy.com\/wp-content\/uploads\/2025\/09\/BATTERTY-DETAILS-3-1024x322.jpg 1024w, https:\/\/www.hitekenergy.com\/wp-content\/uploads\/2025\/09\/BATTERTY-DETAILS-3-768x241.jpg 768w, https:\/\/www.hitekenergy.com\/wp-content\/uploads\/2025\/09\/BATTERTY-DETAILS-3-18x6.jpg 18w, https:\/\/www.hitekenergy.com\/wp-content\/uploads\/2025\/09\/BATTERTY-DETAILS-3-600x189.jpg 600w\" sizes=\"(max-width: 1200px) 100vw, 1200px\" \/><\/p>\n<p>&nbsp;<\/p>\n<h2>Marques lnverter compatibles<\/h2>\n<p><img loading=\"lazy\" decoding=\"async\" class=\"aligncenter wp-image-5595 size-full\" src=\"https:\/\/www.hitekenergy.com\/wp-content\/uploads\/2025\/09\/Compatible-Inverter-Brands-List.jpg\" alt=\"\" width=\"1360\" height=\"851\" srcset=\"https:\/\/www.hitekenergy.com\/wp-content\/uploads\/2025\/09\/Compatible-Inverter-Brands-List.jpg 1360w, https:\/\/www.hitekenergy.com\/wp-content\/uploads\/2025\/09\/Compatible-Inverter-Brands-List-300x188.jpg 300w, https:\/\/www.hitekenergy.com\/wp-content\/uploads\/2025\/09\/Compatible-Inverter-Brands-List-1024x641.jpg 1024w, https:\/\/www.hitekenergy.com\/wp-content\/uploads\/2025\/09\/Compatible-Inverter-Brands-List-768x481.jpg 768w, https:\/\/www.hitekenergy.com\/wp-content\/uploads\/2025\/09\/Compatible-Inverter-Brands-List-18x12.jpg 18w, https:\/\/www.hitekenergy.com\/wp-content\/uploads\/2025\/09\/Compatible-Inverter-Brands-List-600x375.jpg 600w\" sizes=\"(max-width: 1360px) 100vw, 1360px\" \/><\/p>\n<p>&nbsp;<\/p>\n<p><img loading=\"lazy\" decoding=\"async\" class=\"aligncenter wp-image-5509 size-full\" src=\"https:\/\/www.hitekenergy.com\/wp-content\/uploads\/2025\/09\/case-1.jpg\" alt=\"\" width=\"1360\" height=\"446\" srcset=\"https:\/\/www.hitekenergy.com\/wp-content\/uploads\/2025\/09\/case-1.jpg 1360w, https:\/\/www.hitekenergy.com\/wp-content\/uploads\/2025\/09\/case-1-300x98.jpg 300w, https:\/\/www.hitekenergy.com\/wp-content\/uploads\/2025\/09\/case-1-1024x336.jpg 1024w, https:\/\/www.hitekenergy.com\/wp-content\/uploads\/2025\/09\/case-1-768x252.jpg 768w, https:\/\/www.hitekenergy.com\/wp-content\/uploads\/2025\/09\/case-1-18x6.jpg 18w, https:\/\/www.hitekenergy.com\/wp-content\/uploads\/2025\/09\/case-1-600x197.jpg 600w\" sizes=\"(max-width: 1360px) 100vw, 1360px\" \/><\/p>\n<p><img loading=\"lazy\" decoding=\"async\" class=\"aligncenter wp-image-5508 size-full\" src=\"https:\/\/www.hitekenergy.com\/wp-content\/uploads\/2025\/09\/case-2.jpg\" alt=\"\" width=\"1360\" height=\"434\" srcset=\"https:\/\/www.hitekenergy.com\/wp-content\/uploads\/2025\/09\/case-2.jpg 1360w, https:\/\/www.hitekenergy.com\/wp-content\/uploads\/2025\/09\/case-2-300x96.jpg 300w, https:\/\/www.hitekenergy.com\/wp-content\/uploads\/2025\/09\/case-2-1024x327.jpg 1024w, https:\/\/www.hitekenergy.com\/wp-content\/uploads\/2025\/09\/case-2-768x245.jpg 768w, https:\/\/www.hitekenergy.com\/wp-content\/uploads\/2025\/09\/case-2-18x6.jpg 18w, https:\/\/www.hitekenergy.com\/wp-content\/uploads\/2025\/09\/case-2-600x191.jpg 600w\" sizes=\"(max-width: 1360px) 100vw, 1360px\" \/><\/p>","protected":false},"excerpt":{"rendered":"<p>Le module de batterie au lithium haute tension HITEKESS 51.2V 314Ah offre une densit\u00e9 \u00e9nerg\u00e9tique sup\u00e9rieure et une dur\u00e9e de vie prolong\u00e9e dans une conception compacte plug-and-play. Sa chimie avanc\u00e9e LFP (LiFePO4) assure une stabilit\u00e9 et une s\u00e9curit\u00e9 thermiques exceptionnelles, soutenues par un BMS intelligent int\u00e9gr\u00e9 pour une surveillance et une protection pr\u00e9cises. Ce module robuste est id\u00e9al pour les syst\u00e8mes de stockage solaire commerciaux et industriels, les alimentations hors r\u00e9seau et les applications \u00e9nerg\u00e9tiques de sauvegarde \u00e0 moyenne \u00e9chelle. Il permet une \u00e9volutivit\u00e9 facile pour des projets allant de 60 kWh \u00e0 des installations de niveau MWh, offrant une fiabilit\u00e9, une stabilit\u00e9 et puissance durable.<\/p>","protected":false},"featured_media":5598,"comment_status":"open","ping_status":"closed","template":"","meta":[],"product_brand":[],"product_cat":[28],"product_tag":[],"class_list":{"0":"post-5597","1":"product","2":"type-product","3":"status-publish","4":"has-post-thumbnail","6":"product_cat-lithium-battery","8":"first","9":"instock","10":"shipping-taxable","11":"product-type-simple"},"_links":{"self":[{"href":"https:\/\/www.hitekenergy.com\/fr\/wp-json\/wp\/v2\/product\/5597","targetHints":{"allow":["GET"]}}],"collection":[{"href":"https:\/\/www.hitekenergy.com\/fr\/wp-json\/wp\/v2\/product"}],"about":[{"href":"https:\/\/www.hitekenergy.com\/fr\/wp-json\/wp\/v2\/types\/product"}],"replies":[{"embeddable":true,"href":"https:\/\/www.hitekenergy.com\/fr\/wp-json\/wp\/v2\/comments?post=5597"}],"wp:featuredmedia":[{"embeddable":true,"href":"https:\/\/www.hitekenergy.com\/fr\/wp-json\/wp\/v2\/media\/5598"}],"wp:attachment":[{"href":"https:\/\/www.hitekenergy.com\/fr\/wp-json\/wp\/v2\/media?parent=5597"}],"wp:term":[{"taxonomy":"product_brand","embeddable":true,"href":"https:\/\/www.hitekenergy.com\/fr\/wp-json\/wp\/v2\/product_brand?post=5597"},{"taxonomy":"product_cat","embeddable":true,"href":"https:\/\/www.hitekenergy.com\/fr\/wp-json\/wp\/v2\/product_cat?post=5597"},{"taxonomy":"product_tag","embeddable":true,"href":"https:\/\/www.hitekenergy.com\/fr\/wp-json\/wp\/v2\/product_tag?post=5597"}],"curies":[{"name":"wp","href":"https:\/\/api.w.org\/{rel}","templated":true}]}}