{"id":5514,"date":"2025-09-01T17:37:47","date_gmt":"2025-09-01T09:37:47","guid":{"rendered":"https:\/\/www.hitekenergy.com\/?post_type=product&#038;p=5514"},"modified":"2025-09-24T15:24:30","modified_gmt":"2025-09-24T07:24:30","slug":"20kw-40kwh-hybrid-home-solar-system","status":"publish","type":"product","link":"https:\/\/www.hitekenergy.com\/nl\/residential-energy-storage-system\/20kw-40kwh-hybrid-home-solar-system\/","title":{"rendered":"20KW 40KWH Hybrid Huis Zonnestelsel"},"content":{"rendered":"<h2>Waarom kiezen voor HITEK ENERGY?<\/h2>\n<p>&nbsp;<\/p>\n<p><span style=\"color: #00ff00;\">\u2714<\/span>\u00a0Industrieleidende effici\u00ebntie \u2014 geavanceerde MPPT &amp; hybride omvormertechnologie<\/p>\n<p><span style=\"color: #00ff00;\">\u2714\u00a0<\/span>Betrouwbare 24\/7 stroom \u2014 Naadloze overgang tussen energiebronnen<\/p>\n<p><span style=\"color: #00ff00;\">\u2714<\/span>\u00a0Laag onderhoud &amp; Duurzaam \u2014 Premium lithiumbatterijen met een levensduur van 10 jaar<\/p>\n<p><span style=\"color: #00ff00;\">\u2714<\/span>\u00a0Slim energiebeheer \u2014 Real-time monitoring &amp; adaptieve prestaties<\/p>\n<p>&nbsp;<\/p>\n<h2>HITEKESS Projectgevallen<\/h2>\n<p><img fetchpriority=\"high\" decoding=\"async\" class=\"aligncenter wp-image-5519 size-full\" src=\"https:\/\/www.hitekenergy.com\/wp-content\/uploads\/2025\/09\/HITEKESS-Solar-Project.jpg\" alt=\"\" width=\"1200\" height=\"1200\" srcset=\"https:\/\/www.hitekenergy.com\/wp-content\/uploads\/2025\/09\/HITEKESS-Solar-Project.jpg 1200w, https:\/\/www.hitekenergy.com\/wp-content\/uploads\/2025\/09\/HITEKESS-Solar-Project-300x300.jpg 300w, https:\/\/www.hitekenergy.com\/wp-content\/uploads\/2025\/09\/HITEKESS-Solar-Project-1024x1024.jpg 1024w, https:\/\/www.hitekenergy.com\/wp-content\/uploads\/2025\/09\/HITEKESS-Solar-Project-150x150.jpg 150w, https:\/\/www.hitekenergy.com\/wp-content\/uploads\/2025\/09\/HITEKESS-Solar-Project-768x768.jpg 768w, https:\/\/www.hitekenergy.com\/wp-content\/uploads\/2025\/09\/HITEKESS-Solar-Project-12x12.jpg 12w, https:\/\/www.hitekenergy.com\/wp-content\/uploads\/2025\/09\/HITEKESS-Solar-Project-600x600.jpg 600w, https:\/\/www.hitekenergy.com\/wp-content\/uploads\/2025\/09\/HITEKESS-Solar-Project-100x100.jpg 100w\" sizes=\"(max-width: 1200px) 100vw, 1200px\" \/><\/p>\n<p>&nbsp;<\/p>\n<p>&nbsp;<\/p>","protected":false},"excerpt":{"rendered":"<p>Het 20KW 40KWH Hybrid Solar System van HITEK ENERGY integreert naadloos zonne-energie, netstroom en batterijopslag om ononderbroken, effici\u00ebnt en kosteneffectief elektriciteit te leveren. Dit geavanceerde systeem is ontworpen voor zowel residenti\u00eble als commerci\u00eble toepassingen en maximaliseert de energieonafhankelijkheid terwijl het vermindert van de afhankelijkheid van traditionele netten.<\/p>","protected":false},"featured_media":5516,"comment_status":"closed","ping_status":"closed","template":"","meta":[],"product_brand":[],"product_cat":[23],"product_tag":[],"class_list":{"0":"post-5514","1":"product","2":"type-product","3":"status-publish","4":"has-post-thumbnail","6":"product_cat-residential-energy-storage-system","8":"first","9":"instock","10":"shipping-taxable","11":"product-type-simple"},"_links":{"self":[{"href":"https:\/\/www.hitekenergy.com\/nl\/wp-json\/wp\/v2\/product\/5514","targetHints":{"allow":["GET"]}}],"collection":[{"href":"https:\/\/www.hitekenergy.com\/nl\/wp-json\/wp\/v2\/product"}],"about":[{"href":"https:\/\/www.hitekenergy.com\/nl\/wp-json\/wp\/v2\/types\/product"}],"replies":[{"embeddable":true,"href":"https:\/\/www.hitekenergy.com\/nl\/wp-json\/wp\/v2\/comments?post=5514"}],"wp:featuredmedia":[{"embeddable":true,"href":"https:\/\/www.hitekenergy.com\/nl\/wp-json\/wp\/v2\/media\/5516"}],"wp:attachment":[{"href":"https:\/\/www.hitekenergy.com\/nl\/wp-json\/wp\/v2\/media?parent=5514"}],"wp:term":[{"taxonomy":"product_brand","embeddable":true,"href":"https:\/\/www.hitekenergy.com\/nl\/wp-json\/wp\/v2\/product_brand?post=5514"},{"taxonomy":"product_cat","embeddable":true,"href":"https:\/\/www.hitekenergy.com\/nl\/wp-json\/wp\/v2\/product_cat?post=5514"},{"taxonomy":"product_tag","embeddable":true,"href":"https:\/\/www.hitekenergy.com\/nl\/wp-json\/wp\/v2\/product_tag?post=5514"}],"curies":[{"name":"wp","href":"https:\/\/api.w.org\/{rel}","templated":true}]}}