{"id":5260,"date":"2025-07-21T18:01:12","date_gmt":"2025-07-21T10:01:12","guid":{"rendered":"https:\/\/www.hitekenergy.com\/?post_type=product&#038;p=5260"},"modified":"2025-09-24T15:35:53","modified_gmt":"2025-09-24T07:35:53","slug":"200kwh-solar-battery-outdoor-cabinet","status":"publish","type":"product","link":"https:\/\/www.hitekenergy.com\/nn\/containerized-outdoor-bess\/200kwh-solar-battery-outdoor-cabinet\/","title":{"rendered":"200KWH Solbatteriet- utbyrjar"},"content":{"rendered":"<h2>Hvorfor vel HITEK ENERGY?<\/h2>\n<p>&nbsp;<\/p>\n<p><span style=\"color: #00ff00;\">\u2714<\/span>\u00a0Industry-Leading Effektivitet \u2013 Avansert MPPT &amp;amp; hybrid inverterter teknologi<\/p>\n<p><span style=\"color: #00ff00;\">\u2714<\/span>\u00a0Tilh\u00f8yrande 24\/7 straum \u2013 Ugyldig overgang mellom energikjelder<\/p>\n<p><span style=\"color: #00ff00;\">\u2714<\/span>\u00a0L\u00e5g vedlikehald og Durleg \u2013 Premium lithium- batterier med 10 \u00e5r livsstyrke<\/p>\n<p><span style=\"color: #00ff00;\">\u2714<\/span>\u00a0smart energy management \u2013 Real-time monitoring and monitoring Adaptivt utvikling<\/p>\n<p>&nbsp;<\/p>\n<p>P\u00e5 HITEK ENERGY er tilfredsstillinga v\u00e5r \u00f8vre prioritet. Vi bruker berre tilgjengelege sollikningar.<\/p>\n<h2><\/h2>\n<p><img fetchpriority=\"high\" decoding=\"async\" class=\"aligncenter wp-image-5509 size-full\" src=\"https:\/\/www.hitekenergy.com\/wp-content\/uploads\/2025\/09\/case-1.jpg\" alt=\"\" width=\"1360\" height=\"446\" srcset=\"https:\/\/www.hitekenergy.com\/wp-content\/uploads\/2025\/09\/case-1.jpg 1360w, https:\/\/www.hitekenergy.com\/wp-content\/uploads\/2025\/09\/case-1-300x98.jpg 300w, https:\/\/www.hitekenergy.com\/wp-content\/uploads\/2025\/09\/case-1-1024x336.jpg 1024w, https:\/\/www.hitekenergy.com\/wp-content\/uploads\/2025\/09\/case-1-768x252.jpg 768w, https:\/\/www.hitekenergy.com\/wp-content\/uploads\/2025\/09\/case-1-18x6.jpg 18w, https:\/\/www.hitekenergy.com\/wp-content\/uploads\/2025\/09\/case-1-600x197.jpg 600w\" sizes=\"(max-width: 1360px) 100vw, 1360px\" \/><\/p>\n<p><img decoding=\"async\" class=\"aligncenter wp-image-5508 size-full\" src=\"https:\/\/www.hitekenergy.com\/wp-content\/uploads\/2025\/09\/case-2.jpg\" alt=\"\" width=\"1360\" height=\"434\" srcset=\"https:\/\/www.hitekenergy.com\/wp-content\/uploads\/2025\/09\/case-2.jpg 1360w, https:\/\/www.hitekenergy.com\/wp-content\/uploads\/2025\/09\/case-2-300x96.jpg 300w, https:\/\/www.hitekenergy.com\/wp-content\/uploads\/2025\/09\/case-2-1024x327.jpg 1024w, https:\/\/www.hitekenergy.com\/wp-content\/uploads\/2025\/09\/case-2-768x245.jpg 768w, https:\/\/www.hitekenergy.com\/wp-content\/uploads\/2025\/09\/case-2-18x6.jpg 18w, https:\/\/www.hitekenergy.com\/wp-content\/uploads\/2025\/09\/case-2-600x191.jpg 600w\" sizes=\"(max-width: 1360px) 100vw, 1360px\" \/><\/p>","protected":false},"excerpt":{"rendered":"<p>Ein motor for \u00e5 kreve milj\u00f8, HITEK ENERGY 200kWh All-in-One Outdoor Storage Cabinet integrerer utklipptegnologi med kraftig tryggleik. F\u00f8r samlinga og testa, kommer han klar for \u00e5 utf\u00f8ra, slag installasjonstid og kostnad til opp til 40%. Ideal for fabrikar &amp; Lagarar, telekommunikasjonstader, landbruk og Bruk miningsoperasjonar.<\/p>\n<p>&nbsp;<\/p>\n<p><strong style=\"font-size: 18pt;\"><\/strong><\/p>\n<p>&nbsp;<\/p>\n<p><img decoding=\"async\" class=\"size-full wp-image-5821\" src=\"https:\/\/www.hitekenergy.com\/wp-content\/uploads\/2025\/07\/HITEKESS-200KWH-Outdoor-Cabinet-Project.jpg\" alt=\" \" width=\"1920\" height=\"1920\" srcset=\"https:\/\/www.hitekenergy.com\/wp-content\/uploads\/2025\/07\/HITEKESS-200KWH-Outdoor-Cabinet-Project.jpg 1920w, https:\/\/www.hitekenergy.com\/wp-content\/uploads\/2025\/07\/HITEKESS-200KWH-Outdoor-Cabinet-Project-300x300.jpg 300w, https:\/\/www.hitekenergy.com\/wp-content\/uploads\/2025\/07\/HITEKESS-200KWH-Outdoor-Cabinet-Project-1024x1024.jpg 1024w, https:\/\/www.hitekenergy.com\/wp-content\/uploads\/2025\/07\/HITEKESS-200KWH-Outdoor-Cabinet-Project-150x150.jpg 150w, https:\/\/www.hitekenergy.com\/wp-content\/uploads\/2025\/07\/HITEKESS-200KWH-Outdoor-Cabinet-Project-768x768.jpg 768w, https:\/\/www.hitekenergy.com\/wp-content\/uploads\/2025\/07\/HITEKESS-200KWH-Outdoor-Cabinet-Project-1536x1536.jpg 1536w, https:\/\/www.hitekenergy.com\/wp-content\/uploads\/2025\/07\/HITEKESS-200KWH-Outdoor-Cabinet-Project-12x12.jpg 12w, https:\/\/www.hitekenergy.com\/wp-content\/uploads\/2025\/07\/HITEKESS-200KWH-Outdoor-Cabinet-Project-600x600.jpg 600w, https:\/\/www.hitekenergy.com\/wp-content\/uploads\/2025\/07\/HITEKESS-200KWH-Outdoor-Cabinet-Project-100x100.jpg 100w\" sizes=\"(max-width: 1920px) 100vw, 1920px\" \/><\/p>","protected":false},"featured_media":5262,"comment_status":"closed","ping_status":"closed","template":"","meta":[],"product_brand":[],"product_cat":[22],"product_tag":[],"class_list":{"0":"post-5260","1":"product","2":"type-product","3":"status-publish","4":"has-post-thumbnail","6":"product_cat-containerized-outdoor-bess","8":"first","9":"instock","10":"shipping-taxable","11":"product-type-simple"},"_links":{"self":[{"href":"https:\/\/www.hitekenergy.com\/nn\/wp-json\/wp\/v2\/product\/5260","targetHints":{"allow":["GET"]}}],"collection":[{"href":"https:\/\/www.hitekenergy.com\/nn\/wp-json\/wp\/v2\/product"}],"about":[{"href":"https:\/\/www.hitekenergy.com\/nn\/wp-json\/wp\/v2\/types\/product"}],"replies":[{"embeddable":true,"href":"https:\/\/www.hitekenergy.com\/nn\/wp-json\/wp\/v2\/comments?post=5260"}],"wp:featuredmedia":[{"embeddable":true,"href":"https:\/\/www.hitekenergy.com\/nn\/wp-json\/wp\/v2\/media\/5262"}],"wp:attachment":[{"href":"https:\/\/www.hitekenergy.com\/nn\/wp-json\/wp\/v2\/media?parent=5260"}],"wp:term":[{"taxonomy":"product_brand","embeddable":true,"href":"https:\/\/www.hitekenergy.com\/nn\/wp-json\/wp\/v2\/product_brand?post=5260"},{"taxonomy":"product_cat","embeddable":true,"href":"https:\/\/www.hitekenergy.com\/nn\/wp-json\/wp\/v2\/product_cat?post=5260"},{"taxonomy":"product_tag","embeddable":true,"href":"https:\/\/www.hitekenergy.com\/nn\/wp-json\/wp\/v2\/product_tag?post=5260"}],"curies":[{"name":"wp","href":"https:\/\/api.w.org\/{rel}","templated":true}]}}