{"id":5447,"date":"2025-09-01T09:28:05","date_gmt":"2025-09-01T01:28:05","guid":{"rendered":"https:\/\/www.hitekenergy.com\/?post_type=product&#038;p=5447"},"modified":"2025-09-11T09:50:39","modified_gmt":"2025-09-11T01:50:39","slug":"2mw-4mwh-ess-storage-system","status":"publish","type":"product","link":"https:\/\/www.hitekenergy.com\/nn\/ci-energy-storage-system\/2mw-4mwh-ess-storage-system\/","title":{"rendered":"2MW 4MWH ESS lagringssystem"},"content":{"rendered":"<h2><span style=\"color: #000000;\">Hvorfor vel HITEK ENERGY?<\/span><\/h2>\n<p><span style=\"color: #00ff00;\">\u2714<\/span>\u00a0Industry-Leading Effektivitet \u2013 Avansert MPPT &amp;amp; hybrid inverterter teknologi<\/p>\n<p><span style=\"color: #00ff00;\">\u2714\u00a0<\/span>Tilh\u00f8yrande 24\/7 straum \u2013 Ugyldig overgang mellom energikjelder<\/p>\n<p><span style=\"color: #00ff00;\">\u2714<\/span>\u00a0L\u00e5g vedlikehald og Durleg \u2013 Premium lithium- batterier med 10 \u00e5r livsstyrke<\/p>\n<p><span style=\"color: #00ff00;\">\u2714<\/span>\u00a0smart energy management \u2013 Real-time monitoring and monitoring Adaptivt utvikling<\/p>\n<p>&nbsp;<\/p>\n<p>P\u00e5 HITEK ENERGY er tilfredsstillinga v\u00e5r \u00f8vre prioritet. Vi bruker berre tilgjengelege sollikningar.<\/p>\n<p>&nbsp;<\/p>\n<p><img fetchpriority=\"high\" decoding=\"async\" class=\"aligncenter wp-image-5509 size-full\" src=\"https:\/\/www.hitekenergy.com\/wp-content\/uploads\/2025\/09\/case-1.jpg\" alt=\"\" width=\"1360\" height=\"446\" srcset=\"https:\/\/www.hitekenergy.com\/wp-content\/uploads\/2025\/09\/case-1.jpg 1360w, https:\/\/www.hitekenergy.com\/wp-content\/uploads\/2025\/09\/case-1-300x98.jpg 300w, https:\/\/www.hitekenergy.com\/wp-content\/uploads\/2025\/09\/case-1-1024x336.jpg 1024w, https:\/\/www.hitekenergy.com\/wp-content\/uploads\/2025\/09\/case-1-768x252.jpg 768w, https:\/\/www.hitekenergy.com\/wp-content\/uploads\/2025\/09\/case-1-18x6.jpg 18w, https:\/\/www.hitekenergy.com\/wp-content\/uploads\/2025\/09\/case-1-600x197.jpg 600w\" sizes=\"(max-width: 1360px) 100vw, 1360px\" \/><\/p>\n<p><img decoding=\"async\" class=\"aligncenter wp-image-5508 size-full\" src=\"https:\/\/www.hitekenergy.com\/wp-content\/uploads\/2025\/09\/case-2.jpg\" alt=\"\" width=\"1360\" height=\"434\" srcset=\"https:\/\/www.hitekenergy.com\/wp-content\/uploads\/2025\/09\/case-2.jpg 1360w, https:\/\/www.hitekenergy.com\/wp-content\/uploads\/2025\/09\/case-2-300x96.jpg 300w, https:\/\/www.hitekenergy.com\/wp-content\/uploads\/2025\/09\/case-2-1024x327.jpg 1024w, https:\/\/www.hitekenergy.com\/wp-content\/uploads\/2025\/09\/case-2-768x245.jpg 768w, https:\/\/www.hitekenergy.com\/wp-content\/uploads\/2025\/09\/case-2-18x6.jpg 18w, https:\/\/www.hitekenergy.com\/wp-content\/uploads\/2025\/09\/case-2-600x191.jpg 600w\" sizes=\"(max-width: 1360px) 100vw, 1360px\" \/><\/p>\n<p>&nbsp;<\/p>\n<p>&nbsp;<\/p>","protected":false},"excerpt":{"rendered":"<p>HITEK ENERGY 2MW 4.085MWH Hybrid Energy Storage System Med ein robust 2MW-straumproduksjon og 4.085MWH-kapasitet, denne systemet sikrer p\u00e5 tiltrukkeleg lagring og handtering av energi, og gj\u00f8r det ideal for h\u00f8gre rasning, lasting, mikrogrid for \u00f8yar\/fjerne kommunikasjonar og sikkerhetskopi.<\/p>","protected":false},"featured_media":5449,"comment_status":"closed","ping_status":"closed","template":"","meta":[],"product_brand":[],"product_cat":[16],"product_tag":[],"class_list":{"0":"post-5447","1":"product","2":"type-product","3":"status-publish","4":"has-post-thumbnail","6":"product_cat-ci-energy-storage-system","8":"first","9":"instock","10":"shipping-taxable","11":"product-type-simple"},"_links":{"self":[{"href":"https:\/\/www.hitekenergy.com\/nn\/wp-json\/wp\/v2\/product\/5447","targetHints":{"allow":["GET"]}}],"collection":[{"href":"https:\/\/www.hitekenergy.com\/nn\/wp-json\/wp\/v2\/product"}],"about":[{"href":"https:\/\/www.hitekenergy.com\/nn\/wp-json\/wp\/v2\/types\/product"}],"replies":[{"embeddable":true,"href":"https:\/\/www.hitekenergy.com\/nn\/wp-json\/wp\/v2\/comments?post=5447"}],"wp:featuredmedia":[{"embeddable":true,"href":"https:\/\/www.hitekenergy.com\/nn\/wp-json\/wp\/v2\/media\/5449"}],"wp:attachment":[{"href":"https:\/\/www.hitekenergy.com\/nn\/wp-json\/wp\/v2\/media?parent=5447"}],"wp:term":[{"taxonomy":"product_brand","embeddable":true,"href":"https:\/\/www.hitekenergy.com\/nn\/wp-json\/wp\/v2\/product_brand?post=5447"},{"taxonomy":"product_cat","embeddable":true,"href":"https:\/\/www.hitekenergy.com\/nn\/wp-json\/wp\/v2\/product_cat?post=5447"},{"taxonomy":"product_tag","embeddable":true,"href":"https:\/\/www.hitekenergy.com\/nn\/wp-json\/wp\/v2\/product_tag?post=5447"}],"curies":[{"name":"wp","href":"https:\/\/api.w.org\/{rel}","templated":true}]}}