{"id":5487,"date":"2025-09-01T15:44:02","date_gmt":"2025-09-01T07:44:02","guid":{"rendered":"https:\/\/www.hitekenergy.com\/?post_type=product&#038;p=5487"},"modified":"2025-09-19T09:17:32","modified_gmt":"2025-09-19T01:17:32","slug":"1mw-2mwh-40ft-container-ess","status":"publish","type":"product","link":"https:\/\/www.hitekenergy.com\/nn\/containerized-outdoor-bess\/1mw-2mwh-40ft-container-ess\/","title":{"rendered":"1MW 2MWH 40FT- kontiner ESS"},"content":{"rendered":"<h2>Hvorfor vel HITEK ENERGY?<\/h2>\n<p>&nbsp;<\/p>\n<p><span style=\"color: #00ff00;\">\u2714<\/span>\u00a0Industry-Leading Effektivitet \u2013 Avansert MPPT &amp;amp; hybrid inverterter teknologi<\/p>\n<p><span style=\"color: #00ff00;\">\u2714\u00a0<\/span>Tilh\u00f8yrande 24\/7 straum \u2013 Ugyldig overgang mellom energikjelder<\/p>\n<p><span style=\"color: #00ff00;\">\u2714<\/span>\u00a0L\u00e5g vedlikehald og Durleg \u2013 Premium lithium- batterier med 10 \u00e5r livsstyrke<\/p>\n<p><span style=\"color: #00ff00;\">\u2714<\/span>\u00a0smart energy management \u2013 Real-time monitoring and monitoring Adaptivt utvikling<\/p>\n<p>&nbsp;<\/p>\n<p>P\u00e5 HITEK ENERGY er tilfredsstillinga v\u00e5r \u00f8vre prioritet. Vi bruker berre tilgjengelege sollikningar.<\/p>\n<p>&nbsp;<\/p>\n<p><img fetchpriority=\"high\" decoding=\"async\" class=\"aligncenter wp-image-5509 size-full\" src=\"https:\/\/www.hitekenergy.com\/wp-content\/uploads\/2025\/09\/case-1.jpg\" alt=\"\" width=\"1360\" height=\"446\" srcset=\"https:\/\/www.hitekenergy.com\/wp-content\/uploads\/2025\/09\/case-1.jpg 1360w, https:\/\/www.hitekenergy.com\/wp-content\/uploads\/2025\/09\/case-1-300x98.jpg 300w, https:\/\/www.hitekenergy.com\/wp-content\/uploads\/2025\/09\/case-1-1024x336.jpg 1024w, https:\/\/www.hitekenergy.com\/wp-content\/uploads\/2025\/09\/case-1-768x252.jpg 768w, https:\/\/www.hitekenergy.com\/wp-content\/uploads\/2025\/09\/case-1-18x6.jpg 18w, https:\/\/www.hitekenergy.com\/wp-content\/uploads\/2025\/09\/case-1-600x197.jpg 600w\" sizes=\"(max-width: 1360px) 100vw, 1360px\" \/><\/p>\n<p><img decoding=\"async\" class=\"aligncenter wp-image-5508 size-full\" src=\"https:\/\/www.hitekenergy.com\/wp-content\/uploads\/2025\/09\/case-2.jpg\" alt=\"\" width=\"1360\" height=\"434\" srcset=\"https:\/\/www.hitekenergy.com\/wp-content\/uploads\/2025\/09\/case-2.jpg 1360w, https:\/\/www.hitekenergy.com\/wp-content\/uploads\/2025\/09\/case-2-300x96.jpg 300w, https:\/\/www.hitekenergy.com\/wp-content\/uploads\/2025\/09\/case-2-1024x327.jpg 1024w, https:\/\/www.hitekenergy.com\/wp-content\/uploads\/2025\/09\/case-2-768x245.jpg 768w, https:\/\/www.hitekenergy.com\/wp-content\/uploads\/2025\/09\/case-2-18x6.jpg 18w, https:\/\/www.hitekenergy.com\/wp-content\/uploads\/2025\/09\/case-2-600x191.jpg 600w\" sizes=\"(max-width: 1360px) 100vw, 1360px\" \/><\/p>\n<p>&nbsp;<\/p>","protected":false},"excerpt":{"rendered":"<p>HITEK ENERGY\u2019s 1MW 2MWH 40FT Containerized Battery Energy Storage System (BESS) is a high-performance, all-in-one solution designed for utility-scale, commercial &amp; industrial (C&amp;I) og hybrid gjenopprettbare energiprogram. Dette systemet sikrar effektivitet, skalabilitet og st\u00f8rrelse i n\u00f8dvendig energimilj\u00f8.<\/p>","protected":false},"featured_media":5498,"comment_status":"closed","ping_status":"closed","template":"","meta":[],"product_brand":[],"product_cat":[22],"product_tag":[],"class_list":{"0":"post-5487","1":"product","2":"type-product","3":"status-publish","4":"has-post-thumbnail","6":"product_cat-containerized-outdoor-bess","8":"first","9":"instock","10":"shipping-taxable","11":"product-type-simple"},"_links":{"self":[{"href":"https:\/\/www.hitekenergy.com\/nn\/wp-json\/wp\/v2\/product\/5487","targetHints":{"allow":["GET"]}}],"collection":[{"href":"https:\/\/www.hitekenergy.com\/nn\/wp-json\/wp\/v2\/product"}],"about":[{"href":"https:\/\/www.hitekenergy.com\/nn\/wp-json\/wp\/v2\/types\/product"}],"replies":[{"embeddable":true,"href":"https:\/\/www.hitekenergy.com\/nn\/wp-json\/wp\/v2\/comments?post=5487"}],"wp:featuredmedia":[{"embeddable":true,"href":"https:\/\/www.hitekenergy.com\/nn\/wp-json\/wp\/v2\/media\/5498"}],"wp:attachment":[{"href":"https:\/\/www.hitekenergy.com\/nn\/wp-json\/wp\/v2\/media?parent=5487"}],"wp:term":[{"taxonomy":"product_brand","embeddable":true,"href":"https:\/\/www.hitekenergy.com\/nn\/wp-json\/wp\/v2\/product_brand?post=5487"},{"taxonomy":"product_cat","embeddable":true,"href":"https:\/\/www.hitekenergy.com\/nn\/wp-json\/wp\/v2\/product_cat?post=5487"},{"taxonomy":"product_tag","embeddable":true,"href":"https:\/\/www.hitekenergy.com\/nn\/wp-json\/wp\/v2\/product_tag?post=5487"}],"curies":[{"name":"wp","href":"https:\/\/api.w.org\/{rel}","templated":true}]}}