{"id":5523,"date":"2025-09-01T18:34:16","date_gmt":"2025-09-01T10:34:16","guid":{"rendered":"https:\/\/www.hitekenergy.com\/?post_type=product&#038;p=5523"},"modified":"2026-03-20T14:45:43","modified_gmt":"2026-03-20T06:45:43","slug":"n-type-600watt-solar-panel","status":"publish","type":"product","link":"https:\/\/www.hitekenergy.com\/nn\/solar-panel\/n-type-600watt-solar-panel\/","title":{"rendered":"N type 600 watt solpanel"},"content":{"rendered":"<h2>Hvorfor vel HITEK ENERGY?<\/h2>\n<p><span style=\"color: #00ff00;\">\u2714<\/span>\u00a0Tilpassar fokusert<\/p>\n<p>Vi startar ved \u00e5 h\u00f8yra - fordi energiutfordringar din k\u00f8yrer inovasjonane v\u00e5re.<\/p>\n<p><span style=\"color: #00ff00;\">\u2714<\/span>\u00a0Relatibilitet<\/p>\n<p>Kvar system som vi tilbyr, m\u00e5 overstyra forventingane dine, ikkje bare garanti.<\/p>\n<p><span style=\"color: #00ff00;\">\u2714<\/span>\u00a0Vedlikebart rutenett<\/p>\n<p>Rein energi er ikkje ein trend. Det er v\u00e5rt ansvarlighet for framtidige generasjonar.<\/p>\n<p>&nbsp;<\/p>\n<p>P\u00e5 HITEK ENERGY er tilfredsstillinga v\u00e5r \u00f8vre prioritet. Vi bruker berre tilgjengelege sollikningar.<\/p>\n<p>&nbsp;<\/p>\n<p>Investisjon i TOPCon-teknologi oppretter utvida langsiktige \u00f8konomiske og milj\u00f8fordeler p\u00e5 grunn av \u00f8kning av b\u00e6rekraftige energi.<\/p>\n<p><\/p>\n<p>&nbsp;<\/p>\n<h2><span style=\"color: #000000;\">Solpanelet produksjonslinje<\/span><\/h2>\n<p><img fetchpriority=\"high\" decoding=\"async\" class=\"size-full wp-image-5779\" src=\"https:\/\/www.hitekenergy.com\/wp-content\/uploads\/2025\/09\/HITEK-Energy-Solar-Panel-Production-Line-1.jpg\" alt=\"HITEK-Energy-Solar-Panel-Production-Line\" width=\"1920\" height=\"1440\" srcset=\"https:\/\/www.hitekenergy.com\/wp-content\/uploads\/2025\/09\/HITEK-Energy-Solar-Panel-Production-Line-1.jpg 1920w, https:\/\/www.hitekenergy.com\/wp-content\/uploads\/2025\/09\/HITEK-Energy-Solar-Panel-Production-Line-1-300x225.jpg 300w, https:\/\/www.hitekenergy.com\/wp-content\/uploads\/2025\/09\/HITEK-Energy-Solar-Panel-Production-Line-1-1024x768.jpg 1024w, https:\/\/www.hitekenergy.com\/wp-content\/uploads\/2025\/09\/HITEK-Energy-Solar-Panel-Production-Line-1-768x576.jpg 768w, https:\/\/www.hitekenergy.com\/wp-content\/uploads\/2025\/09\/HITEK-Energy-Solar-Panel-Production-Line-1-1536x1152.jpg 1536w, https:\/\/www.hitekenergy.com\/wp-content\/uploads\/2025\/09\/HITEK-Energy-Solar-Panel-Production-Line-1-16x12.jpg 16w, https:\/\/www.hitekenergy.com\/wp-content\/uploads\/2025\/09\/HITEK-Energy-Solar-Panel-Production-Line-1-600x450.jpg 600w\" sizes=\"(max-width: 1920px) 100vw, 1920px\" \/><\/p>\n<h2><span style=\"color: #000000;\">DETAILED &amp;<\/span><\/h2>\n<p><img decoding=\"async\" class=\"size-full wp-image-5772\" src=\"https:\/\/www.hitekenergy.com\/wp-content\/uploads\/2025\/09\/HITEK-ENERGY-Solar-Panels-Package2.jpg\" alt=\"HITEK-ENERGY-solpanel-pakke\" width=\"1920\" height=\"1440\" srcset=\"https:\/\/www.hitekenergy.com\/wp-content\/uploads\/2025\/09\/HITEK-ENERGY-Solar-Panels-Package2.jpg 1920w, https:\/\/www.hitekenergy.com\/wp-content\/uploads\/2025\/09\/HITEK-ENERGY-Solar-Panels-Package2-300x225.jpg 300w, https:\/\/www.hitekenergy.com\/wp-content\/uploads\/2025\/09\/HITEK-ENERGY-Solar-Panels-Package2-1024x768.jpg 1024w, https:\/\/www.hitekenergy.com\/wp-content\/uploads\/2025\/09\/HITEK-ENERGY-Solar-Panels-Package2-768x576.jpg 768w, https:\/\/www.hitekenergy.com\/wp-content\/uploads\/2025\/09\/HITEK-ENERGY-Solar-Panels-Package2-1536x1152.jpg 1536w, https:\/\/www.hitekenergy.com\/wp-content\/uploads\/2025\/09\/HITEK-ENERGY-Solar-Panels-Package2-16x12.jpg 16w, https:\/\/www.hitekenergy.com\/wp-content\/uploads\/2025\/09\/HITEK-ENERGY-Solar-Panels-Package2-600x450.jpg 600w\" sizes=\"(max-width: 1920px) 100vw, 1920px\" \/><\/p>\n<h2><span style=\"color: #000000;\"><\/span><\/h2>\n<p><img decoding=\"async\" class=\"size-full wp-image-5777\" src=\"https:\/\/www.hitekenergy.com\/wp-content\/uploads\/2025\/09\/HITEK-ENERGY-Solar-Panel-Project2-3.jpg\" alt=\" \" width=\"1920\" height=\"1440\" srcset=\"https:\/\/www.hitekenergy.com\/wp-content\/uploads\/2025\/09\/HITEK-ENERGY-Solar-Panel-Project2-3.jpg 1920w, https:\/\/www.hitekenergy.com\/wp-content\/uploads\/2025\/09\/HITEK-ENERGY-Solar-Panel-Project2-3-300x225.jpg 300w, https:\/\/www.hitekenergy.com\/wp-content\/uploads\/2025\/09\/HITEK-ENERGY-Solar-Panel-Project2-3-1024x768.jpg 1024w, https:\/\/www.hitekenergy.com\/wp-content\/uploads\/2025\/09\/HITEK-ENERGY-Solar-Panel-Project2-3-768x576.jpg 768w, https:\/\/www.hitekenergy.com\/wp-content\/uploads\/2025\/09\/HITEK-ENERGY-Solar-Panel-Project2-3-1536x1152.jpg 1536w, https:\/\/www.hitekenergy.com\/wp-content\/uploads\/2025\/09\/HITEK-ENERGY-Solar-Panel-Project2-3-16x12.jpg 16w, https:\/\/www.hitekenergy.com\/wp-content\/uploads\/2025\/09\/HITEK-ENERGY-Solar-Panel-Project2-3-600x450.jpg 600w\" sizes=\"(max-width: 1920px) 100vw, 1920px\" \/><\/p>\n<p>&nbsp;<\/p>\n<p>&nbsp;<\/p>\n<p>&nbsp;<\/p>","protected":false},"excerpt":{"rendered":"<p>Med h\u00f8vre passivasjon og forbetra elektronsl\u00f8p, vil TOPCon-teknologien forbetra energetisk konverteringseffektivitet medan du reduserer tap og plasserer seg som neste generasjon PV-teknologi.<\/p>\n<h2>Kva er TOPCon-teknologi?<\/h2>\n<p>TOPCon, kort for tunelaokside-passivert kontakt, er ein h\u00f8g effektiv solcelle-teknologi som brukar eit ultra-tyn oksidlag for \u00e5 forbetra elektrisk kontakt og energi-konvertering, som utf\u00f8rer tradisjonelle solceller.<\/p>\n<p>Ved \u00e5 kombinere styrkene p\u00e5 b\u00e5de PERC og heterojunksteknologiar utan grensene sine, oppn\u00e5r TOPCon h\u00f8gare effektiviteten over 22 % samanlikna med 18-19 % av PERC.<\/p>","protected":false},"featured_media":5525,"comment_status":"closed","ping_status":"closed","template":"","meta":[],"product_brand":[],"product_cat":[51],"product_tag":[],"class_list":{"0":"post-5523","1":"product","2":"type-product","3":"status-publish","4":"has-post-thumbnail","6":"product_cat-solar-panel","8":"first","9":"instock","10":"shipping-taxable","11":"product-type-simple"},"_links":{"self":[{"href":"https:\/\/www.hitekenergy.com\/nn\/wp-json\/wp\/v2\/product\/5523","targetHints":{"allow":["GET"]}}],"collection":[{"href":"https:\/\/www.hitekenergy.com\/nn\/wp-json\/wp\/v2\/product"}],"about":[{"href":"https:\/\/www.hitekenergy.com\/nn\/wp-json\/wp\/v2\/types\/product"}],"replies":[{"embeddable":true,"href":"https:\/\/www.hitekenergy.com\/nn\/wp-json\/wp\/v2\/comments?post=5523"}],"wp:featuredmedia":[{"embeddable":true,"href":"https:\/\/www.hitekenergy.com\/nn\/wp-json\/wp\/v2\/media\/5525"}],"wp:attachment":[{"href":"https:\/\/www.hitekenergy.com\/nn\/wp-json\/wp\/v2\/media?parent=5523"}],"wp:term":[{"taxonomy":"product_brand","embeddable":true,"href":"https:\/\/www.hitekenergy.com\/nn\/wp-json\/wp\/v2\/product_brand?post=5523"},{"taxonomy":"product_cat","embeddable":true,"href":"https:\/\/www.hitekenergy.com\/nn\/wp-json\/wp\/v2\/product_cat?post=5523"},{"taxonomy":"product_tag","embeddable":true,"href":"https:\/\/www.hitekenergy.com\/nn\/wp-json\/wp\/v2\/product_tag?post=5523"}],"curies":[{"name":"wp","href":"https:\/\/api.w.org\/{rel}","templated":true}]}}