{"id":5555,"date":"2025-09-02T13:46:03","date_gmt":"2025-09-02T05:46:03","guid":{"rendered":"https:\/\/www.hitekenergy.com\/?post_type=product&#038;p=5555"},"modified":"2025-09-16T11:47:37","modified_gmt":"2025-09-16T03:47:37","slug":"150kw-solar-inverter-hps150hv","status":"publish","type":"product","link":"https:\/\/www.hitekenergy.com\/nn\/inverter\/150kw-solar-inverter-hps150hv\/","title":{"rendered":"150KW solInverter HPS150HV"},"content":{"rendered":"<h2>Hvorfor vel HITEK ENERGY?<\/h2>\n<p><span style=\"color: #00ff00;\">\u2714<\/span>\u00a0Industry-Leading Effektivitet \u2013 Avansert MPPT &amp;amp; hybrid inverterter teknologi<\/p>\n<p><span style=\"color: #00ff00;\">\u2714<\/span> Tilh\u00f8yrande 24\/7 straum \u2013 Ugyldig overgang mellom energikjelder<\/p>\n<p><span style=\"color: #00ff00;\">\u2714<\/span> L\u00e5g vedlikehald og Durbar \u2013 Premium lithium- batterier med 10 \u00e5r livsstyrke<\/p>\n<p><span style=\"color: #00ff00;\">\u2714<\/span> Smart Energy Management \u2013 Realtidsverking og overv\u00e5king Adaptivt utvikling<\/p>\n<p>&nbsp;<\/p>\n<p>P\u00e5 HITEK ENERGY er tilfredsstillinga v\u00e5r \u00f8vre prioritet. Vi bruker berre tilgjengelege sollikningar.<\/p>\n<p>&nbsp;<\/p>\n<h2>Detaljerte bilete<\/h2>\n<p><img fetchpriority=\"high\" decoding=\"async\" class=\"size-full wp-image-5800\" src=\"https:\/\/www.hitekenergy.com\/wp-content\/uploads\/2025\/09\/HITEK-ENERGY-PCS-Inverter-Details-N.jpg\" alt=\" \" width=\"1920\" height=\"1440\" srcset=\"https:\/\/www.hitekenergy.com\/wp-content\/uploads\/2025\/09\/HITEK-ENERGY-PCS-Inverter-Details-N.jpg 1920w, https:\/\/www.hitekenergy.com\/wp-content\/uploads\/2025\/09\/HITEK-ENERGY-PCS-Inverter-Details-N-300x225.jpg 300w, https:\/\/www.hitekenergy.com\/wp-content\/uploads\/2025\/09\/HITEK-ENERGY-PCS-Inverter-Details-N-1024x768.jpg 1024w, https:\/\/www.hitekenergy.com\/wp-content\/uploads\/2025\/09\/HITEK-ENERGY-PCS-Inverter-Details-N-768x576.jpg 768w, https:\/\/www.hitekenergy.com\/wp-content\/uploads\/2025\/09\/HITEK-ENERGY-PCS-Inverter-Details-N-1536x1152.jpg 1536w, https:\/\/www.hitekenergy.com\/wp-content\/uploads\/2025\/09\/HITEK-ENERGY-PCS-Inverter-Details-N-16x12.jpg 16w, https:\/\/www.hitekenergy.com\/wp-content\/uploads\/2025\/09\/HITEK-ENERGY-PCS-Inverter-Details-N-600x450.jpg 600w\" sizes=\"(max-width: 1920px) 100vw, 1920px\" \/><\/p>\n<h2><\/h2>\n<p><img decoding=\"async\" class=\"size-full wp-image-5802\" src=\"https:\/\/www.hitekenergy.com\/wp-content\/uploads\/2025\/09\/HITEK-Solar-Projects-NEW-1.jpg\" alt=\"Name\" width=\"1920\" height=\"1440\" srcset=\"https:\/\/www.hitekenergy.com\/wp-content\/uploads\/2025\/09\/HITEK-Solar-Projects-NEW-1.jpg 1920w, https:\/\/www.hitekenergy.com\/wp-content\/uploads\/2025\/09\/HITEK-Solar-Projects-NEW-1-300x225.jpg 300w, https:\/\/www.hitekenergy.com\/wp-content\/uploads\/2025\/09\/HITEK-Solar-Projects-NEW-1-1024x768.jpg 1024w, https:\/\/www.hitekenergy.com\/wp-content\/uploads\/2025\/09\/HITEK-Solar-Projects-NEW-1-768x576.jpg 768w, https:\/\/www.hitekenergy.com\/wp-content\/uploads\/2025\/09\/HITEK-Solar-Projects-NEW-1-1536x1152.jpg 1536w, https:\/\/www.hitekenergy.com\/wp-content\/uploads\/2025\/09\/HITEK-Solar-Projects-NEW-1-16x12.jpg 16w, https:\/\/www.hitekenergy.com\/wp-content\/uploads\/2025\/09\/HITEK-Solar-Projects-NEW-1-600x450.jpg 600w\" sizes=\"(max-width: 1920px) 100vw, 1920px\" \/><\/p>","protected":false},"excerpt":{"rendered":"<p>ATESS HPS100\/150HV alt i ein energi lagring hybrid inverter kryssar av pv inverter, lastingskontroller og nettverkshandtering i ei enkelt rugget eining, og slag installasjonskkompleksitet med 50 % for midtskala-prosjekt. Sammenlignet med HPS100\/150 er det med 2 MPPT for \u00e5 forbetra solstr\u00f8mmeeffektiviteten. Med st\u00f8tte for opp til 8 einingar i parallell (1,2MW i alt), \u00f8ker det s\u00e5kalt blant energien\u00f8dvendigheten dine, ideal for medium C&amp;amp; Eg har tilgang som fabrikar, shopping marketar, og mikro-grenser som reduserer ettersp\u00f8rselen eller treng h\u00f8gd rasking.<\/p>","protected":false},"featured_media":5556,"comment_status":"closed","ping_status":"closed","template":"","meta":[],"product_brand":[],"product_cat":[29],"product_tag":[],"class_list":{"0":"post-5555","1":"product","2":"type-product","3":"status-publish","4":"has-post-thumbnail","6":"product_cat-inverter","8":"first","9":"instock","10":"shipping-taxable","11":"product-type-simple"},"_links":{"self":[{"href":"https:\/\/www.hitekenergy.com\/nn\/wp-json\/wp\/v2\/product\/5555","targetHints":{"allow":["GET"]}}],"collection":[{"href":"https:\/\/www.hitekenergy.com\/nn\/wp-json\/wp\/v2\/product"}],"about":[{"href":"https:\/\/www.hitekenergy.com\/nn\/wp-json\/wp\/v2\/types\/product"}],"replies":[{"embeddable":true,"href":"https:\/\/www.hitekenergy.com\/nn\/wp-json\/wp\/v2\/comments?post=5555"}],"wp:featuredmedia":[{"embeddable":true,"href":"https:\/\/www.hitekenergy.com\/nn\/wp-json\/wp\/v2\/media\/5556"}],"wp:attachment":[{"href":"https:\/\/www.hitekenergy.com\/nn\/wp-json\/wp\/v2\/media?parent=5555"}],"wp:term":[{"taxonomy":"product_brand","embeddable":true,"href":"https:\/\/www.hitekenergy.com\/nn\/wp-json\/wp\/v2\/product_brand?post=5555"},{"taxonomy":"product_cat","embeddable":true,"href":"https:\/\/www.hitekenergy.com\/nn\/wp-json\/wp\/v2\/product_cat?post=5555"},{"taxonomy":"product_tag","embeddable":true,"href":"https:\/\/www.hitekenergy.com\/nn\/wp-json\/wp\/v2\/product_tag?post=5555"}],"curies":[{"name":"wp","href":"https:\/\/api.w.org\/{rel}","templated":true}]}}