{"id":5577,"date":"2025-09-02T15:27:32","date_gmt":"2025-09-02T07:27:32","guid":{"rendered":"https:\/\/www.hitekenergy.com\/?post_type=product&#038;p=5577"},"modified":"2025-09-17T18:00:27","modified_gmt":"2025-09-17T10:00:27","slug":"500kw-hybrid-solar-inverter","status":"publish","type":"product","link":"https:\/\/www.hitekenergy.com\/nn\/inverter\/500kw-hybrid-solar-inverter\/","title":{"rendered":"Name"},"content":{"rendered":"<h2>Hvorfor vel HITEK ENERGY?<\/h2>\n<p><span style=\"color: #00ff00;\">\u2714<\/span>\u00a0Industry-Leading Effektivitet \u2013 Avansert MPPT &amp;amp; hybrid inverterter teknologi<\/p>\n<p><span style=\"color: #00ff00;\">\u2714<\/span> Tilh\u00f8yrande 24\/7 straum \u2013 Ugyldig overgang mellom energikjelder<\/p>\n<p><span style=\"color: #00ff00;\">\u2714<\/span> L\u00e5g vedlikehald og Durbar \u2013 Premium lithium- batterier med 10 \u00e5r livsstyrke<\/p>\n<p><span style=\"color: #00ff00;\">\u2714<\/span> Smart Energy Management \u2013 Realtidsverking og overv\u00e5king Adaptivt utvikling<\/p>\n<p>&nbsp;<\/p>\n<p>P\u00e5 HITEK ENERGY er tilfredsstillinga v\u00e5r \u00f8vre prioritet. Vi bruker berre tilgjengelege sollikningar.<\/p>\n<h2><\/h2>\n<p><img fetchpriority=\"high\" decoding=\"async\" class=\"aligncenter wp-image-5509 size-full\" src=\"https:\/\/www.hitekenergy.com\/wp-content\/uploads\/2025\/09\/case-1.jpg\" alt=\"\" width=\"1360\" height=\"446\" srcset=\"https:\/\/www.hitekenergy.com\/wp-content\/uploads\/2025\/09\/case-1.jpg 1360w, https:\/\/www.hitekenergy.com\/wp-content\/uploads\/2025\/09\/case-1-300x98.jpg 300w, https:\/\/www.hitekenergy.com\/wp-content\/uploads\/2025\/09\/case-1-1024x336.jpg 1024w, https:\/\/www.hitekenergy.com\/wp-content\/uploads\/2025\/09\/case-1-768x252.jpg 768w, https:\/\/www.hitekenergy.com\/wp-content\/uploads\/2025\/09\/case-1-18x6.jpg 18w, https:\/\/www.hitekenergy.com\/wp-content\/uploads\/2025\/09\/case-1-600x197.jpg 600w\" sizes=\"(max-width: 1360px) 100vw, 1360px\" \/><\/p>","protected":false},"excerpt":{"rendered":"<p>Enginert for \u00e5 kreve kommersielle, industrielle (C&amp;I) og verkt\u00f8yskaleringsprogram, Megarevo MPS30-500KW er den sterke, intelligente kjernen av moderne, resilient og kostnadseffektive elektrosistem.<\/p>\n<p>Bygde for 24\/7 operasjon. MPS500KW leverer 500kW av rein sineb\u00f8lgj\u00f8straum med unng\u00e5ande durabilitet og stabilitet, og s\u00f8ker maksimal oppdateringstid for kritiske operasjonar.<\/p>\n<p>MPS500KW styrer deg til \u00e5 bygge eit intelligent, adaptivt og st\u00f8rrelsesystem for solenergi. Reduser operativske kostnader, forbetra energetiske uavhengighet, sikre bedriftskontinuitet, og bidra til ein b\u00e6rekraftig framtid \u2013 all powered by Megarevo&#8217; s industrielle hybridteknologi.<\/p>","protected":false},"featured_media":5578,"comment_status":"closed","ping_status":"closed","template":"","meta":[],"product_brand":[],"product_cat":[29],"product_tag":[],"class_list":{"0":"post-5577","1":"product","2":"type-product","3":"status-publish","4":"has-post-thumbnail","6":"product_cat-inverter","8":"first","9":"instock","10":"shipping-taxable","11":"product-type-simple"},"_links":{"self":[{"href":"https:\/\/www.hitekenergy.com\/nn\/wp-json\/wp\/v2\/product\/5577","targetHints":{"allow":["GET"]}}],"collection":[{"href":"https:\/\/www.hitekenergy.com\/nn\/wp-json\/wp\/v2\/product"}],"about":[{"href":"https:\/\/www.hitekenergy.com\/nn\/wp-json\/wp\/v2\/types\/product"}],"replies":[{"embeddable":true,"href":"https:\/\/www.hitekenergy.com\/nn\/wp-json\/wp\/v2\/comments?post=5577"}],"wp:featuredmedia":[{"embeddable":true,"href":"https:\/\/www.hitekenergy.com\/nn\/wp-json\/wp\/v2\/media\/5578"}],"wp:attachment":[{"href":"https:\/\/www.hitekenergy.com\/nn\/wp-json\/wp\/v2\/media?parent=5577"}],"wp:term":[{"taxonomy":"product_brand","embeddable":true,"href":"https:\/\/www.hitekenergy.com\/nn\/wp-json\/wp\/v2\/product_brand?post=5577"},{"taxonomy":"product_cat","embeddable":true,"href":"https:\/\/www.hitekenergy.com\/nn\/wp-json\/wp\/v2\/product_cat?post=5577"},{"taxonomy":"product_tag","embeddable":true,"href":"https:\/\/www.hitekenergy.com\/nn\/wp-json\/wp\/v2\/product_tag?post=5577"}],"curies":[{"name":"wp","href":"https:\/\/api.w.org\/{rel}","templated":true}]}}