{"id":5243,"date":"2025-07-21T17:11:58","date_gmt":"2025-07-21T09:11:58","guid":{"rendered":"https:\/\/www.hitekenergy.com\/?post_type=product&#038;p=5243"},"modified":"2025-09-12T11:12:23","modified_gmt":"2025-09-12T03:12:23","slug":"1mw-2mwh-commercial-storage-system","status":"publish","type":"product","link":"https:\/\/www.hitekenergy.com\/pt\/ci-energy-storage-system\/1mw-2mwh-commercial-storage-system\/","title":{"rendered":"Sistema de armazenamento comercial 1MW 2MWH"},"content":{"rendered":"<h2><span style=\"color: #000000;\">Por que escolher energia HITEK?<\/span><\/h2>\n<p><span style=\"color: #00ff00;\">\u2714<\/span>\u00a0Efici\u00eancia liderante da ind\u00fastria \u2014 MPPT avan\u00e7ado e tecnologia h\u00edbrida de inversores<\/p>\n<p><span style=\"color: #00ff00;\">\u2714\u00a0<\/span>Pot\u00eancia fi\u00e1vel 24\/7 \u2015 Transi\u00e7\u00e3o sem problemas entre fontes de energia<\/p>\n<p><span style=\"color: #00ff00;\">\u2714<\/span>\u00a0Baixa manuten\u00e7\u00e3o e Dur\u00e1vel - Bateria de l\u00edtio de pr\u00e9mio com uma dura\u00e7\u00e3o de vida de 10 anos<\/p>\n<p><span style=\"color: #00ff00;\">\u2714<\/span>\u00a0Gest\u00e3o Inteligente da Energia \u2014 monitoramento em tempo real e o desempenho adaptativo<\/p>\n<p>&nbsp;<\/p>\n<p>Na HITEK ENERGY, sua satisfa\u00e7\u00e3o \u00e9 nossa maior prioridade. Usamos S\u00f3 Equipamentos Solares Aprovados Fi\u00e1veis.<\/p>\n<p>&nbsp;<\/p>\n<p><img fetchpriority=\"high\" decoding=\"async\" class=\"aligncenter wp-image-5509 size-full\" src=\"https:\/\/www.hitekenergy.com\/wp-content\/uploads\/2025\/09\/case-1.jpg\" alt=\"\" width=\"1360\" height=\"446\" srcset=\"https:\/\/www.hitekenergy.com\/wp-content\/uploads\/2025\/09\/case-1.jpg 1360w, https:\/\/www.hitekenergy.com\/wp-content\/uploads\/2025\/09\/case-1-300x98.jpg 300w, https:\/\/www.hitekenergy.com\/wp-content\/uploads\/2025\/09\/case-1-1024x336.jpg 1024w, https:\/\/www.hitekenergy.com\/wp-content\/uploads\/2025\/09\/case-1-768x252.jpg 768w, https:\/\/www.hitekenergy.com\/wp-content\/uploads\/2025\/09\/case-1-18x6.jpg 18w, https:\/\/www.hitekenergy.com\/wp-content\/uploads\/2025\/09\/case-1-600x197.jpg 600w\" sizes=\"(max-width: 1360px) 100vw, 1360px\" \/><\/p>\n<p><img decoding=\"async\" class=\"aligncenter wp-image-5508 size-full\" src=\"https:\/\/www.hitekenergy.com\/wp-content\/uploads\/2025\/09\/case-2.jpg\" alt=\"\" width=\"1360\" height=\"434\" srcset=\"https:\/\/www.hitekenergy.com\/wp-content\/uploads\/2025\/09\/case-2.jpg 1360w, https:\/\/www.hitekenergy.com\/wp-content\/uploads\/2025\/09\/case-2-300x96.jpg 300w, https:\/\/www.hitekenergy.com\/wp-content\/uploads\/2025\/09\/case-2-1024x327.jpg 1024w, https:\/\/www.hitekenergy.com\/wp-content\/uploads\/2025\/09\/case-2-768x245.jpg 768w, https:\/\/www.hitekenergy.com\/wp-content\/uploads\/2025\/09\/case-2-18x6.jpg 18w, https:\/\/www.hitekenergy.com\/wp-content\/uploads\/2025\/09\/case-2-600x191.jpg 600w\" sizes=\"(max-width: 1360px) 100vw, 1360px\" \/><\/p>\n<p>&nbsp;<\/p>\n<p>&nbsp;<\/p>","protected":false},"excerpt":{"rendered":"<p>Why Choose HITEK ENERGY? \u2714\u00a0Industry-Leading Efficiency \u2014\u00a0Advanced MPPT &amp; hybrid inverter technology \u2714\u00a0Reliable 24\/7 Power \u2014\u00a0Seamless transition between energy sources \u2714\u00a0Low Maintenance &amp; Durable \u2014\u00a0Premium lithium batteries with a 10+ year lifespan \u2714\u00a0Smart Energy Management \u2014\u00a0Real-time monitoring &amp; adaptive performance &nbsp; At HITEK ENERGY, your satisfaction is our top priority. We use ONLY Reliable Approved [&hellip;]<\/p>\n","protected":false},"featured_media":5246,"comment_status":"closed","ping_status":"closed","template":"","meta":[],"product_brand":[],"product_cat":[16],"product_tag":[],"class_list":{"0":"post-5243","1":"product","2":"type-product","3":"status-publish","4":"has-post-thumbnail","6":"product_cat-ci-energy-storage-system","8":"first","9":"instock","10":"shipping-taxable","11":"product-type-simple"},"_links":{"self":[{"href":"https:\/\/www.hitekenergy.com\/pt\/wp-json\/wp\/v2\/product\/5243","targetHints":{"allow":["GET"]}}],"collection":[{"href":"https:\/\/www.hitekenergy.com\/pt\/wp-json\/wp\/v2\/product"}],"about":[{"href":"https:\/\/www.hitekenergy.com\/pt\/wp-json\/wp\/v2\/types\/product"}],"replies":[{"embeddable":true,"href":"https:\/\/www.hitekenergy.com\/pt\/wp-json\/wp\/v2\/comments?post=5243"}],"wp:featuredmedia":[{"embeddable":true,"href":"https:\/\/www.hitekenergy.com\/pt\/wp-json\/wp\/v2\/media\/5246"}],"wp:attachment":[{"href":"https:\/\/www.hitekenergy.com\/pt\/wp-json\/wp\/v2\/media?parent=5243"}],"wp:term":[{"taxonomy":"product_brand","embeddable":true,"href":"https:\/\/www.hitekenergy.com\/pt\/wp-json\/wp\/v2\/product_brand?post=5243"},{"taxonomy":"product_cat","embeddable":true,"href":"https:\/\/www.hitekenergy.com\/pt\/wp-json\/wp\/v2\/product_cat?post=5243"},{"taxonomy":"product_tag","embeddable":true,"href":"https:\/\/www.hitekenergy.com\/pt\/wp-json\/wp\/v2\/product_tag?post=5243"}],"curies":[{"name":"wp","href":"https:\/\/api.w.org\/{rel}","templated":true}]}}