{"id":5499,"date":"2025-09-01T16:32:39","date_gmt":"2025-09-01T08:32:39","guid":{"rendered":"https:\/\/www.hitekenergy.com\/?post_type=product&#038;p=5499"},"modified":"2025-09-19T09:48:23","modified_gmt":"2025-09-19T01:48:23","slug":"1mw-on-grid-solar-system","status":"publish","type":"product","link":"https:\/\/www.hitekenergy.com\/pt\/on-grid-solar-system\/1mw-on-grid-solar-system\/","title":{"rendered":"1MW no sistema solar da grelha"},"content":{"rendered":"<h2>Por que escolher energia HITEK?<\/h2>\n<p>&nbsp;<\/p>\n<p><span style=\"color: #00ff00;\">\u2714<\/span>\u00a0Efici\u00eancia liderante da ind\u00fastria \u2014 MPPT avan\u00e7ado e tecnologia h\u00edbrida de inversores<\/p>\n<p><span style=\"color: #00ff00;\">\u2714\u00a0<\/span>Pot\u00eancia fi\u00e1vel 24\/7 \u2015 Transi\u00e7\u00e3o sem problemas entre fontes de energia<\/p>\n<p><span style=\"color: #00ff00;\">\u2714<\/span>\u00a0Baixa manuten\u00e7\u00e3o e Dur\u00e1vel - Bateria de l\u00edtio de pr\u00e9mio com uma dura\u00e7\u00e3o de vida de 10 anos<\/p>\n<p><span style=\"color: #00ff00;\">\u2714<\/span>\u00a0Gest\u00e3o Inteligente da Energia \u2014 monitoramento em tempo real e o desempenho adaptativo<\/p>\n<p>&nbsp;<\/p>\n<p>Na HITEK ENERGY, sua satisfa\u00e7\u00e3o \u00e9 nossa maior prioridade. Usamos S\u00f3 Equipamentos Solares Aprovados Fi\u00e1veis.<\/p>\n<p>&nbsp;<\/p>\n<h2><span style=\"color: #000000;\">Nossos <\/span>EMBALAGES REIS PICS<\/h2>\n<p><img fetchpriority=\"high\" decoding=\"async\" class=\"size-full wp-image-5772\" src=\"https:\/\/www.hitekenergy.com\/wp-content\/uploads\/2025\/09\/HITEK-ENERGY-Solar-Panels-Package2.jpg\" alt=\"HITEK-ENERGY-Solar-Panels-Package\" width=\"1920\" height=\"1440\" srcset=\"https:\/\/www.hitekenergy.com\/wp-content\/uploads\/2025\/09\/HITEK-ENERGY-Solar-Panels-Package2.jpg 1920w, https:\/\/www.hitekenergy.com\/wp-content\/uploads\/2025\/09\/HITEK-ENERGY-Solar-Panels-Package2-300x225.jpg 300w, https:\/\/www.hitekenergy.com\/wp-content\/uploads\/2025\/09\/HITEK-ENERGY-Solar-Panels-Package2-1024x768.jpg 1024w, https:\/\/www.hitekenergy.com\/wp-content\/uploads\/2025\/09\/HITEK-ENERGY-Solar-Panels-Package2-768x576.jpg 768w, https:\/\/www.hitekenergy.com\/wp-content\/uploads\/2025\/09\/HITEK-ENERGY-Solar-Panels-Package2-1536x1152.jpg 1536w, https:\/\/www.hitekenergy.com\/wp-content\/uploads\/2025\/09\/HITEK-ENERGY-Solar-Panels-Package2-16x12.jpg 16w, https:\/\/www.hitekenergy.com\/wp-content\/uploads\/2025\/09\/HITEK-ENERGY-Solar-Panels-Package2-600x450.jpg 600w\" sizes=\"(max-width: 1920px) 100vw, 1920px\" \/><\/p>\n<h2><span style=\"color: #000000;\"><strong>PROJECTOS SOLARES<\/strong><\/span><\/h2>\n<p><img decoding=\"async\" class=\"size-full wp-image-5777\" src=\"https:\/\/www.hitekenergy.com\/wp-content\/uploads\/2025\/09\/HITEK-ENERGY-Solar-Panel-Project2-3.jpg\" alt=\"HITEK ENERGY solar Panel Project\" width=\"1920\" height=\"1440\" srcset=\"https:\/\/www.hitekenergy.com\/wp-content\/uploads\/2025\/09\/HITEK-ENERGY-Solar-Panel-Project2-3.jpg 1920w, https:\/\/www.hitekenergy.com\/wp-content\/uploads\/2025\/09\/HITEK-ENERGY-Solar-Panel-Project2-3-300x225.jpg 300w, https:\/\/www.hitekenergy.com\/wp-content\/uploads\/2025\/09\/HITEK-ENERGY-Solar-Panel-Project2-3-1024x768.jpg 1024w, https:\/\/www.hitekenergy.com\/wp-content\/uploads\/2025\/09\/HITEK-ENERGY-Solar-Panel-Project2-3-768x576.jpg 768w, https:\/\/www.hitekenergy.com\/wp-content\/uploads\/2025\/09\/HITEK-ENERGY-Solar-Panel-Project2-3-1536x1152.jpg 1536w, https:\/\/www.hitekenergy.com\/wp-content\/uploads\/2025\/09\/HITEK-ENERGY-Solar-Panel-Project2-3-16x12.jpg 16w, https:\/\/www.hitekenergy.com\/wp-content\/uploads\/2025\/09\/HITEK-ENERGY-Solar-Panel-Project2-3-600x450.jpg 600w\" sizes=\"(max-width: 1920px) 100vw, 1920px\" \/><\/p>\n<p>&nbsp;<\/p>","protected":false},"excerpt":{"rendered":"<p>Why Choose HITEK ENERGY? &nbsp; \u2714\u00a0Industry-Leading Efficiency \u2014\u00a0Advanced MPPT &amp; hybrid inverter technology \u2714\u00a0Reliable 24\/7 Power \u2014\u00a0Seamless transition between energy sources \u2714\u00a0Low Maintenance &amp; Durable \u2014\u00a0Premium lithium batteries with a 10+ year lifespan \u2714\u00a0Smart Energy Management \u2014\u00a0Real-time monitoring &amp; adaptive performance &nbsp; At HITEK ENERGY, your satisfaction is our top priority. We use ONLY Reliable [&hellip;]<\/p>\n","protected":false},"featured_media":5502,"comment_status":"closed","ping_status":"closed","template":"","meta":[],"product_brand":[],"product_cat":[24],"product_tag":[],"class_list":{"0":"post-5499","1":"product","2":"type-product","3":"status-publish","4":"has-post-thumbnail","6":"product_cat-on-grid-solar-system","8":"first","9":"instock","10":"shipping-taxable","11":"product-type-simple"},"_links":{"self":[{"href":"https:\/\/www.hitekenergy.com\/pt\/wp-json\/wp\/v2\/product\/5499","targetHints":{"allow":["GET"]}}],"collection":[{"href":"https:\/\/www.hitekenergy.com\/pt\/wp-json\/wp\/v2\/product"}],"about":[{"href":"https:\/\/www.hitekenergy.com\/pt\/wp-json\/wp\/v2\/types\/product"}],"replies":[{"embeddable":true,"href":"https:\/\/www.hitekenergy.com\/pt\/wp-json\/wp\/v2\/comments?post=5499"}],"wp:featuredmedia":[{"embeddable":true,"href":"https:\/\/www.hitekenergy.com\/pt\/wp-json\/wp\/v2\/media\/5502"}],"wp:attachment":[{"href":"https:\/\/www.hitekenergy.com\/pt\/wp-json\/wp\/v2\/media?parent=5499"}],"wp:term":[{"taxonomy":"product_brand","embeddable":true,"href":"https:\/\/www.hitekenergy.com\/pt\/wp-json\/wp\/v2\/product_brand?post=5499"},{"taxonomy":"product_cat","embeddable":true,"href":"https:\/\/www.hitekenergy.com\/pt\/wp-json\/wp\/v2\/product_cat?post=5499"},{"taxonomy":"product_tag","embeddable":true,"href":"https:\/\/www.hitekenergy.com\/pt\/wp-json\/wp\/v2\/product_tag?post=5499"}],"curies":[{"name":"wp","href":"https:\/\/api.w.org\/{rel}","templated":true}]}}