{"id":5523,"date":"2025-09-01T18:34:16","date_gmt":"2025-09-01T10:34:16","guid":{"rendered":"https:\/\/www.hitekenergy.com\/?post_type=product&#038;p=5523"},"modified":"2026-03-20T14:45:43","modified_gmt":"2026-03-20T06:45:43","slug":"n-type-600watt-solar-panel","status":"publish","type":"product","link":"https:\/\/www.hitekenergy.com\/pt\/solar-panel\/n-type-600watt-solar-panel\/","title":{"rendered":"N Tipo 600Watt Panel Solar"},"content":{"rendered":"<h2>Por que escolher energia HITEK?<\/h2>\n<p><span style=\"color: #00ff00;\">\u2714<\/span>\u00a0Cliente focado<\/p>\n<p>Come\u00e7amos por ouvir \u2013 porque seus desafios energ\u00e9ticos impulsionam nossas inova\u00e7\u00f5es.<\/p>\n<p><span style=\"color: #00ff00;\">\u2714<\/span>\u00a0Reliabilidade in\u00fatil<\/p>\n<p>Cada sistema que oferecemos deve ultrapassar suas expectativas, n\u00e3o apenas a garantia.<\/p>\n<p><span style=\"color: #00ff00;\">\u2714<\/span>\u00a0Grita sustent\u00e1vel<\/p>\n<p>Energia limpa n\u00e3o \u00e9 uma tend\u00eancia. \u00c9 nossa responsabilidade para gera\u00e7\u00f5es futuras.<\/p>\n<p>&nbsp;<\/p>\n<p>Na HITEK ENERGY, sua satisfa\u00e7\u00e3o \u00e9 nossa maior prioridade. Usamos S\u00f3 Equipamentos Solares Aprovados Fi\u00e1veis.<\/p>\n<p>&nbsp;<\/p>\n<p>HITEK ENERGY TOPCon solar panels oferecem a maior efici\u00eancia juntamente com durabilidade excepcional e capacidade refor\u00e7ada de absorver luz em condi\u00e7\u00f5es escuras, o que faz delas a escolha \u00f3ptima para solu\u00e7\u00f5es de energia solar. Investimento na tecnologia TOPCon cria vantagens econ\u00f4micas e ambientais a longo prazo expandidas devido ao aumento dos requisitos energ\u00e9ticos sustent\u00e1veis.<\/p>\n<p>HITEK ENERGY apresenta TOPCem pain\u00e9is solares de pr\u00e9mio para solu\u00e7\u00f5es de neg\u00f3cios e pain\u00e9is solares residenciais onde o desempenho satisfaz os requisitos de durabilidade.<\/p>\n<p>&nbsp;<\/p>\n<h2><span style=\"color: #000000;\">Linha de Produ\u00e7\u00e3o de painel Solar<\/span><\/h2>\n<p><img fetchpriority=\"high\" decoding=\"async\" class=\"size-full wp-image-5779\" src=\"https:\/\/www.hitekenergy.com\/wp-content\/uploads\/2025\/09\/HITEK-Energy-Solar-Panel-Production-Line-1.jpg\" alt=\"HITEK-Energy-Solar-Panel-Production-Line\" width=\"1920\" height=\"1440\" srcset=\"https:\/\/www.hitekenergy.com\/wp-content\/uploads\/2025\/09\/HITEK-Energy-Solar-Panel-Production-Line-1.jpg 1920w, https:\/\/www.hitekenergy.com\/wp-content\/uploads\/2025\/09\/HITEK-Energy-Solar-Panel-Production-Line-1-300x225.jpg 300w, https:\/\/www.hitekenergy.com\/wp-content\/uploads\/2025\/09\/HITEK-Energy-Solar-Panel-Production-Line-1-1024x768.jpg 1024w, https:\/\/www.hitekenergy.com\/wp-content\/uploads\/2025\/09\/HITEK-Energy-Solar-Panel-Production-Line-1-768x576.jpg 768w, https:\/\/www.hitekenergy.com\/wp-content\/uploads\/2025\/09\/HITEK-Energy-Solar-Panel-Production-Line-1-1536x1152.jpg 1536w, https:\/\/www.hitekenergy.com\/wp-content\/uploads\/2025\/09\/HITEK-Energy-Solar-Panel-Production-Line-1-16x12.jpg 16w, https:\/\/www.hitekenergy.com\/wp-content\/uploads\/2025\/09\/HITEK-Energy-Solar-Panel-Production-Line-1-600x450.jpg 600w\" sizes=\"(max-width: 1920px) 100vw, 1920px\" \/><\/p>\n<h2><span style=\"color: #000000;\">DETAILADOS &amp; INFORMA\u00c7\u00d5ES RELAS PICS<\/span><\/h2>\n<p><img decoding=\"async\" class=\"size-full wp-image-5772\" src=\"https:\/\/www.hitekenergy.com\/wp-content\/uploads\/2025\/09\/HITEK-ENERGY-Solar-Panels-Package2.jpg\" alt=\"HITEK-ENERGY-Solar-Panels-Package\" width=\"1920\" height=\"1440\" srcset=\"https:\/\/www.hitekenergy.com\/wp-content\/uploads\/2025\/09\/HITEK-ENERGY-Solar-Panels-Package2.jpg 1920w, https:\/\/www.hitekenergy.com\/wp-content\/uploads\/2025\/09\/HITEK-ENERGY-Solar-Panels-Package2-300x225.jpg 300w, https:\/\/www.hitekenergy.com\/wp-content\/uploads\/2025\/09\/HITEK-ENERGY-Solar-Panels-Package2-1024x768.jpg 1024w, https:\/\/www.hitekenergy.com\/wp-content\/uploads\/2025\/09\/HITEK-ENERGY-Solar-Panels-Package2-768x576.jpg 768w, https:\/\/www.hitekenergy.com\/wp-content\/uploads\/2025\/09\/HITEK-ENERGY-Solar-Panels-Package2-1536x1152.jpg 1536w, https:\/\/www.hitekenergy.com\/wp-content\/uploads\/2025\/09\/HITEK-ENERGY-Solar-Panels-Package2-16x12.jpg 16w, https:\/\/www.hitekenergy.com\/wp-content\/uploads\/2025\/09\/HITEK-ENERGY-Solar-Panels-Package2-600x450.jpg 600w\" sizes=\"(max-width: 1920px) 100vw, 1920px\" \/><\/p>\n<h2><span style=\"color: #000000;\">CASOS DE SUCCESSO<\/span><\/h2>\n<p><img decoding=\"async\" class=\"size-full wp-image-5777\" src=\"https:\/\/www.hitekenergy.com\/wp-content\/uploads\/2025\/09\/HITEK-ENERGY-Solar-Panel-Project2-3.jpg\" alt=\"HITEK ENERGY solar Panel Project\" width=\"1920\" height=\"1440\" srcset=\"https:\/\/www.hitekenergy.com\/wp-content\/uploads\/2025\/09\/HITEK-ENERGY-Solar-Panel-Project2-3.jpg 1920w, https:\/\/www.hitekenergy.com\/wp-content\/uploads\/2025\/09\/HITEK-ENERGY-Solar-Panel-Project2-3-300x225.jpg 300w, https:\/\/www.hitekenergy.com\/wp-content\/uploads\/2025\/09\/HITEK-ENERGY-Solar-Panel-Project2-3-1024x768.jpg 1024w, https:\/\/www.hitekenergy.com\/wp-content\/uploads\/2025\/09\/HITEK-ENERGY-Solar-Panel-Project2-3-768x576.jpg 768w, https:\/\/www.hitekenergy.com\/wp-content\/uploads\/2025\/09\/HITEK-ENERGY-Solar-Panel-Project2-3-1536x1152.jpg 1536w, https:\/\/www.hitekenergy.com\/wp-content\/uploads\/2025\/09\/HITEK-ENERGY-Solar-Panel-Project2-3-16x12.jpg 16w, https:\/\/www.hitekenergy.com\/wp-content\/uploads\/2025\/09\/HITEK-ENERGY-Solar-Panel-Project2-3-600x450.jpg 600w\" sizes=\"(max-width: 1920px) 100vw, 1920px\" \/><\/p>\n<p>&nbsp;<\/p>\n<p>&nbsp;<\/p>\n<p>&nbsp;<\/p>","protected":false},"excerpt":{"rendered":"<p>HITEK ENERGY TOPCon solar cells are an evolution of the widely used Passivated Emitter and Rear Contact (PERC) technology. Com passiva\u00e7\u00e3o superior e fluxo eletr\u00f4nico melhorado, a tecnologia TOPCon aumenta a efici\u00eancia de convers\u00e3o energ\u00e9tica ao mesmo tempo que reduz perdas, posicionando-se como a tecnologia PV da pr\u00f3xima gera\u00e7\u00e3o.<\/p>\n<h2>O que \u00e9 TOPCon Technology?<\/h2>\n<p>TOPCon, curto para Tunnel Oxide Passivated Contact, \u00e9 uma tecnologia de c\u00e9lulas solares de alta efici\u00eancia que usa uma camada de \u00f3xido ultra fino para melhorar o contato el\u00e9trico e a convers\u00e3o de energia, superando as c\u00e9lulas solares tradicionais.<\/p>\n<p>Ao combinar as for\u00e7as tanto da PERC como das tecnologias de heteronex\u00e3o sem suas limita\u00e7\u00f5es, o TOPCon atinge efici\u00eancias superiores a 22% em compara\u00e7\u00e3o com os 18-19% da PERC.<\/p>","protected":false},"featured_media":5525,"comment_status":"closed","ping_status":"closed","template":"","meta":[],"product_brand":[],"product_cat":[51],"product_tag":[],"class_list":{"0":"post-5523","1":"product","2":"type-product","3":"status-publish","4":"has-post-thumbnail","6":"product_cat-solar-panel","8":"first","9":"instock","10":"shipping-taxable","11":"product-type-simple"},"_links":{"self":[{"href":"https:\/\/www.hitekenergy.com\/pt\/wp-json\/wp\/v2\/product\/5523","targetHints":{"allow":["GET"]}}],"collection":[{"href":"https:\/\/www.hitekenergy.com\/pt\/wp-json\/wp\/v2\/product"}],"about":[{"href":"https:\/\/www.hitekenergy.com\/pt\/wp-json\/wp\/v2\/types\/product"}],"replies":[{"embeddable":true,"href":"https:\/\/www.hitekenergy.com\/pt\/wp-json\/wp\/v2\/comments?post=5523"}],"wp:featuredmedia":[{"embeddable":true,"href":"https:\/\/www.hitekenergy.com\/pt\/wp-json\/wp\/v2\/media\/5525"}],"wp:attachment":[{"href":"https:\/\/www.hitekenergy.com\/pt\/wp-json\/wp\/v2\/media?parent=5523"}],"wp:term":[{"taxonomy":"product_brand","embeddable":true,"href":"https:\/\/www.hitekenergy.com\/pt\/wp-json\/wp\/v2\/product_brand?post=5523"},{"taxonomy":"product_cat","embeddable":true,"href":"https:\/\/www.hitekenergy.com\/pt\/wp-json\/wp\/v2\/product_cat?post=5523"},{"taxonomy":"product_tag","embeddable":true,"href":"https:\/\/www.hitekenergy.com\/pt\/wp-json\/wp\/v2\/product_tag?post=5523"}],"curies":[{"name":"wp","href":"https:\/\/api.w.org\/{rel}","templated":true}]}}