{"id":5558,"date":"2025-09-02T13:59:42","date_gmt":"2025-09-02T05:59:42","guid":{"rendered":"https:\/\/www.hitekenergy.com\/?post_type=product&#038;p=5558"},"modified":"2025-09-16T14:34:50","modified_gmt":"2025-09-16T06:34:50","slug":"50kw-solar-inverter-hps50000tl","status":"publish","type":"product","link":"https:\/\/www.hitekenergy.com\/pt\/inverter\/50kw-solar-inverter-hps50000tl\/","title":{"rendered":"Inverter Solar 50KW HPS50000TL"},"content":{"rendered":"<h2>Por que escolher energia HITEK?<\/h2>\n<p><span style=\"color: #00ff00;\">\u2714<\/span>\u00a0Efici\u00eancia liderante da ind\u00fastria \u2014 MPPT avan\u00e7ado e tecnologia h\u00edbrida de inversores<\/p>\n<p><span style=\"color: #00ff00;\">\u2714<\/span> Pot\u00eancia fi\u00e1vel 24\/7 - Transi\u00e7\u00e3o sem problemas entre fontes de energia<\/p>\n<p><span style=\"color: #00ff00;\">\u2714<\/span> Baixa manuten\u00e7\u00e3o e Dur\u00e1vel - Bateria de l\u00edtio de pr\u00e9mio com uma dura\u00e7\u00e3o de vida de 10 anos<\/p>\n<p><span style=\"color: #00ff00;\">\u2714<\/span> Gest\u00e3o Inteligente da Energia \u2013 monitoramento em tempo real o desempenho adaptativo<\/p>\n<p>&nbsp;<\/p>\n<p>Na HITEK ENERGY, sua satisfa\u00e7\u00e3o \u00e9 nossa maior prioridade. Usamos S\u00f3 Equipamentos Solares Aprovados Fi\u00e1veis.<\/p>\n<p>&nbsp;<\/p>\n<h2>Fotos detalhadas<\/h2>\n<p><img fetchpriority=\"high\" decoding=\"async\" class=\"size-full wp-image-5803\" src=\"https:\/\/www.hitekenergy.com\/wp-content\/uploads\/2025\/09\/HITEK-ENERGY-50kw-solar-inverter-details.jpg\" alt=\"detalhes do inverter solar HITEK ENERGY 50kw\" width=\"1920\" height=\"2400\" srcset=\"https:\/\/www.hitekenergy.com\/wp-content\/uploads\/2025\/09\/HITEK-ENERGY-50kw-solar-inverter-details.jpg 1920w, https:\/\/www.hitekenergy.com\/wp-content\/uploads\/2025\/09\/HITEK-ENERGY-50kw-solar-inverter-details-240x300.jpg 240w, https:\/\/www.hitekenergy.com\/wp-content\/uploads\/2025\/09\/HITEK-ENERGY-50kw-solar-inverter-details-819x1024.jpg 819w, https:\/\/www.hitekenergy.com\/wp-content\/uploads\/2025\/09\/HITEK-ENERGY-50kw-solar-inverter-details-768x960.jpg 768w, https:\/\/www.hitekenergy.com\/wp-content\/uploads\/2025\/09\/HITEK-ENERGY-50kw-solar-inverter-details-1229x1536.jpg 1229w, https:\/\/www.hitekenergy.com\/wp-content\/uploads\/2025\/09\/HITEK-ENERGY-50kw-solar-inverter-details-1638x2048.jpg 1638w, https:\/\/www.hitekenergy.com\/wp-content\/uploads\/2025\/09\/HITEK-ENERGY-50kw-solar-inverter-details-10x12.jpg 10w, https:\/\/www.hitekenergy.com\/wp-content\/uploads\/2025\/09\/HITEK-ENERGY-50kw-solar-inverter-details-600x750.jpg 600w\" sizes=\"(max-width: 1920px) 100vw, 1920px\" \/><\/p>\n<h2>Casos do projeto HITEKESS<\/h2>\n<p><img decoding=\"async\" class=\"size-full wp-image-5806\" src=\"https:\/\/www.hitekenergy.com\/wp-content\/uploads\/2025\/09\/HITEK-ENERGY-solar-projects-1.jpg\" alt=\"projetos solares HITEK ENERGY\" width=\"1920\" height=\"2000\" srcset=\"https:\/\/www.hitekenergy.com\/wp-content\/uploads\/2025\/09\/HITEK-ENERGY-solar-projects-1.jpg 1920w, https:\/\/www.hitekenergy.com\/wp-content\/uploads\/2025\/09\/HITEK-ENERGY-solar-projects-1-288x300.jpg 288w, https:\/\/www.hitekenergy.com\/wp-content\/uploads\/2025\/09\/HITEK-ENERGY-solar-projects-1-983x1024.jpg 983w, https:\/\/www.hitekenergy.com\/wp-content\/uploads\/2025\/09\/HITEK-ENERGY-solar-projects-1-768x800.jpg 768w, https:\/\/www.hitekenergy.com\/wp-content\/uploads\/2025\/09\/HITEK-ENERGY-solar-projects-1-1475x1536.jpg 1475w, https:\/\/www.hitekenergy.com\/wp-content\/uploads\/2025\/09\/HITEK-ENERGY-solar-projects-1-12x12.jpg 12w, https:\/\/www.hitekenergy.com\/wp-content\/uploads\/2025\/09\/HITEK-ENERGY-solar-projects-1-600x625.jpg 600w\" sizes=\"(max-width: 1920px) 100vw, 1920px\" \/><\/p>","protected":false},"excerpt":{"rendered":"<p>ATESS HPS30000\/40000\/50000TL combina inverter pv, controlador de carga e gest\u00e3o da rede em uma \u00fanica unidade ruggedized, fornecendo uma efici\u00eancia ultra alta (at\u00e9 98,6%) para opera\u00e7\u00e3o sem problemas. Com suporte para conex\u00f5es paralelas at\u00e9 6 unidades (m\u00e1x. at\u00e9 300KW), ela facilmente escala para satisfazer crescentes demandas de energia. Este inversor \u00e9 perfeito para f\u00e1bricas, fazendas e edif\u00edcios comerciais procurando reduzir as contas de energia e garantir energia de refor\u00e7o. \u00c9 o n\u00facleo inteligente e prov\u00e1vel para o futuro de qualquer sistema energ\u00e9tico resistente.<\/p>","protected":false},"featured_media":5566,"comment_status":"closed","ping_status":"closed","template":"","meta":[],"product_brand":[],"product_cat":[29],"product_tag":[],"class_list":{"0":"post-5558","1":"product","2":"type-product","3":"status-publish","4":"has-post-thumbnail","6":"product_cat-inverter","8":"first","9":"instock","10":"shipping-taxable","11":"product-type-simple"},"_links":{"self":[{"href":"https:\/\/www.hitekenergy.com\/pt\/wp-json\/wp\/v2\/product\/5558","targetHints":{"allow":["GET"]}}],"collection":[{"href":"https:\/\/www.hitekenergy.com\/pt\/wp-json\/wp\/v2\/product"}],"about":[{"href":"https:\/\/www.hitekenergy.com\/pt\/wp-json\/wp\/v2\/types\/product"}],"replies":[{"embeddable":true,"href":"https:\/\/www.hitekenergy.com\/pt\/wp-json\/wp\/v2\/comments?post=5558"}],"wp:featuredmedia":[{"embeddable":true,"href":"https:\/\/www.hitekenergy.com\/pt\/wp-json\/wp\/v2\/media\/5566"}],"wp:attachment":[{"href":"https:\/\/www.hitekenergy.com\/pt\/wp-json\/wp\/v2\/media?parent=5558"}],"wp:term":[{"taxonomy":"product_brand","embeddable":true,"href":"https:\/\/www.hitekenergy.com\/pt\/wp-json\/wp\/v2\/product_brand?post=5558"},{"taxonomy":"product_cat","embeddable":true,"href":"https:\/\/www.hitekenergy.com\/pt\/wp-json\/wp\/v2\/product_cat?post=5558"},{"taxonomy":"product_tag","embeddable":true,"href":"https:\/\/www.hitekenergy.com\/pt\/wp-json\/wp\/v2\/product_tag?post=5558"}],"curies":[{"name":"wp","href":"https:\/\/api.w.org\/{rel}","templated":true}]}}