{"id":5577,"date":"2025-09-02T15:27:32","date_gmt":"2025-09-02T07:27:32","guid":{"rendered":"https:\/\/www.hitekenergy.com\/?post_type=product&#038;p=5577"},"modified":"2025-09-17T18:00:27","modified_gmt":"2025-09-17T10:00:27","slug":"500kw-hybrid-solar-inverter","status":"publish","type":"product","link":"https:\/\/www.hitekenergy.com\/pt\/inverter\/500kw-hybrid-solar-inverter\/","title":{"rendered":"Inverter Solar H\u00edbrido de 500KW"},"content":{"rendered":"<h2>Por que escolher energia HITEK?<\/h2>\n<p><span style=\"color: #00ff00;\">\u2714<\/span>\u00a0Efici\u00eancia liderante da ind\u00fastria \u2014 MPPT avan\u00e7ado e tecnologia h\u00edbrida de inversores<\/p>\n<p><span style=\"color: #00ff00;\">\u2714<\/span> Pot\u00eancia fi\u00e1vel 24\/7 - Transi\u00e7\u00e3o sem problemas entre fontes de energia<\/p>\n<p><span style=\"color: #00ff00;\">\u2714<\/span> Baixa manuten\u00e7\u00e3o e Dur\u00e1vel - Bateria de l\u00edtio de pr\u00e9mio com uma dura\u00e7\u00e3o de vida de 10 anos<\/p>\n<p><span style=\"color: #00ff00;\">\u2714<\/span> Gest\u00e3o Inteligente da Energia \u2013 monitoramento em tempo real o desempenho adaptativo<\/p>\n<p>&nbsp;<\/p>\n<p>Na HITEK ENERGY, sua satisfa\u00e7\u00e3o \u00e9 nossa maior prioridade. Usamos S\u00f3 Equipamentos Solares Aprovados Fi\u00e1veis.<\/p>\n<h2><\/h2>\n<p><img fetchpriority=\"high\" decoding=\"async\" class=\"aligncenter wp-image-5509 size-full\" src=\"https:\/\/www.hitekenergy.com\/wp-content\/uploads\/2025\/09\/case-1.jpg\" alt=\"\" width=\"1360\" height=\"446\" srcset=\"https:\/\/www.hitekenergy.com\/wp-content\/uploads\/2025\/09\/case-1.jpg 1360w, https:\/\/www.hitekenergy.com\/wp-content\/uploads\/2025\/09\/case-1-300x98.jpg 300w, https:\/\/www.hitekenergy.com\/wp-content\/uploads\/2025\/09\/case-1-1024x336.jpg 1024w, https:\/\/www.hitekenergy.com\/wp-content\/uploads\/2025\/09\/case-1-768x252.jpg 768w, https:\/\/www.hitekenergy.com\/wp-content\/uploads\/2025\/09\/case-1-18x6.jpg 18w, https:\/\/www.hitekenergy.com\/wp-content\/uploads\/2025\/09\/case-1-600x197.jpg 600w\" sizes=\"(max-width: 1360px) 100vw, 1360px\" \/><\/p>","protected":false},"excerpt":{"rendered":"<p>Engineering for demanding commercial, industrial (C&amp;I) and utility-scale applications, Megarevo MPS30-500KW is the robust, intelligent core of modern, resilient and cost-effective power systems.<\/p>\n<p>Constru\u00eddo para opera\u00e7\u00e3o 24\/7, o MPS500KW fornece 500 kW de energia pura de ondas sinusas com durabilidade e estabilidade excepcionais, assegurando o m\u00e1ximo tempo de absor\u00e7\u00e3o para opera\u00e7\u00f5es cr\u00edticas.<\/p>\n<p>O MPS500KW possibilita construir um sistema de energia solar inteligente, adaptativo e resiliente. Reduzir os custos operacionais, refor\u00e7ar a independ\u00eancia energ\u00e9tica, assegurar a continuidade dos neg\u00f3cios e contribuir para um futuro sustent\u00e1vel \u2013 tudo alimentado por Megarevo&#8217; a tecnologia h\u00edbrida industrial.<\/p>","protected":false},"featured_media":5578,"comment_status":"closed","ping_status":"closed","template":"","meta":[],"product_brand":[],"product_cat":[29],"product_tag":[],"class_list":{"0":"post-5577","1":"product","2":"type-product","3":"status-publish","4":"has-post-thumbnail","6":"product_cat-inverter","8":"first","9":"instock","10":"shipping-taxable","11":"product-type-simple"},"_links":{"self":[{"href":"https:\/\/www.hitekenergy.com\/pt\/wp-json\/wp\/v2\/product\/5577","targetHints":{"allow":["GET"]}}],"collection":[{"href":"https:\/\/www.hitekenergy.com\/pt\/wp-json\/wp\/v2\/product"}],"about":[{"href":"https:\/\/www.hitekenergy.com\/pt\/wp-json\/wp\/v2\/types\/product"}],"replies":[{"embeddable":true,"href":"https:\/\/www.hitekenergy.com\/pt\/wp-json\/wp\/v2\/comments?post=5577"}],"wp:featuredmedia":[{"embeddable":true,"href":"https:\/\/www.hitekenergy.com\/pt\/wp-json\/wp\/v2\/media\/5578"}],"wp:attachment":[{"href":"https:\/\/www.hitekenergy.com\/pt\/wp-json\/wp\/v2\/media?parent=5577"}],"wp:term":[{"taxonomy":"product_brand","embeddable":true,"href":"https:\/\/www.hitekenergy.com\/pt\/wp-json\/wp\/v2\/product_brand?post=5577"},{"taxonomy":"product_cat","embeddable":true,"href":"https:\/\/www.hitekenergy.com\/pt\/wp-json\/wp\/v2\/product_cat?post=5577"},{"taxonomy":"product_tag","embeddable":true,"href":"https:\/\/www.hitekenergy.com\/pt\/wp-json\/wp\/v2\/product_tag?post=5577"}],"curies":[{"name":"wp","href":"https:\/\/api.w.org\/{rel}","templated":true}]}}