{"id":5584,"date":"2025-09-02T16:01:08","date_gmt":"2025-09-02T08:01:08","guid":{"rendered":"https:\/\/www.hitekenergy.com\/?post_type=product&#038;p=5584"},"modified":"2025-11-06T10:24:54","modified_gmt":"2025-11-06T02:24:54","slug":"51-2v-100ah-lv-lfp-battery","status":"publish","type":"product","link":"https:\/\/www.hitekenergy.com\/pt\/lithium-battery\/51-2v-100ah-lv-lfp-battery\/","title":{"rendered":"5KWH 5.12KWH 51.2V 100AH LV LFP Battery"},"content":{"rendered":"<h2>Fotos reais de bateria<\/h2>\n<p><img fetchpriority=\"high\" decoding=\"async\" class=\"aligncenter wp-image-5592 size-full\" src=\"https:\/\/www.hitekenergy.com\/wp-content\/uploads\/2025\/09\/BATTERTY-DETAILS-1.jpg\" alt=\"\" width=\"1200\" height=\"378\" srcset=\"https:\/\/www.hitekenergy.com\/wp-content\/uploads\/2025\/09\/BATTERTY-DETAILS-1.jpg 1200w, https:\/\/www.hitekenergy.com\/wp-content\/uploads\/2025\/09\/BATTERTY-DETAILS-1-300x95.jpg 300w, https:\/\/www.hitekenergy.com\/wp-content\/uploads\/2025\/09\/BATTERTY-DETAILS-1-1024x323.jpg 1024w, https:\/\/www.hitekenergy.com\/wp-content\/uploads\/2025\/09\/BATTERTY-DETAILS-1-768x242.jpg 768w, https:\/\/www.hitekenergy.com\/wp-content\/uploads\/2025\/09\/BATTERTY-DETAILS-1-18x6.jpg 18w, https:\/\/www.hitekenergy.com\/wp-content\/uploads\/2025\/09\/BATTERTY-DETAILS-1-600x189.jpg 600w\" sizes=\"(max-width: 1200px) 100vw, 1200px\" \/><\/p>\n<p><img decoding=\"async\" class=\"aligncenter wp-image-5593 size-full\" src=\"https:\/\/www.hitekenergy.com\/wp-content\/uploads\/2025\/09\/BATTERTY-DETAILS-2.jpg\" alt=\"\" width=\"1200\" height=\"367\" srcset=\"https:\/\/www.hitekenergy.com\/wp-content\/uploads\/2025\/09\/BATTERTY-DETAILS-2.jpg 1200w, https:\/\/www.hitekenergy.com\/wp-content\/uploads\/2025\/09\/BATTERTY-DETAILS-2-300x92.jpg 300w, https:\/\/www.hitekenergy.com\/wp-content\/uploads\/2025\/09\/BATTERTY-DETAILS-2-1024x313.jpg 1024w, https:\/\/www.hitekenergy.com\/wp-content\/uploads\/2025\/09\/BATTERTY-DETAILS-2-768x235.jpg 768w, https:\/\/www.hitekenergy.com\/wp-content\/uploads\/2025\/09\/BATTERTY-DETAILS-2-18x6.jpg 18w, https:\/\/www.hitekenergy.com\/wp-content\/uploads\/2025\/09\/BATTERTY-DETAILS-2-600x184.jpg 600w\" sizes=\"(max-width: 1200px) 100vw, 1200px\" \/><\/p>\n<p><img decoding=\"async\" class=\"aligncenter wp-image-5594 size-full\" src=\"https:\/\/www.hitekenergy.com\/wp-content\/uploads\/2025\/09\/BATTERTY-DETAILS-3.jpg\" alt=\"\" width=\"1200\" height=\"377\" srcset=\"https:\/\/www.hitekenergy.com\/wp-content\/uploads\/2025\/09\/BATTERTY-DETAILS-3.jpg 1200w, https:\/\/www.hitekenergy.com\/wp-content\/uploads\/2025\/09\/BATTERTY-DETAILS-3-300x94.jpg 300w, https:\/\/www.hitekenergy.com\/wp-content\/uploads\/2025\/09\/BATTERTY-DETAILS-3-1024x322.jpg 1024w, https:\/\/www.hitekenergy.com\/wp-content\/uploads\/2025\/09\/BATTERTY-DETAILS-3-768x241.jpg 768w, https:\/\/www.hitekenergy.com\/wp-content\/uploads\/2025\/09\/BATTERTY-DETAILS-3-18x6.jpg 18w, https:\/\/www.hitekenergy.com\/wp-content\/uploads\/2025\/09\/BATTERTY-DETAILS-3-600x189.jpg 600w\" sizes=\"(max-width: 1200px) 100vw, 1200px\" \/><\/p>\n<p>&nbsp;<\/p>\n<h2>Marcas Compatibles<\/h2>\n<p><img loading=\"lazy\" decoding=\"async\" class=\"aligncenter wp-image-5595 size-full\" src=\"https:\/\/www.hitekenergy.com\/wp-content\/uploads\/2025\/09\/Compatible-Inverter-Brands-List.jpg\" alt=\"\" width=\"1360\" height=\"851\" srcset=\"https:\/\/www.hitekenergy.com\/wp-content\/uploads\/2025\/09\/Compatible-Inverter-Brands-List.jpg 1360w, https:\/\/www.hitekenergy.com\/wp-content\/uploads\/2025\/09\/Compatible-Inverter-Brands-List-300x188.jpg 300w, https:\/\/www.hitekenergy.com\/wp-content\/uploads\/2025\/09\/Compatible-Inverter-Brands-List-1024x641.jpg 1024w, https:\/\/www.hitekenergy.com\/wp-content\/uploads\/2025\/09\/Compatible-Inverter-Brands-List-768x481.jpg 768w, https:\/\/www.hitekenergy.com\/wp-content\/uploads\/2025\/09\/Compatible-Inverter-Brands-List-18x12.jpg 18w, https:\/\/www.hitekenergy.com\/wp-content\/uploads\/2025\/09\/Compatible-Inverter-Brands-List-600x375.jpg 600w\" sizes=\"(max-width: 1360px) 100vw, 1360px\" \/><\/p>\n<p>&nbsp;<\/p>\n<h2>Nossos projetos SOLAR<\/h2>\n<p><img loading=\"lazy\" decoding=\"async\" class=\"aligncenter wp-image-5596 size-full\" src=\"https:\/\/www.hitekenergy.com\/wp-content\/uploads\/2025\/09\/home-system-project.jpg\" alt=\"\" width=\"1200\" height=\"1588\" srcset=\"https:\/\/www.hitekenergy.com\/wp-content\/uploads\/2025\/09\/home-system-project.jpg 1200w, https:\/\/www.hitekenergy.com\/wp-content\/uploads\/2025\/09\/home-system-project-227x300.jpg 227w, https:\/\/www.hitekenergy.com\/wp-content\/uploads\/2025\/09\/home-system-project-774x1024.jpg 774w, https:\/\/www.hitekenergy.com\/wp-content\/uploads\/2025\/09\/home-system-project-768x1016.jpg 768w, https:\/\/www.hitekenergy.com\/wp-content\/uploads\/2025\/09\/home-system-project-1161x1536.jpg 1161w, https:\/\/www.hitekenergy.com\/wp-content\/uploads\/2025\/09\/home-system-project-9x12.jpg 9w, https:\/\/www.hitekenergy.com\/wp-content\/uploads\/2025\/09\/home-system-project-600x794.jpg 600w\" sizes=\"(max-width: 1200px) 100vw, 1200px\" \/><\/p>","protected":false},"excerpt":{"rendered":"<p>HITEKESS 51.2V 100Ah m\u00f3dulo de bateria de l\u00edtio de baixa tens\u00e3o (HT51100-LV) fornece armazenamento de energia confi\u00e1vel e seguro com alta efici\u00eancia e vida de ciclo prolongado. Com tecnologia avan\u00e7ada da LiFePO4 (LFP) e BMS inteligente incorporada, ela garante desempenho est\u00e1vel e prote\u00e7\u00e3o completa em compactos e o design de plug-and-play. Ideal para sistemas solares residenciais, pequenas instala\u00e7\u00f5es fora da rede e aplica\u00e7\u00f5es de seguran\u00e7a, este m\u00f3dulo possibilita escalabilidade flex\u00edvel para atender \u00e0s diversas necessidades de energia.<\/p>","protected":false},"featured_media":5590,"comment_status":"closed","ping_status":"closed","template":"","meta":[],"product_brand":[],"product_cat":[28],"product_tag":[],"class_list":{"0":"post-5584","1":"product","2":"type-product","3":"status-publish","4":"has-post-thumbnail","6":"product_cat-lithium-battery","8":"first","9":"instock","10":"shipping-taxable","11":"product-type-simple"},"_links":{"self":[{"href":"https:\/\/www.hitekenergy.com\/pt\/wp-json\/wp\/v2\/product\/5584","targetHints":{"allow":["GET"]}}],"collection":[{"href":"https:\/\/www.hitekenergy.com\/pt\/wp-json\/wp\/v2\/product"}],"about":[{"href":"https:\/\/www.hitekenergy.com\/pt\/wp-json\/wp\/v2\/types\/product"}],"replies":[{"embeddable":true,"href":"https:\/\/www.hitekenergy.com\/pt\/wp-json\/wp\/v2\/comments?post=5584"}],"wp:featuredmedia":[{"embeddable":true,"href":"https:\/\/www.hitekenergy.com\/pt\/wp-json\/wp\/v2\/media\/5590"}],"wp:attachment":[{"href":"https:\/\/www.hitekenergy.com\/pt\/wp-json\/wp\/v2\/media?parent=5584"}],"wp:term":[{"taxonomy":"product_brand","embeddable":true,"href":"https:\/\/www.hitekenergy.com\/pt\/wp-json\/wp\/v2\/product_brand?post=5584"},{"taxonomy":"product_cat","embeddable":true,"href":"https:\/\/www.hitekenergy.com\/pt\/wp-json\/wp\/v2\/product_cat?post=5584"},{"taxonomy":"product_tag","embeddable":true,"href":"https:\/\/www.hitekenergy.com\/pt\/wp-json\/wp\/v2\/product_tag?post=5584"}],"curies":[{"name":"wp","href":"https:\/\/api.w.org\/{rel}","templated":true}]}}