{"id":6036,"date":"2025-11-21T10:03:03","date_gmt":"2025-11-21T02:03:03","guid":{"rendered":"https:\/\/www.hitekenergy.com\/?post_type=product&#038;p=6036"},"modified":"2025-11-21T13:47:23","modified_gmt":"2025-11-21T05:47:23","slug":"125kw-241kwh-c-i-system","status":"publish","type":"product","link":"https:\/\/www.hitekenergy.com\/pt\/ci-energy-storage-system\/125kw-241kwh-c-i-system\/","title":{"rendered":"125KW 241KWH C &#038; I System"},"content":{"rendered":"<h2>Por que escolher energia HITEK?<\/h2>\n<p>&nbsp;<\/p>\n<p><span style=\"color: #00ff00;\">\u2714<\/span>\u00a0Efici\u00eancia liderante da ind\u00fastria \u2014 MPPT avan\u00e7ado e tecnologia h\u00edbrida de inversores<\/p>\n<p><span style=\"color: #00ff00;\">\u2714<\/span>\u00a0Pot\u00eancia fi\u00e1vel 24\/7 \u2015 Transi\u00e7\u00e3o sem problemas entre fontes de energia<\/p>\n<p><span style=\"color: #00ff00;\">\u2714<\/span>\u00a0Baixa manuten\u00e7\u00e3o e Dur\u00e1vel - Bateria de l\u00edtio de pr\u00e9mio com uma dura\u00e7\u00e3o de vida de 10 anos<\/p>\n<p><span style=\"color: #00ff00;\">\u2714<\/span>\u00a0Gest\u00e3o Inteligente da Energia \u2014 monitoramento em tempo real e o desempenho adaptativo<\/p>\n<p>&nbsp;<\/p>\n<p>Na HITEK ENERGY, sua satisfa\u00e7\u00e3o \u00e9 nossa maior prioridade. Usamos S\u00f3 Equipamentos Solares Aprovados Fi\u00e1veis.<\/p>\n<h2><\/h2>\n<p><img fetchpriority=\"high\" decoding=\"async\" class=\"aligncenter wp-image-5509 size-full\" src=\"https:\/\/www.hitekenergy.com\/wp-content\/uploads\/2025\/09\/case-1.jpg\" alt=\"\" width=\"1360\" height=\"446\" srcset=\"https:\/\/www.hitekenergy.com\/wp-content\/uploads\/2025\/09\/case-1.jpg 1360w, https:\/\/www.hitekenergy.com\/wp-content\/uploads\/2025\/09\/case-1-300x98.jpg 300w, https:\/\/www.hitekenergy.com\/wp-content\/uploads\/2025\/09\/case-1-1024x336.jpg 1024w, https:\/\/www.hitekenergy.com\/wp-content\/uploads\/2025\/09\/case-1-768x252.jpg 768w, https:\/\/www.hitekenergy.com\/wp-content\/uploads\/2025\/09\/case-1-18x6.jpg 18w, https:\/\/www.hitekenergy.com\/wp-content\/uploads\/2025\/09\/case-1-600x197.jpg 600w\" sizes=\"(max-width: 1360px) 100vw, 1360px\" \/><\/p>\n<p><img decoding=\"async\" class=\"aligncenter wp-image-5508 size-full\" src=\"https:\/\/www.hitekenergy.com\/wp-content\/uploads\/2025\/09\/case-2.jpg\" alt=\"\" width=\"1360\" height=\"434\" srcset=\"https:\/\/www.hitekenergy.com\/wp-content\/uploads\/2025\/09\/case-2.jpg 1360w, https:\/\/www.hitekenergy.com\/wp-content\/uploads\/2025\/09\/case-2-300x96.jpg 300w, https:\/\/www.hitekenergy.com\/wp-content\/uploads\/2025\/09\/case-2-1024x327.jpg 1024w, https:\/\/www.hitekenergy.com\/wp-content\/uploads\/2025\/09\/case-2-768x245.jpg 768w, https:\/\/www.hitekenergy.com\/wp-content\/uploads\/2025\/09\/case-2-18x6.jpg 18w, https:\/\/www.hitekenergy.com\/wp-content\/uploads\/2025\/09\/case-2-600x191.jpg 600w\" sizes=\"(max-width: 1360px) 100vw, 1360px\" \/><\/p>","protected":false},"excerpt":{"rendered":"<p><span style=\"font-size: 12pt;\">Designed for small and medium commercial sites, HITEK ENERGY 125KW 241KWH C&amp; I Hybrid Energy Storage System offers a robust and intelligent energy storage solution. It efficiently manages energy consumption through peak shaving and provides reliable backup power during outages. <\/span><\/p>\n<p><span style=\"font-size: 12pt;\">With its scalable capacity and advanced hybrid inverter, businesses can significantly reduce electricity costs and enhance their energy independence. This all-in-one system ensures optimized performance and long-term durability for various industrial and commercial applications.<\/span><\/p>","protected":false},"featured_media":6039,"comment_status":"closed","ping_status":"closed","template":"","meta":[],"product_brand":[],"product_cat":[16],"product_tag":[],"class_list":{"0":"post-6036","1":"product","2":"type-product","3":"status-publish","4":"has-post-thumbnail","6":"product_cat-ci-energy-storage-system","8":"first","9":"instock","10":"shipping-taxable","11":"product-type-simple"},"_links":{"self":[{"href":"https:\/\/www.hitekenergy.com\/pt\/wp-json\/wp\/v2\/product\/6036","targetHints":{"allow":["GET"]}}],"collection":[{"href":"https:\/\/www.hitekenergy.com\/pt\/wp-json\/wp\/v2\/product"}],"about":[{"href":"https:\/\/www.hitekenergy.com\/pt\/wp-json\/wp\/v2\/types\/product"}],"replies":[{"embeddable":true,"href":"https:\/\/www.hitekenergy.com\/pt\/wp-json\/wp\/v2\/comments?post=6036"}],"wp:featuredmedia":[{"embeddable":true,"href":"https:\/\/www.hitekenergy.com\/pt\/wp-json\/wp\/v2\/media\/6039"}],"wp:attachment":[{"href":"https:\/\/www.hitekenergy.com\/pt\/wp-json\/wp\/v2\/media?parent=6036"}],"wp:term":[{"taxonomy":"product_brand","embeddable":true,"href":"https:\/\/www.hitekenergy.com\/pt\/wp-json\/wp\/v2\/product_brand?post=6036"},{"taxonomy":"product_cat","embeddable":true,"href":"https:\/\/www.hitekenergy.com\/pt\/wp-json\/wp\/v2\/product_cat?post=6036"},{"taxonomy":"product_tag","embeddable":true,"href":"https:\/\/www.hitekenergy.com\/pt\/wp-json\/wp\/v2\/product_tag?post=6036"}],"curies":[{"name":"wp","href":"https:\/\/api.w.org\/{rel}","templated":true}]}}